{"id":334389,"date":"2022-06-08T10:06:35","date_gmt":"2024-04-18T06:12:34","guid":{"rendered":"https:\/\/www.moskito.cz\/produkt\/naprawiono-noz-boker-plus-boker-plus-v-42\/"},"modified":"2025-07-16T15:14:48","modified_gmt":"2025-07-16T14:14:48","slug":"naprawiono-noz-boker-plus-boker-plus-v-42","status":"publish","type":"product","link":"https:\/\/www.moskito.cz\/pl\/produkt\/naprawiono-noz-boker-plus-boker-plus-v-42\/","title":{"rendered":"Naprawiono n\u00f3\u017c B\u00f6ker Plus B\u00f6ker Plus V-42"},"content":{"rendered":"<p>Naprawiono n\u00f3\u017c <strong>B\u00f6ker<\/strong> Plus B\u00f6ker Plus V-42.<\/p>\n<p>Brygada Diab\u0142a powsta\u0142a w lipcu 1942 r. Pod oficjaln\u0105 nazw\u0105 1. jednostki specjalnej, \u017co\u0142nierze ameryka\u0144scy i kanadyjscy po\u0142\u0105czyli si\u0119, tworz\u0105c specjaln\u0105 grup\u0119 zadaniow\u0105 przeszkolon\u0105 do walki za liniami wroga. Pocz\u0105tki wielu si\u0142 specjalnych mo\u017cna prze\u015bledzi\u0107 wstecz do tej si\u0142y specjalnej. W zwi\u0105zku z licznymi nocnymi operacjami, podczas kt\u00f3rych dla kamufla\u017cu zas\u0142aniano wszystkie twarze, niemiecki Wehrmacht uku\u0142 przydomek Czarne Diab\u0142y, co \u015bwiadczy\u0142 o wielkim szacunku, jakim darz\u0105 wroga, mimo \u017ce jednostka by\u0142a stosunkowo niewielka. W latach 1943 i 1944 1. SSF pomy\u015blnie przeprowadzi\u0142a wiele operacji we W\u0142oszech i Francji i by\u0142a w stanie wp\u0142yn\u0105\u0107 na wiele wa\u017cnych sytuacji.<\/p>\n<p>Wa\u017cn\u0105 cz\u0119\u015bci\u0105 wyposa\u017cenia Diabelskiej Brygady by\u0142 specjalnie zaprojektowany n\u00f3\u017c bojowy V-42, kt\u00f3ry r\u00f3wnie\u017c by\u0142 cz\u0119\u015bci\u0105 intensywnego szkolenia w walce w zwarciu. R\u0119koje\u015b\u0107 t\u0142oczonych sk\u00f3rzanych kr\u0105\u017ck\u00f3w zako\u0144czona jest spiczastym ko\u0142pakiem udarowym. Gruba sk\u00f3rzana wy\u015bci\u00f3\u0142ka pod lekko zakrzywion\u0105 g\u0142ow\u0105 musia\u0142a zapobiega\u0107 obra\u017ceniom. Obosieczne ostrze wykonane ze stali nierdzewnej SK-85 jest powlekane i posiada falist\u0105 podp\u00f3rk\u0119 pod kciuk w okolicy ricasso. Ten legendarny sztylet do dzi\u015b jest ozdobiony insygniami si\u0142 specjalnych armii ameryka\u0144skiej.<\/p>\n<p>Ten ekskluzywny przedmiot kolekcjonerski zawiera nie tylko klasyczne sk\u00f3rzane etui, ale tak\u017ce replik\u0119 p\u0142\u00f3ciennych insygni\u00f3w jednostki, jak\u0105 jest czerwony grot w\u0142\u00f3czni, oraz reprodukcj\u0119 oryginalnej niemieckiej naklejki z tekstem \u201eNajgorsze dopiero przed nami! &#8221; \u201e. Dodatkowo wy\u015bwietla etykiet\u0119 1. SSF, kt\u00f3re by\u0142y przyklejane do \u015bcian, samochod\u00f3w, drzwi itp. za liniami wroga, aby zdemoralizowa\u0107 wroga. Kolekcjonerski zestaw premium nie tylko dla mi\u0142o\u015bnik\u00f3w historii wojskowo\u015bci!<\/p>\n<p>Typ: Ostrze sta\u0142e<br \/>\nD\u0142ugo\u015b\u0107 ca\u0142kowita: 30,40 cm<br \/>\nD\u0142ugo\u015b\u0107 ostrza: 17,80 cm<br \/>\nGrubo\u015b\u0107 ostrza: 5,00 mm<br \/>\nWaga: 196,00 g<br \/>\nMateria\u0142 ostrza: SK-85<br \/>\nMateria\u0142 r\u0119koje\u015bci: Sk\u00f3ra<br \/>\nKolor br\u0105zowy<br \/>\nKolor ostrza: czarny<br \/>\nMateria\u0142 pow\u0142oki: sk\u00f3ra<br \/>\nNumer artyku\u0142u: 02BO047<\/p>\n<p>&nbsp;<\/p>\n","protected":false},"excerpt":{"rendered":"<p>Sztylet bojowy <strong>V-42<\/strong> zas\u0142yn\u0105\u0142 w s\u0142u\u017cbie sojuszniczej ameryka\u0144sko-kanadyjskiej jednostki Diabelskiej Brygady.<\/p>\n","protected":false},"featured_media":334403,"comment_status":"open","ping_status":"closed","template":"","meta":[],"pwb-brand":[3423],"product_brand":[],"product_cat":[3296,3297],"product_tag":[3671],"class_list":{"0":"post-334389","1":"product","2":"type-product","3":"status-publish","4":"has-post-thumbnail","6":"pwb-brand-bokera","7":"product_cat-noze-pl","8":"product_cat-solidne-noze","9":"product_tag-b2b-pl","11":"first","12":"outofstock","13":"taxable","14":"shipping-taxable","15":"purchasable","16":"product-type-simple"},"brands":[{"id":3423,"name":"Bokera","slug":"bokera"}],"_links":{"self":[{"href":"https:\/\/www.moskito.cz\/pl\/wp-json\/wp\/v2\/product\/334389","targetHints":{"allow":["GET"]}}],"collection":[{"href":"https:\/\/www.moskito.cz\/pl\/wp-json\/wp\/v2\/product"}],"about":[{"href":"https:\/\/www.moskito.cz\/pl\/wp-json\/wp\/v2\/types\/product"}],"replies":[{"embeddable":true,"href":"https:\/\/www.moskito.cz\/pl\/wp-json\/wp\/v2\/comments?post=334389"}],"wp:featuredmedia":[{"embeddable":true,"href":"https:\/\/www.moskito.cz\/pl\/wp-json\/wp\/v2\/media\/334403"}],"wp:attachment":[{"href":"https:\/\/www.moskito.cz\/pl\/wp-json\/wp\/v2\/media?parent=334389"}],"wp:term":[{"taxonomy":"pwb-brand","embeddable":true,"href":"https:\/\/www.moskito.cz\/pl\/wp-json\/wp\/v2\/pwb-brand?post=334389"},{"taxonomy":"product_brand","embeddable":true,"href":"https:\/\/www.moskito.cz\/pl\/wp-json\/wp\/v2\/product_brand?post=334389"},{"taxonomy":"product_cat","embeddable":true,"href":"https:\/\/www.moskito.cz\/pl\/wp-json\/wp\/v2\/product_cat?post=334389"},{"taxonomy":"product_tag","embeddable":true,"href":"https:\/\/www.moskito.cz\/pl\/wp-json\/wp\/v2\/product_tag?post=334389"}],"curies":[{"name":"wp","href":"https:\/\/api.w.org\/{rel}","templated":true}]}}