{"id":334437,"date":"2021-09-22T22:25:23","date_gmt":"2024-04-18T13:35:51","guid":{"rendered":"https:\/\/www.moskito.cz\/produkt\/noz-zamykany-adv-taktyczny-barlow-slipjoint-n690\/"},"modified":"2025-05-07T11:11:59","modified_gmt":"2025-05-07T10:11:59","slug":"noz-zamykany-adv-taktyczny-barlow-slipjoint-n690","status":"publish","type":"product","link":"https:\/\/www.moskito.cz\/pl\/produkt\/noz-zamykany-adv-taktyczny-barlow-slipjoint-n690\/","title":{"rendered":"N\u00f3\u017c zamykany ADV Taktyczny Barlow Slipjoint N690"},"content":{"rendered":"<p>N\u00f3\u017c zamykany <strong>ADV Taktyczny<\/strong> Barlow Slipjoint N690.<\/p>\n<p>Barlow to n\u00f3\u017c typu slip joint autorstwa Andre De Villiersa o profilu w kszta\u0142cie sztyletu. W\u0105skie ostrze spustowe ma d\u0142ugi gw\u00f3\u017ad\u017a u\u0142atwiaj\u0105cy otwieranie i p\u00f3\u0142stop zapewniaj\u0105cy p\u0142ynne zamykanie. Ma niez\u0142\u0105 d\u0142ugo\u015b\u0107 trzech cali, co jest warto\u015bci\u0105 maksymaln\u0105 dozwolon\u0105 w wielu krajach zar\u00f3wno dla no\u017cy z blokad\u0105, jak i bez blokady, co pokazuje, \u017ce zesp\u00f3\u0142 ADV dok\u0142adnie wie, co robi. R\u0119koje\u015b\u0107 ma g\u0142adki kszta\u0142t \u0142ezki z wyd\u0142u\u017con\u0105 os\u0142on\u0105 palc\u00f3w prowadz\u0105c\u0105 do ostrza, dzi\u0119ki czemu n\u00f3\u017c ten jest bardzo \u0142atwy do indeksowania. Wykonany jest ze wzmocnionej stali nierdzewnej z r\u00f3\u017cnymi materia\u0142ami skali oraz mosi\u0119\u017cn\u0105 wk\u0142adk\u0105 i sworzniami. Jest solidny jak ska\u0142a, a jego kontur u\u0142atwia wk\u0142adanie i wyjmowanie z kieszeni. Mo\u017cesz nawet zapomnie\u0107, \u017ce jest to z\u0142\u0105cze przesuwne, poniewa\u017c sprawia wra\u017cenie solidnego w u\u017cyciu i nie wygl\u0105da jak typowy folder bez blokady.<\/p>\n<p>Dane techniczne<br \/>\nD\u0142ugo\u015b\u0107 ostrza: 7,5 cm<br \/>\nD\u0142ugo\u015b\u0107 ca\u0142kowita: 17 cm<br \/>\nMateria\u0142 ostrza: stal nierdzewna N690<br \/>\nStyl ostrza: Drop Point<br \/>\nSzlif ostrza: p\u0142aski<br \/>\nObr\u00f3bka powierzchni ostrza: satyna<br \/>\nMateria\u0142 r\u0119koje\u015bci: wzmocniona stal nierdzewna z hebanowymi \u0142uskami<br \/>\nMateria\u0142 wk\u0142adu: stal nierdzewna<br \/>\nMechanizm blokuj\u0105cy: Slipjoint, Half-Stop<br \/>\nZesp\u00f3\u0142 sworznia: podk\u0142adki<br \/>\nKieszonkowy klips: brak<br \/>\nMateria\u0142 obudowy: obudowa nylonowa<br \/>\nWaga: 2,9 uncji<br \/>\nProjektant: Andre De Villiers<br \/>\nMosi\u0119\u017cna tarcza i szpilki<br \/>\nWyprodukowano w Republice Po\u0142udniowej Afryki<\/p>\n<p>Barlow to smuk\u0142y folder typu slipjoint firmy Andre De Villiers o profilu przypominaj\u0105cym sztylet. Smuk\u0142e ostrze typu drop point ma d\u0142ugie naci\u0119cie u\u0142atwiaj\u0105ce otwieranie i zabezpieczenie Half-stop zapewniaj\u0105ce bezproblemowe zamykanie. To niez\u0142a d\u0142ugo\u015b\u0107 trzech cali, kt\u00f3ra jest maksymaln\u0105 dozwolon\u0105 w wielu lokalizacjach zar\u00f3wno dla ostrzy blokowanych, jak i nieblokuj\u0105cych, co pokazuje, \u017ce ADV dok\u0142adnie wie, co robi. R\u0119koje\u015b\u0107 ma g\u0142adki kszta\u0142t \u0142ezki z rozszerzon\u0105 os\u0142on\u0105 palc\u00f3w prowadz\u0105c\u0105 do ostrza, co sprawia, \u017ce \u200b\u200bn\u00f3\u017c ten jest bardzo \u0142atwy do indeksowania. Wykonany jest ze wzmocnionej stali nierdzewnej z r\u00f3\u017cnymi materia\u0142ami r\u0119koje\u015bci oraz mosi\u0119\u017cn\u0105 wk\u0142adk\u0105 i sworzniami. Jest solidny jak ska\u0142a, a jego kontur pozwala na \u0142atwe wsuwanie i wyjmowanie z kieszeni. Mo\u017cesz nawet zapomnie\u0107, \u017ce jest to z\u0142\u0105cze przesuwne, poniewa\u017c po prostu wydaje si\u0119 solidne podczas u\u017cytkowania i nie wygl\u0105da jak typowy folder bez blokady. ADV Barlow to imponuj\u0105cy, wszechstronny n\u00f3\u017c i to naprawd\u0119 wszystko, co ma do zaoferowania.<\/p>\n<p>Dane techniczne<br \/>\nD\u0142ugo\u015b\u0107 ostrza: 3,00&#8243;<br \/>\nKraw\u0119d\u017a tn\u0105ca: 2,75 cala<br \/>\nD\u0142ugo\u015b\u0107 zamkni\u0119ta: 3,80 cala<br \/>\nD\u0142ugo\u015b\u0107 ca\u0142kowita: 6,80 cala<br \/>\nMateria\u0142 ostrza: stal nierdzewna N690<br \/>\nGrubo\u015b\u0107 ostrza: 0,134 cala<br \/>\nStyl ostrza: Drop Point<br \/>\nSzlif ostrza: p\u0142aski<br \/>\nWyko\u0144czenie ostrza: satynowe<br \/>\nMateria\u0142 r\u0119koje\u015bci: wzmocniona stal nierdzewna ze \u0142uskami z drewna hebanowego<br \/>\nGrubo\u015b\u0107 r\u0119koje\u015bci: 0,51 cala<br \/>\nMateria\u0142 wy\u015bci\u00f3\u0142ki: stal nierdzewna<br \/>\nMechanizm blokuj\u0105cy: Slipjoint, Half-Stop<br \/>\nZesp\u00f3\u0142 obrotowy: Podk\u0142adki<br \/>\nKlips kieszonkowy: brak<br \/>\nMateria\u0142 os\u0142ony: nylonowy woreczek<br \/>\nWaga: 2,9 uncji<br \/>\nProjektant: Andre De Villiers<br \/>\nMosi\u0119\u017cna tarcza i szpilki<br \/>\nWyprodukowano w Republice Po\u0142udniowej Afryki<\/p>\n","protected":false},"excerpt":{"rendered":"<p>Andre de Villiers , za\u0142o\u017cyciel ADV Taktyczny z Republiki Po\u0142udniowej Afryki, jest pe\u0142noetatowym producentem no\u017cy od 1990 roku.<\/p>\n<p><strong>Ten n\u00f3\u017c to Barlow<\/strong> <strong>, jeden musi by\u0107 Tw\u00f3j!<\/strong><\/p>\n","protected":false},"featured_media":334438,"comment_status":"open","ping_status":"closed","template":"","meta":[],"pwb-brand":[3824],"product_brand":[],"product_cat":[3296,3307],"product_tag":[],"class_list":{"0":"post-334437","1":"product","2":"type-product","3":"status-publish","4":"has-post-thumbnail","6":"pwb-brand-andre-de-villiersa","7":"product_cat-noze-pl","8":"product_cat-zamykanie-nozy","10":"first","11":"outofstock","12":"taxable","13":"shipping-taxable","14":"purchasable","15":"product-type-simple"},"brands":[{"id":3824,"name":"Andre De Villiersa","slug":"andre-de-villiersa"}],"_links":{"self":[{"href":"https:\/\/www.moskito.cz\/pl\/wp-json\/wp\/v2\/product\/334437","targetHints":{"allow":["GET"]}}],"collection":[{"href":"https:\/\/www.moskito.cz\/pl\/wp-json\/wp\/v2\/product"}],"about":[{"href":"https:\/\/www.moskito.cz\/pl\/wp-json\/wp\/v2\/types\/product"}],"replies":[{"embeddable":true,"href":"https:\/\/www.moskito.cz\/pl\/wp-json\/wp\/v2\/comments?post=334437"}],"wp:featuredmedia":[{"embeddable":true,"href":"https:\/\/www.moskito.cz\/pl\/wp-json\/wp\/v2\/media\/334438"}],"wp:attachment":[{"href":"https:\/\/www.moskito.cz\/pl\/wp-json\/wp\/v2\/media?parent=334437"}],"wp:term":[{"taxonomy":"pwb-brand","embeddable":true,"href":"https:\/\/www.moskito.cz\/pl\/wp-json\/wp\/v2\/pwb-brand?post=334437"},{"taxonomy":"product_brand","embeddable":true,"href":"https:\/\/www.moskito.cz\/pl\/wp-json\/wp\/v2\/product_brand?post=334437"},{"taxonomy":"product_cat","embeddable":true,"href":"https:\/\/www.moskito.cz\/pl\/wp-json\/wp\/v2\/product_cat?post=334437"},{"taxonomy":"product_tag","embeddable":true,"href":"https:\/\/www.moskito.cz\/pl\/wp-json\/wp\/v2\/product_tag?post=334437"}],"curies":[{"name":"wp","href":"https:\/\/api.w.org\/{rel}","templated":true}]}}