{"id":334444,"date":"2021-09-28T11:04:40","date_gmt":"2024-04-18T13:35:55","guid":{"rendered":"https:\/\/www.moskito.cz\/produkt\/noz-zamykajacy-sog-flare\/"},"modified":"2025-05-07T11:11:59","modified_gmt":"2025-05-07T10:11:59","slug":"noz-zamykajacy-sog-flare","status":"publish","type":"product","link":"https:\/\/www.moskito.cz\/pl\/produkt\/noz-zamykajacy-sog-flare\/","title":{"rendered":"N\u00f3\u017c zamykaj\u0105cy SOG FLARE"},"content":{"rendered":"<p>Nasza historia zaczyna si\u0119 w Wietnamie, gdzie cz\u0142onkowie \u015bci\u015ble tajnych ameryka\u0144skich si\u0142 specjalnych \u2013 znanych jako MACV \u2013 <strong>SOG<\/strong> \u2013 podczas tajnych misji zabierali do d\u017cungli wyj\u0105tkowy tajny n\u00f3\u017c. Kilka lat p\u00f3\u017aniej, w 1986 roku, n\u00f3\u017c ten zainspirowa\u0142 m\u0142odego projektanta Spencera Frazera do za\u0142o\u017cenia no\u017cy specjalnych <strong>SOG<\/strong> . Jego misja: odtworzenie oryginalnego no\u017ca <strong>SOG<\/strong> Bowie i z\u0142o\u017cenie ho\u0142du jednostce operacji specjalnych, kt\u00f3ra go stworzy\u0142a. To, co zacz\u0119\u0142o si\u0119 jako pojedynczy model pami\u0105tkowy, szybko przekszta\u0142ci\u0142o si\u0119 w ca\u0142\u0105 lini\u0119 innowacyjnych narz\u0119dzi \u2013 sprawdzonych przez ameryka\u0144skie si\u0142y specjalne, a nawet nagrodzonych jako ulubiony n\u00f3\u017c Navy SEAL. Dzi\u015b no\u017ce SOG \u015bmia\u0142o mo\u017cna nosi\u0107 w najbardziej wymagaj\u0105cych sytuacjach. Wykute z tradycji, zatwardzia\u0142e w polu, z\u0142o\u017cone dla Ciebie.<\/p>\n<p>Niezale\u017cnie od tego, czy chronisz innych, prowadzisz epick\u0105 wypraw\u0119 my\u015bliwsk\u0105, stawiasz czo\u0142a codziennym wyzwaniom \u017cycia, czy te\u017c stawiasz czo\u0142a najbardziej ekstremalnym warunkom, jakie kiedykolwiek stworzy\u0142e\u015b, pokonaj <strong>SOG<\/strong> .<\/p>\n<p>N\u00f3\u017c zamykaj\u0105cy <strong>SOG<\/strong> FLARE.<\/p>\n<p>Je\u015bli szukasz \u015bwietnego no\u017ca sk\u0142adanego, nie szukaj dalej ni\u017c Flare Assistant. Dzi\u0119ki naszemu opatentowanemu systemowi otwierania SOG Assisted Technology (SAT) Flara otwiera si\u0119 pewnie. Lekka, ale mocna r\u0119koje\u015b\u0107 z nylonu wzmocnionego w\u0142\u00f3knem szklanym (GRN) i zatrzaskowe ostrze zapewniaj\u0105 trwa\u0142o\u015b\u0107 i wszechstronno\u015b\u0107. Flara jest bardzo smuk\u0142a i posiada r\u00f3wnie\u017c nasz charakterystyczny dwustronny klips do kieszeni, dzi\u0119ki czemu mo\u017cna j\u0105 bezpiecznie nosi\u0107 w dowolnym miejscu.<\/p>\n<p>D\u0141UGO\u015a\u0106 OSTRZA: 8,5 cm<br \/>\nTYP PRODUKTU : N\u00f3\u017c sk\u0142adany<br \/>\nTYP KLAMRY PASKA: Sta\u0142a<br \/>\nWYKO\u0143CZENIA: Polerowana satyna<br \/>\nTYP KRAW\u0118DZI: Prosta<br \/>\nKSZTA\u0141T OSTRZA: Punkt zaciskowy<br \/>\nTWARDO\u015a\u0106: RC 54-58<br \/>\nKOLOR UCHWYTU: Czarny<\/p>\n<p><iframe title=\"SOG Flare\" width=\"800\" height=\"450\" src=\"https:\/\/www.youtube.com\/embed\/sN9VjcMTNFg?feature=oembed\" frameborder=\"0\" allow=\"accelerometer; autoplay; clipboard-write; encrypted-media; gyroscope; picture-in-picture; web-share\" referrerpolicy=\"strict-origin-when-cross-origin\" allowfullscreen><\/iframe><\/p>\n<p>&nbsp;<\/p>\n<p>Je\u015bli szukasz \u015bwietnego no\u017ca sk\u0142adanego, nie szukaj dalej ni\u017c Flare Assist. Wyposa\u017cony w nasz opatentowany system otwierania SOG Assisted Technology (SAT), Flara otwiera si\u0119 pewnie. Lekka, ale mocna r\u0119koje\u015b\u0107 z nylonu wzmocnionego w\u0142\u00f3knem szklanym (GRN) i ostrze typu Clip Point zapewniaj\u0105 trwa\u0142o\u015b\u0107 i wszechstronno\u015b\u0107. Flara jest bardzo smuk\u0142a i zawiera r\u00f3wnie\u017c nasz charakterystyczny, dwustronny klips kieszonkowy, dzi\u0119ki czemu mo\u017cesz j\u0105 nosi\u0107 wsz\u0119dzie bez obaw.<\/p>\n<p>&nbsp;<\/p>\n","protected":false},"excerpt":{"rendered":"<p>Niezale\u017cnie od tego, czy chronisz innych, prowadzisz epick\u0105 wypraw\u0119 my\u015bliwsk\u0105, stawiasz czo\u0142a codziennym wyzwaniom \u017cycia, czy te\u017c stawiasz czo\u0142a najbardziej ekstremalnym warunkom, jakie kiedykolwiek stworzy\u0142e\u015b, pokonaj <strong>SOG<\/strong> .<\/p>\n<p><strong>Na wszystkie no\u017ce SOG udzielamy do\u017cywotniej gwarancji!<\/strong><\/p>\n","protected":false},"featured_media":334445,"comment_status":"open","ping_status":"closed","template":"","meta":[],"pwb-brand":[3606],"product_brand":[],"product_cat":[3296,3307],"product_tag":[3671],"class_list":{"0":"post-334444","1":"product","2":"type-product","3":"status-publish","4":"has-post-thumbnail","6":"pwb-brand-sog-pl","7":"product_cat-noze-pl","8":"product_cat-zamykanie-nozy","9":"product_tag-b2b-pl","11":"first","12":"instock","13":"taxable","14":"shipping-taxable","15":"purchasable","16":"product-type-simple"},"brands":[{"id":3606,"name":"SOG","slug":"sog-pl"}],"_links":{"self":[{"href":"https:\/\/www.moskito.cz\/pl\/wp-json\/wp\/v2\/product\/334444","targetHints":{"allow":["GET"]}}],"collection":[{"href":"https:\/\/www.moskito.cz\/pl\/wp-json\/wp\/v2\/product"}],"about":[{"href":"https:\/\/www.moskito.cz\/pl\/wp-json\/wp\/v2\/types\/product"}],"replies":[{"embeddable":true,"href":"https:\/\/www.moskito.cz\/pl\/wp-json\/wp\/v2\/comments?post=334444"}],"wp:featuredmedia":[{"embeddable":true,"href":"https:\/\/www.moskito.cz\/pl\/wp-json\/wp\/v2\/media\/334445"}],"wp:attachment":[{"href":"https:\/\/www.moskito.cz\/pl\/wp-json\/wp\/v2\/media?parent=334444"}],"wp:term":[{"taxonomy":"pwb-brand","embeddable":true,"href":"https:\/\/www.moskito.cz\/pl\/wp-json\/wp\/v2\/pwb-brand?post=334444"},{"taxonomy":"product_brand","embeddable":true,"href":"https:\/\/www.moskito.cz\/pl\/wp-json\/wp\/v2\/product_brand?post=334444"},{"taxonomy":"product_cat","embeddable":true,"href":"https:\/\/www.moskito.cz\/pl\/wp-json\/wp\/v2\/product_cat?post=334444"},{"taxonomy":"product_tag","embeddable":true,"href":"https:\/\/www.moskito.cz\/pl\/wp-json\/wp\/v2\/product_tag?post=334444"}],"curies":[{"name":"wp","href":"https:\/\/api.w.org\/{rel}","templated":true}]}}