{"id":334473,"date":"2022-02-20T11:07:20","date_gmt":"2024-04-18T13:57:25","guid":{"rendered":"https:\/\/www.moskito.cz\/produkt\/noz-zamykajacy-sog-seal-xr-wyprodukowany-w-usa\/"},"modified":"2025-05-07T11:12:00","modified_gmt":"2025-05-07T10:12:00","slug":"noz-zamykajacy-sog-seal-xr-wyprodukowany-w-usa","status":"publish","type":"product","link":"https:\/\/www.moskito.cz\/pl\/produkt\/noz-zamykajacy-sog-seal-xr-wyprodukowany-w-usa\/","title":{"rendered":"N\u00f3\u017c zamykaj\u0105cy SOG SEAL XR WYPRODUKOWANY W USA"},"content":{"rendered":"<p>Nasza historia zaczyna si\u0119 w Wietnamie, gdzie cz\u0142onkowie \u015bci\u015ble tajnych ameryka\u0144skich si\u0142 specjalnych \u2013 znanych jako MACV \u2013 <strong>SOG<\/strong> \u2013 podczas tajnych misji zabierali do d\u017cungli wyj\u0105tkowy tajny n\u00f3\u017c. Wiele lat p\u00f3\u017aniej, w 1986 roku, n\u00f3\u017c ten zainspirowa\u0142 m\u0142odego projektanta Spencera Frazera do za\u0142o\u017cenia no\u017cy specjalnych SOG. Jego misja: odtworzenie oryginalnego no\u017ca <strong>SOG<\/strong> Bowie i z\u0142o\u017cenie ho\u0142du jednostce operacji specjalnych, kt\u00f3ra go stworzy\u0142a. To, co zacz\u0119\u0142o si\u0119 jako pojedynczy model pami\u0105tkowy, szybko przekszta\u0142ci\u0142o si\u0119 w ca\u0142\u0105 lini\u0119 innowacyjnych narz\u0119dzi \u2013 sprawdzonych przez ameryka\u0144skie si\u0142y specjalne, a nawet nagrodzonych jako ulubiony n\u00f3\u017c Navy SEAL. Dzi\u015b no\u017ce SOG \u015bmia\u0142o mo\u017cna nosi\u0107 w najbardziej wymagaj\u0105cych sytuacjach. Wykute z tradycji, zatwardzia\u0142e w polu, z\u0142o\u017cone dla Ciebie.<\/p>\n<p>Niezale\u017cnie od tego, czy chronisz innych, prowadzisz epick\u0105 wypraw\u0119 my\u015bliwsk\u0105, stawiasz czo\u0142a codziennym wyzwaniom \u017cycia, czy te\u017c stawiasz czo\u0142a najbardziej ekstremalnym warunkom, jakie kiedykolwiek stworzy\u0142e\u015b, pokonaj <strong>SOG<\/strong> .<\/p>\n<p>N\u00f3\u017c zamykaj\u0105cy <strong>SOG SEAL XR WYPRODUKOWANY W USA<\/strong> .<\/p>\n<p>N\u00f3\u017c zamykaj\u0105cy wyprodukowany wy\u0142\u0105cznie w USA. Zaprojektowane i zoptymalizowane w porozumieniu z profesjonalnymi u\u017cytkownikami. SEAL XR zapewnia wygod\u0119 i funkcjonalno\u015b\u0107 no\u017ca SEAL w postaci wielkoformatowego scyzoryka. Wykonany ze stali GRN i S35VN, SEAL XR to wyj\u0105tkowo trwa\u0142y n\u00f3\u017c o wysokiej odporno\u015bci na korozj\u0119 i zachowaniu kraw\u0119dzi. W pe\u0142ni odwracalna konstrukcja, SEAL XR zamyka si\u0119 za pomoc\u0105 bezpiecznego zamka XR. Jeden z najlepszych no\u017cy taktycznych na rynku.<\/p>\n<p>W sytuacjach \u017cycia lub \u015bmierci SEAL XR przydaje si\u0119. Zosta\u0142 opracowany, przetestowany i udoskonalony przez profesjonalnych operator\u00f3w w najbardziej niego\u015bcinnych i niebezpiecznych bazach na ca\u0142ym \u015bwiecie.<\/p>\n<p>N\u00f3\u017c wielkoformatowy dla profesjonalnych u\u017cytkownik\u00f3w. Charakteryzuje si\u0119 szybkim obustronnym otwieraniem, blokad\u0105 uchwytu GRN i ameryka\u0144sk\u0105 stal\u0105 S35VN.<\/p>\n<p>Projekt ambidexterowy<br \/>\nP\u0142ynne i szybkie otwieranie jedn\u0105 r\u0119k\u0105 dowoln\u0105 r\u0119k\u0105, z trzema metodami otwierania: otworem na kciuk, blokad\u0105 XR i kopni\u0119ciem.<\/p>\n<p>BLOKADA XR<br \/>\nNiezawodny i mocny, wytrzymuj\u0105cy si\u0142\u0119 do 1500 funt\u00f3w, zapewnia maksymalne bezpiecze\u0144stwo wbudowanego ostrza podczas otwierania, zapewniaj\u0105c, \u017ce otwiera si\u0119 tylko wtedy, gdy jest to zamierzone.<\/p>\n<p>STAL S35VN<br \/>\nCPM-S35VN to stal wyprodukowana w USA, kt\u00f3ra oferuje zwi\u0119kszon\u0105 wytrzyma\u0142o\u015b\u0107, lepsze trzymanie ostrza, zwi\u0119kszon\u0105 odporno\u015b\u0107 na zu\u017cycie i p\u0119kanie ostrza przy jednoczesnym zachowaniu \u0142atwo\u015bci ostrzenia.<\/p>\n<p>D\u0141UGO\u015a\u0106 PO ZAMKNI\u0118CIU: 13,3 cm<br \/>\nGRAWEROWALNE: Tak<br \/>\nD\u0141UGO\u015a\u0106 OSTRZA: 9,8 cm<br \/>\nKRAJ POCHODZENIA: USA<br \/>\nMECHANIZM BLOKUJ\u0104CY: XR<br \/>\nMECHANIZM OTWARCIA: XR, otw\u00f3r na kciuk, kopni\u0119cie<br \/>\nTYP ZACISKA DO PASKA: Dwustronny, o niskim no\u015bno\u015bci<br \/>\nWYKO\u0143CZENIA: Czarny Cerakote<br \/>\nTYP KRAW\u0118DZI: Cz\u0119\u015bciowo z\u0105bkowana<br \/>\nTYP OSTRZA STALOWEGO: S35VN<br \/>\nTWARDO\u015a\u0106: Rc. 59-61<br \/>\nMATERIA\u0141 UCHWYTU: Nylon wzmocniony szk\u0142em<br \/>\nKOLOR UCHWYTU: Czarny<\/p>\n<p><iframe title=\"Seal XR\" width=\"800\" height=\"450\" src=\"https:\/\/www.youtube.com\/embed\/In0_XwMsm8M?feature=oembed\" frameborder=\"0\" allow=\"accelerometer; autoplay; clipboard-write; encrypted-media; gyroscope; picture-in-picture; web-share\" referrerpolicy=\"strict-origin-when-cross-origin\" allowfullscreen><\/iframe><\/p>\n<p>&nbsp;<\/p>\n","protected":false},"excerpt":{"rendered":"<p>Niezale\u017cnie od tego, czy chronisz innych, prowadzisz epick\u0105 wypraw\u0119 my\u015bliwsk\u0105, stawiasz czo\u0142a codziennym wyzwaniom \u017cycia, czy te\u017c stawiasz czo\u0142a najbardziej ekstremalnym warunkom, jakie kiedykolwiek stworzy\u0142e\u015b, pokonaj <strong>SOG<\/strong> .<\/p>\n<p><strong>Na wszystkie no\u017ce SOG udzielamy do\u017cywotniej gwarancji!<\/strong><\/p>\n<p><strong>Bezp\u0142atny transport.<\/strong><\/p>\n","protected":false},"featured_media":334474,"comment_status":"open","ping_status":"closed","template":"","meta":[],"pwb-brand":[3606],"product_brand":[],"product_cat":[3296,3307],"product_tag":[3671],"class_list":{"0":"post-334473","1":"product","2":"type-product","3":"status-publish","4":"has-post-thumbnail","6":"pwb-brand-sog-pl","7":"product_cat-noze-pl","8":"product_cat-zamykanie-nozy","9":"product_tag-b2b-pl","11":"first","12":"instock","13":"taxable","14":"shipping-taxable","15":"purchasable","16":"product-type-simple"},"brands":[{"id":3606,"name":"SOG","slug":"sog-pl"}],"_links":{"self":[{"href":"https:\/\/www.moskito.cz\/pl\/wp-json\/wp\/v2\/product\/334473","targetHints":{"allow":["GET"]}}],"collection":[{"href":"https:\/\/www.moskito.cz\/pl\/wp-json\/wp\/v2\/product"}],"about":[{"href":"https:\/\/www.moskito.cz\/pl\/wp-json\/wp\/v2\/types\/product"}],"replies":[{"embeddable":true,"href":"https:\/\/www.moskito.cz\/pl\/wp-json\/wp\/v2\/comments?post=334473"}],"wp:featuredmedia":[{"embeddable":true,"href":"https:\/\/www.moskito.cz\/pl\/wp-json\/wp\/v2\/media\/334474"}],"wp:attachment":[{"href":"https:\/\/www.moskito.cz\/pl\/wp-json\/wp\/v2\/media?parent=334473"}],"wp:term":[{"taxonomy":"pwb-brand","embeddable":true,"href":"https:\/\/www.moskito.cz\/pl\/wp-json\/wp\/v2\/pwb-brand?post=334473"},{"taxonomy":"product_brand","embeddable":true,"href":"https:\/\/www.moskito.cz\/pl\/wp-json\/wp\/v2\/product_brand?post=334473"},{"taxonomy":"product_cat","embeddable":true,"href":"https:\/\/www.moskito.cz\/pl\/wp-json\/wp\/v2\/product_cat?post=334473"},{"taxonomy":"product_tag","embeddable":true,"href":"https:\/\/www.moskito.cz\/pl\/wp-json\/wp\/v2\/product_tag?post=334473"}],"curies":[{"name":"wp","href":"https:\/\/api.w.org\/{rel}","templated":true}]}}