{"id":334608,"date":"2023-04-02T17:17:51","date_gmt":"2024-04-18T14:07:56","guid":{"rendered":"https:\/\/www.moskito.cz\/produkt\/noz-zamykajacy-sog-key-noz-czarny-specyfikacja-techniczna\/"},"modified":"2025-05-07T11:12:01","modified_gmt":"2025-05-07T10:12:01","slug":"noz-zamykajacy-sog-key-noz-czarny-specyfikacja-techniczna","status":"publish","type":"product","link":"https:\/\/www.moskito.cz\/pl\/produkt\/noz-zamykajacy-sog-key-noz-czarny-specyfikacja-techniczna\/","title":{"rendered":"N\u00f3\u017c zamykaj\u0105cy SOG KEY N\u00d3\u017b CZARNY SPECYFIKACJA TECHNICZNA"},"content":{"rendered":"<p>N\u00f3\u017c zamykaj\u0105cy <strong>SOG<\/strong> KEY N\u00d3\u017b CZARNY SPECYFIKACJA TECHNICZNA<\/p>\n<p>M\u00f3wi\u0105, \u017ce najlepszy scyzoryk to ten, kt\u00f3ry nosisz! Zawsze b\u0105d\u017a przygotowany na nowy n\u00f3\u017c Key. To pierwsza tego typu blokada. Otw\u00f3rz swoj\u0105 \u015bwiadomo\u015b\u0107. Uwielbiamy to, \u017ce czasami \u017ca\u0142ujemy, \u017ce nie mamy scyzoryka, \u017ceby oczy\u015bci\u0107 palce, przeci\u0105\u0107 lin\u0119, otworzy\u0107 pude\u0142ko, przeci\u0105\u0107 nitk\u0119. Teraz tak robimy, zawsze. Nasz nowy n\u00f3\u017c do kluczy mo\u017ce uratowa\u0107 sytuacj\u0119, je\u015bli oczywi\u015bcie nie zamkniesz go w baga\u017cniku.<\/p>\n<p>Opis:<\/p>\n<p>Materia\u0142 ostrza: 5Cr13MoV<br \/>\nMateria\u0142 uchwytu: stal nierdzewna<br \/>\nBezpiecze\u0144stwo: blokada<br \/>\nD\u0142ugo\u015b\u0107 ostrza: 3,8 cm<br \/>\nD\u0142ugo\u015b\u0107 ca\u0142kowita: 10,2 cm<br \/>\nGrubo\u015b\u0107 ostrza: 2,5 mm<br \/>\nWaga: 19,8 g<\/p>\n","protected":false},"excerpt":{"rendered":"<p><strong>N\u00f3\u017c blokuj\u0105cy do kluczy z r\u0105czk\u0105 w kszta\u0142cie i rozmiarze zwyk\u0142ego klucza domowego.  <\/strong><\/p>\n","protected":false},"featured_media":334613,"comment_status":"open","ping_status":"closed","template":"","meta":[],"pwb-brand":[3606],"product_brand":[],"product_cat":[3296,3307],"product_tag":[3671],"class_list":{"0":"post-334608","1":"product","2":"type-product","3":"status-publish","4":"has-post-thumbnail","6":"pwb-brand-sog-pl","7":"product_cat-noze-pl","8":"product_cat-zamykanie-nozy","9":"product_tag-b2b-pl","11":"first","12":"outofstock","13":"taxable","14":"shipping-taxable","15":"purchasable","16":"product-type-simple"},"brands":[{"id":3606,"name":"SOG","slug":"sog-pl"}],"_links":{"self":[{"href":"https:\/\/www.moskito.cz\/pl\/wp-json\/wp\/v2\/product\/334608","targetHints":{"allow":["GET"]}}],"collection":[{"href":"https:\/\/www.moskito.cz\/pl\/wp-json\/wp\/v2\/product"}],"about":[{"href":"https:\/\/www.moskito.cz\/pl\/wp-json\/wp\/v2\/types\/product"}],"replies":[{"embeddable":true,"href":"https:\/\/www.moskito.cz\/pl\/wp-json\/wp\/v2\/comments?post=334608"}],"wp:featuredmedia":[{"embeddable":true,"href":"https:\/\/www.moskito.cz\/pl\/wp-json\/wp\/v2\/media\/334613"}],"wp:attachment":[{"href":"https:\/\/www.moskito.cz\/pl\/wp-json\/wp\/v2\/media?parent=334608"}],"wp:term":[{"taxonomy":"pwb-brand","embeddable":true,"href":"https:\/\/www.moskito.cz\/pl\/wp-json\/wp\/v2\/pwb-brand?post=334608"},{"taxonomy":"product_brand","embeddable":true,"href":"https:\/\/www.moskito.cz\/pl\/wp-json\/wp\/v2\/product_brand?post=334608"},{"taxonomy":"product_cat","embeddable":true,"href":"https:\/\/www.moskito.cz\/pl\/wp-json\/wp\/v2\/product_cat?post=334608"},{"taxonomy":"product_tag","embeddable":true,"href":"https:\/\/www.moskito.cz\/pl\/wp-json\/wp\/v2\/product_tag?post=334608"}],"curies":[{"name":"wp","href":"https:\/\/api.w.org\/{rel}","templated":true}]}}