{"id":334651,"date":"2022-04-26T21:34:21","date_gmt":"2024-04-18T14:40:12","guid":{"rendered":"https:\/\/www.moskito.cz\/produkt\/solidny-noz-sog-gambit\/"},"modified":"2025-05-07T11:12:05","modified_gmt":"2025-05-07T10:12:05","slug":"solidny-noz-sog-gambit","status":"publish","type":"product","link":"https:\/\/www.moskito.cz\/pl\/produkt\/solidny-noz-sog-gambit\/","title":{"rendered":"Solidny n\u00f3\u017c SOG GAMBIT"},"content":{"rendered":"<p>Solidny n\u00f3\u017c <strong>SOG<\/strong> GAMBIT.<\/p>\n<p>Solidne ostrze zaprojektowane do wielu zastosowa\u0144, w tym do ochrony osobistej, zada\u0144 u\u017cytkowych i nie tylko, SOG Gambit jest zbudowany tak, aby dzia\u0142a\u0142 w ka\u017cdych okoliczno\u015bciach. Unikalny ergonomiczny uchwyt, kt\u00f3ry jest wygodny zar\u00f3wno w przypadku trzymania do przodu, jak i do ty\u0142u, jest utrzymywany przez konstrukcj\u0119 pe\u0142nego ostrza, co zapewnia dodatkow\u0105 wytrzyma\u0142o\u015b\u0107. Zakrzywione 2,6-calowe ostrze przypominaj\u0105ce pazury oferuje dodatkowe mo\u017cliwo\u015bci zahaczania, rozrywania i rozdzierania. Gambit jest wyposa\u017cony w solidn\u0105 nylonow\u0105 obudow\u0119 u\u0142atwiaj\u0105c\u0105 przenoszenie. Historycznie rzecz bior\u0105c, ten styl ostrza by\u0142 przeznaczony do samoobrony i zastosowa\u0144 rolniczych. Chocia\u017c nadal jest u\u017cywany do tych cel\u00f3w, \u015bwietnie nadaje si\u0119 r\u00f3wnie\u017c do u\u017cytku na zewn\u0105trz.<\/p>\n<p>Solidna, formowana nylonowa kabura z klipsem na pasek\/buty, punktami mocowania paska i smycz\u0105 zapewniaj\u0105c\u0105 wiele mo\u017cliwo\u015bci noszenia.<\/p>\n<p>Wszechstronne zastosowanie, w tym ochrona osobista, przydatne zadania i wiele wi\u0119cej<\/p>\n<p>D\u0142ugo\u015b\u0107 ca\u0142kowita: 185 mm, Waga: 79 g. D\u0142ugo\u015b\u0107 ostrza: 66 mm<\/p>\n<p>&nbsp;<\/p>\n","protected":false},"excerpt":{"rendered":"<p>Niezale\u017cnie od tego, czy chronisz innych, prowadzisz epick\u0105 wypraw\u0119 my\u015bliwsk\u0105, stawiasz czo\u0142a codziennym wyzwaniom \u017cycia, czy te\u017c stawiasz czo\u0142a najbardziej ekstremalnym warunkom, jakie kiedykolwiek stworzy\u0142e\u015b, pokonaj <strong>SOG<\/strong> .<\/p>\n<p><strong>Na wszystkie no\u017ce SOG udzielamy do\u017cywotniej gwarancji!<\/strong><\/p>\n","protected":false},"featured_media":334652,"comment_status":"open","ping_status":"closed","template":"","meta":[],"pwb-brand":[3606],"product_brand":[],"product_cat":[3296,3297],"product_tag":[3671],"class_list":{"0":"post-334651","1":"product","2":"type-product","3":"status-publish","4":"has-post-thumbnail","6":"pwb-brand-sog-pl","7":"product_cat-noze-pl","8":"product_cat-solidne-noze","9":"product_tag-b2b-pl","11":"first","12":"outofstock","13":"taxable","14":"shipping-taxable","15":"purchasable","16":"product-type-simple"},"brands":[{"id":3606,"name":"SOG","slug":"sog-pl"}],"_links":{"self":[{"href":"https:\/\/www.moskito.cz\/pl\/wp-json\/wp\/v2\/product\/334651","targetHints":{"allow":["GET"]}}],"collection":[{"href":"https:\/\/www.moskito.cz\/pl\/wp-json\/wp\/v2\/product"}],"about":[{"href":"https:\/\/www.moskito.cz\/pl\/wp-json\/wp\/v2\/types\/product"}],"replies":[{"embeddable":true,"href":"https:\/\/www.moskito.cz\/pl\/wp-json\/wp\/v2\/comments?post=334651"}],"wp:featuredmedia":[{"embeddable":true,"href":"https:\/\/www.moskito.cz\/pl\/wp-json\/wp\/v2\/media\/334652"}],"wp:attachment":[{"href":"https:\/\/www.moskito.cz\/pl\/wp-json\/wp\/v2\/media?parent=334651"}],"wp:term":[{"taxonomy":"pwb-brand","embeddable":true,"href":"https:\/\/www.moskito.cz\/pl\/wp-json\/wp\/v2\/pwb-brand?post=334651"},{"taxonomy":"product_brand","embeddable":true,"href":"https:\/\/www.moskito.cz\/pl\/wp-json\/wp\/v2\/product_brand?post=334651"},{"taxonomy":"product_cat","embeddable":true,"href":"https:\/\/www.moskito.cz\/pl\/wp-json\/wp\/v2\/product_cat?post=334651"},{"taxonomy":"product_tag","embeddable":true,"href":"https:\/\/www.moskito.cz\/pl\/wp-json\/wp\/v2\/product_tag?post=334651"}],"curies":[{"name":"wp","href":"https:\/\/api.w.org\/{rel}","templated":true}]}}