{"id":334712,"date":"2023-03-13T23:43:51","date_gmt":"2023-03-13T22:43:51","guid":{"rendered":"https:\/\/www.moskito.cz\/produkt\/solidny-noz-sog-tellus-fx-olive-drab\/"},"modified":"2025-05-07T11:12:06","modified_gmt":"2025-05-07T10:12:06","slug":"solidny-noz-sog-tellus-fx-olive-drab","status":"publish","type":"product","link":"https:\/\/www.moskito.cz\/pl\/produkt\/solidny-noz-sog-tellus-fx-olive-drab\/","title":{"rendered":"Solidny n\u00f3\u017c SOG TELLUS FX OLIVE DRAB"},"content":{"rendered":"<p>Solidny n\u00f3\u017c <strong>SOG<\/strong> TELLUS FX OLIVE DRAB<\/p>\n<p>Pe\u0142ne ostrze CYRO 440C z szerokim ramieniem stanowi kr\u0119gos\u0142up tego pot\u0119\u017cnego no\u017ca. R\u0119koje\u015b\u0107 GRN jest \u0142atwa w obs\u0142udze i nadaje si\u0119 do szerokiego zakresu zada\u0144 zwi\u0105zanych z bushcraftem, nawet gdy jest mokra. Pochwa zapewnia elastyczno\u015b\u0107 w zakresie sposobu i miejsca bezpiecznego noszenia no\u017ca. Zawiera regulowan\u0105 obudow\u0119 kompatybiln\u0105 z UMS.<\/p>\n<p><strong>W domu, w lesie lub na polu<\/strong><br \/>\nPe\u0142nowymiarowy Tellus FX to wysokiej jako\u015bci i niezawodny n\u00f3\u017c ze sta\u0142ym ostrzem.<\/p>\n<p><strong>SOLIDNE OSTRZE W ROZS\u0104DNEJ CENIE<\/strong><br \/>\nOstrze ze stali nierdzewnej CYRO 440C z r\u0119koje\u015bci\u0105 GRN i pochw\u0105 UMS uzupe\u0142nia cechy tego bardzo wydajnego no\u017ca ze sta\u0142ym ostrzem.<\/p>\n<p><strong>CYRO 440C NIERDZEWNA<\/strong><br \/>\nStal nierdzewna CRYO 440C stanowi idealne po\u0142\u0105czenie doskona\u0142ej odporno\u015bci na korozj\u0119 i zu\u017cycie wymaganej w przypadku no\u017ca przeznaczonego do trudnych zastosowa\u0144 na zewn\u0105trz. Wyko\u0144czenie Stonewashed zapewnia zwi\u0119kszon\u0105 odporno\u015b\u0107 na korozj\u0119 i ukrywa zadrapania, dzi\u0119ki czemu n\u00f3\u017c wygl\u0105da \u015bwietnie.<\/p>\n<p><strong>UCHWYT GRN<\/strong><br \/>\nNylon jest popularnym materia\u0142em na r\u0119koje\u015bci no\u017cy ze wzgl\u0119du na jego wytrzyma\u0142o\u015b\u0107, odporno\u015b\u0107 na uderzenia, oboj\u0119tno\u015b\u0107 chemiczn\u0105 i stabilno\u015b\u0107 w wysokich temperaturach. Wszystkie te w\u0142a\u015bciwo\u015bci zosta\u0142y ulepszone w Tellus FX poprzez dodanie w\u0142\u00f3kien szklanych do nylonu, aby stworzy\u0107 nowy i jeszcze trwalszy materia\u0142, nylon wzmocniony w\u0142\u00f3knem szklanym (GRN).<\/p>\n<p><strong>OBUDOWA KOMPATYBILNA Z UMS<\/strong><br \/>\nPokrowiec zawiera najlepsze cz\u0119\u015bci uniwersalnego systemu mocowania SOG, umo\u017cliwiaj\u0105c bezpieczne i dostosowane do indywidualnych potrzeb noszenie podczas szerokiej gamy przyg\u00f3d na \u015bwie\u017cym powietrzu.<\/p>\n<p>STAL: CRYO 440 (9Cr18MoV)<br \/>\nMATERIA\u0141 OBUDOWY: PP<br \/>\nWAGA: 191 g<br \/>\nKolor pomara\u0144czowy<br \/>\nD\u0141UGO\u015a\u0106 OSTRZA: 10,8 cm<br \/>\nROZMIAR CA\u0141KOWITY: 22,9 cm<br \/>\nMATERIA\u0141 UCHWYTU: GRN<br \/>\nGRUBO\u015a\u0106 OSTRZA: 3,8 mm<\/p>\n<p>&nbsp;<\/p>\n","protected":false},"excerpt":{"rendered":"<p><strong>Tellus FX \u2013 n\u00f3\u017c z solidnym ostrzem i g\u0142adk\u0105 kraw\u0119dzi\u0105. Najlepszy n\u00f3\u017c do pracy w trudnych warunkach. Mo\u017cna znale\u017a\u0107 jego zastosowanie w przyrodzie.<\/strong><\/p>\n","protected":false},"featured_media":334713,"comment_status":"open","ping_status":"closed","template":"","meta":[],"pwb-brand":[3606],"product_brand":[],"product_cat":[3297,3296],"product_tag":[3671],"class_list":{"0":"post-334712","1":"product","2":"type-product","3":"status-publish","4":"has-post-thumbnail","6":"pwb-brand-sog-pl","7":"product_cat-solidne-noze","8":"product_cat-noze-pl","9":"product_tag-b2b-pl","11":"first","12":"instock","13":"taxable","14":"shipping-taxable","15":"purchasable","16":"product-type-simple"},"brands":[{"id":3606,"name":"SOG","slug":"sog-pl"}],"_links":{"self":[{"href":"https:\/\/www.moskito.cz\/pl\/wp-json\/wp\/v2\/product\/334712","targetHints":{"allow":["GET"]}}],"collection":[{"href":"https:\/\/www.moskito.cz\/pl\/wp-json\/wp\/v2\/product"}],"about":[{"href":"https:\/\/www.moskito.cz\/pl\/wp-json\/wp\/v2\/types\/product"}],"replies":[{"embeddable":true,"href":"https:\/\/www.moskito.cz\/pl\/wp-json\/wp\/v2\/comments?post=334712"}],"wp:featuredmedia":[{"embeddable":true,"href":"https:\/\/www.moskito.cz\/pl\/wp-json\/wp\/v2\/media\/334713"}],"wp:attachment":[{"href":"https:\/\/www.moskito.cz\/pl\/wp-json\/wp\/v2\/media?parent=334712"}],"wp:term":[{"taxonomy":"pwb-brand","embeddable":true,"href":"https:\/\/www.moskito.cz\/pl\/wp-json\/wp\/v2\/pwb-brand?post=334712"},{"taxonomy":"product_brand","embeddable":true,"href":"https:\/\/www.moskito.cz\/pl\/wp-json\/wp\/v2\/product_brand?post=334712"},{"taxonomy":"product_cat","embeddable":true,"href":"https:\/\/www.moskito.cz\/pl\/wp-json\/wp\/v2\/product_cat?post=334712"},{"taxonomy":"product_tag","embeddable":true,"href":"https:\/\/www.moskito.cz\/pl\/wp-json\/wp\/v2\/product_tag?post=334712"}],"curies":[{"name":"wp","href":"https:\/\/api.w.org\/{rel}","templated":true}]}}