{"id":334821,"date":"2024-04-18T17:13:41","date_gmt":"2024-04-18T16:17:19","guid":{"rendered":"https:\/\/www.moskito.cz\/produkt\/noz-zamykajacy-crkt-lck-3801k\/"},"modified":"2025-05-07T11:12:08","modified_gmt":"2025-05-07T10:12:08","slug":"noz-zamykajacy-crkt-lck-3801k","status":"publish","type":"product","link":"https:\/\/www.moskito.cz\/pl\/produkt\/noz-zamykajacy-crkt-lck-3801k\/","title":{"rendered":"N\u00f3\u017c zamykaj\u0105cy CRKT LCK 3801K"},"content":{"rendered":"<p>N\u00f3\u017c zamykaj\u0105cy <strong>CRKT<\/strong> LCK 3801K.<\/p>\n<p>N\u00f3\u017c sk\u0142adany LCK+ Matthew Lercha powraca z ulepszonymi materia\u0142ami i \u015bwie\u017cym, ca\u0142kowicie czarnym wygl\u0105dem. Zaczyna si\u0119 od ostrza ze stali S35VN pokrytego azotkiem tytanu, kt\u00f3re charakteryzuje si\u0119 zwi\u0119kszon\u0105 wytrzyma\u0142o\u015bci\u0105, wyj\u0105tkow\u0105 odporno\u015bci\u0105 na zu\u017cycie i ostr\u0105 kraw\u0119dzi\u0105. Przejd\u017a do r\u0119koje\u015bci, a znajdziesz marmurkowe w\u0142\u00f3kno w\u0119glowe, kt\u00f3re zapewnia mocne, a jednocze\u015bnie lekkie wra\u017cenie, nie wspominaj\u0105c o uderzaj\u0105cym wygl\u0105dzie, kt\u00f3ry podkre\u015bla i tak ju\u017c elegancki i elegancki wygl\u0105d.<br \/>\nMateria\u0142y najwy\u017cszej jako\u015bci: ostrze ze stali S35VN zapewnia doskona\u0142\u0105 wydajno\u015b\u0107 ci\u0119cia<br \/>\nP\u0142ynne otwieranie: Sworze\u0144 z \u0142o\u017cyskiem kulkowym IKBS\u2122 p\u0142ynnie rozk\u0142ada ostrze<br \/>\nSzybkie otwieranie: Flipper szybko rozk\u0142ada ostrze<br \/>\nHigh Tech: R\u0119koje\u015b\u0107 z w\u0142\u00f3kna w\u0119glowego jest mocna i lekka<br \/>\n\u0141atwe zamykanie: zamek wk\u0142adany mo\u017cna \u0142atwo zamkn\u0105\u0107 jedn\u0105 r\u0119k\u0105<br \/>\nNiski profil: G\u0142\u0119boki klips do przenoszenia znajduje si\u0119 nisko w kieszeni<\/p>\n<p>Ostrze ze stali S35VN<br \/>\nKraw\u0119d\u017a ostrza g\u0142adka<br \/>\nObr\u00f3bka powierzchni ostrza azotkiem tytanu<br \/>\nD\u0142ugo\u015b\u0107 ostrza: 8,51 cm<br \/>\nGrubo\u015b\u0107 ostrza: 0,32 cm<br \/>\nD\u0142ugo\u015b\u0107 ca\u0142kowita: 9,05 cm<br \/>\nD\u0142ugo\u015b\u0107 po zamkni\u0119ciu 4,15 cala (105,44 mm)<br \/>\nWaga 2,50 uncji (70,87 g)<br \/>\nINNY<br \/>\nMateria\u0142 r\u0119koje\u015bci w\u0142\u00f3kno w\u0119glowe<br \/>\nStylowy n\u00f3\u017c sk\u0142adany z blokad\u0105 Liner Lock<\/p>\n<p><iframe title=\"LCK + Liner Lock | Matthew Lerch Design\" width=\"800\" height=\"450\" src=\"https:\/\/www.youtube.com\/embed\/XfOytQ7a7ws?feature=oembed\" frameborder=\"0\" allow=\"accelerometer; autoplay; clipboard-write; encrypted-media; gyroscope; picture-in-picture; web-share\" referrerpolicy=\"strict-origin-when-cross-origin\" allowfullscreen><\/iframe><\/p>\n<p>&nbsp;<\/p>\n","protected":false},"excerpt":{"rendered":"<p>PROJEKTANT<br \/>\nMateja Lercha<br \/>\nSussex, Wisconsin<br \/>\nCo si\u0119 stanie, gdy skrzy\u017cujesz sztuk\u0119 i mechanik\u0119? Dostajesz co\u015b, co wygl\u0105da jak Matthew Lerch. Pocz\u0105tkowo kszta\u0142ci\u0142 si\u0119 na jubilera\/zegarmistrza, nast\u0119pnie zaj\u0105\u0142 si\u0119 produkcj\u0105 narz\u0119dzi i fabrykacj\u0105. Obecnie posiada kilka patent\u00f3w na innowacje, takie jak Fire Safe\u00ae i otrzyma\u0142 kilka presti\u017cowych nagr\u00f3d, w tym nagrod\u0119 Buster Warenski. Matt uwa\u017ca no\u017ce za sztuk\u0119 u\u017cytkow\u0105, czego dowodem jest jego projekt Endorser\u2122, kt\u00f3ry zdoby\u0142 nagrody Moxie\u2122 i Blade Show Award.<\/p>\n<p>Bezp\u0142atny transport.<\/p>\n","protected":false},"featured_media":334771,"comment_status":"open","ping_status":"closed","template":"","meta":[],"pwb-brand":[3458],"product_brand":[],"product_cat":[3296,3307],"product_tag":[3671],"class_list":{"0":"post-334821","1":"product","2":"type-product","3":"status-publish","4":"has-post-thumbnail","6":"pwb-brand-crkt-pl","7":"product_cat-noze-pl","8":"product_cat-zamykanie-nozy","9":"product_tag-b2b-pl","11":"first","12":"outofstock","13":"taxable","14":"shipping-taxable","15":"purchasable","16":"product-type-simple"},"brands":[{"id":3458,"name":"CRKT","slug":"crkt-pl"}],"_links":{"self":[{"href":"https:\/\/www.moskito.cz\/pl\/wp-json\/wp\/v2\/product\/334821","targetHints":{"allow":["GET"]}}],"collection":[{"href":"https:\/\/www.moskito.cz\/pl\/wp-json\/wp\/v2\/product"}],"about":[{"href":"https:\/\/www.moskito.cz\/pl\/wp-json\/wp\/v2\/types\/product"}],"replies":[{"embeddable":true,"href":"https:\/\/www.moskito.cz\/pl\/wp-json\/wp\/v2\/comments?post=334821"}],"wp:featuredmedia":[{"embeddable":true,"href":"https:\/\/www.moskito.cz\/pl\/wp-json\/wp\/v2\/media\/334771"}],"wp:attachment":[{"href":"https:\/\/www.moskito.cz\/pl\/wp-json\/wp\/v2\/media?parent=334821"}],"wp:term":[{"taxonomy":"pwb-brand","embeddable":true,"href":"https:\/\/www.moskito.cz\/pl\/wp-json\/wp\/v2\/pwb-brand?post=334821"},{"taxonomy":"product_brand","embeddable":true,"href":"https:\/\/www.moskito.cz\/pl\/wp-json\/wp\/v2\/product_brand?post=334821"},{"taxonomy":"product_cat","embeddable":true,"href":"https:\/\/www.moskito.cz\/pl\/wp-json\/wp\/v2\/product_cat?post=334821"},{"taxonomy":"product_tag","embeddable":true,"href":"https:\/\/www.moskito.cz\/pl\/wp-json\/wp\/v2\/product_tag?post=334821"}],"curies":[{"name":"wp","href":"https:\/\/api.w.org\/{rel}","templated":true}]}}