{"id":334933,"date":"2024-04-18T18:39:20","date_gmt":"2024-04-18T17:42:27","guid":{"rendered":"https:\/\/www.moskito.cz\/produkt\/klucz-obronny-crkt-williamsa-9705\/"},"modified":"2025-05-07T11:12:09","modified_gmt":"2025-05-07T10:12:09","slug":"klucz-obronny-crkt-williamsa-9705","status":"publish","type":"product","link":"https:\/\/www.moskito.cz\/pl\/produkt\/klucz-obronny-crkt-williamsa-9705\/","title":{"rendered":"Klucz obronny CRKT Williamsa 9705"},"content":{"rendered":"<p>Klucz obronny <strong>CRKT<\/strong> Williamsa 9705.<\/p>\n<p>By\u0142y oficer armii i instruktor sztuk walki James Williams to cz\u0142owiek, kt\u00f3ry zna warto\u015b\u0107 dobrze zaprojektowanego narz\u0119dzia obronnego. Ergonomiczny uchwyt i spiczasty koniec s\u0105 sprytnie zamaskowane jako nieszkodliwy klucz, gdy praca staje si\u0119 trudna. Jest to ukryty portfel, kt\u00f3ry mo\u017cna zawiesi\u0107 na breloku do kluczy.<br \/>\nWygodne u\u017cytkowanie: Brelok do kluczy zapewniaj\u0105cy szybki dost\u0119p<br \/>\nErgonomia: R\u0119koje\u015b\u0107 jest dobrze wywa\u017cona i zapewnia pewny chwyt<br \/>\n\u015arubokr\u0119t Phillipsa<\/p>\n<p>Ostrze wykonane ze stali 3Cr13MoV<br \/>\nWyko\u0144czenie ostrza opadaj\u0105cego<br \/>\nD\u0142ugo\u015b\u0107 ostrza: 4,47 cm<br \/>\nGrubo\u015b\u0107 ostrza: 0,27 cm<br \/>\nD\u0142ugo\u015b\u0107 ca\u0142kowita: 9,06 cm<br \/>\nWaga 1,10 uncji (31,18 g)<\/p>\n","protected":false},"excerpt":{"rendered":"<p>PROJEKTANT<br \/>\nJamesa Williamsa<br \/>\nVass, Karolina P\u00f3\u0142nocna<br \/>\nNie chcesz zadziera\u0107 z Sensei Jamesem Williamsem. By\u0142y oficer armii ameryka\u0144skiej z ponad 50-letnim do\u015bwiadczeniem w sztukach walki opracowa\u0142 System Strategii. Jest to unikalne podej\u015bcie do walki wr\u0119cz, kt\u00f3rego ucz\u0105 si\u0142y specjalne i organy \u015bcigania na ca\u0142ym \u015bwiecie. Jednak gdy jest uzbrojony, zobaczy go dzier\u017c\u0105cego stworzone przez siebie ostrza, takie jak solidne ostrza Hisshou\u00ae i Hissatsu\u2122, Shizuka noh Ken\u2122 oraz legendarny obecnie Hissatsu\u2122.<\/p>\n","protected":false},"featured_media":334896,"comment_status":"open","ping_status":"closed","template":"","meta":[],"pwb-brand":[3458],"product_brand":[],"product_cat":[3296,3297],"product_tag":[3671],"class_list":{"0":"post-334933","1":"product","2":"type-product","3":"status-publish","4":"has-post-thumbnail","6":"pwb-brand-crkt-pl","7":"product_cat-noze-pl","8":"product_cat-solidne-noze","9":"product_tag-b2b-pl","11":"first","12":"outofstock","13":"taxable","14":"shipping-taxable","15":"purchasable","16":"product-type-simple"},"brands":[{"id":3458,"name":"CRKT","slug":"crkt-pl"}],"_links":{"self":[{"href":"https:\/\/www.moskito.cz\/pl\/wp-json\/wp\/v2\/product\/334933","targetHints":{"allow":["GET"]}}],"collection":[{"href":"https:\/\/www.moskito.cz\/pl\/wp-json\/wp\/v2\/product"}],"about":[{"href":"https:\/\/www.moskito.cz\/pl\/wp-json\/wp\/v2\/types\/product"}],"replies":[{"embeddable":true,"href":"https:\/\/www.moskito.cz\/pl\/wp-json\/wp\/v2\/comments?post=334933"}],"wp:featuredmedia":[{"embeddable":true,"href":"https:\/\/www.moskito.cz\/pl\/wp-json\/wp\/v2\/media\/334896"}],"wp:attachment":[{"href":"https:\/\/www.moskito.cz\/pl\/wp-json\/wp\/v2\/media?parent=334933"}],"wp:term":[{"taxonomy":"pwb-brand","embeddable":true,"href":"https:\/\/www.moskito.cz\/pl\/wp-json\/wp\/v2\/pwb-brand?post=334933"},{"taxonomy":"product_brand","embeddable":true,"href":"https:\/\/www.moskito.cz\/pl\/wp-json\/wp\/v2\/product_brand?post=334933"},{"taxonomy":"product_cat","embeddable":true,"href":"https:\/\/www.moskito.cz\/pl\/wp-json\/wp\/v2\/product_cat?post=334933"},{"taxonomy":"product_tag","embeddable":true,"href":"https:\/\/www.moskito.cz\/pl\/wp-json\/wp\/v2\/product_tag?post=334933"}],"curies":[{"name":"wp","href":"https:\/\/api.w.org\/{rel}","templated":true}]}}