{"id":335057,"date":"2024-04-18T19:17:53","date_gmt":"2024-04-18T18:22:38","guid":{"rendered":"https:\/\/www.moskito.cz\/produkt\/noz-zamykajacy-crkt-walker-edycja-limitowana-4014\/"},"modified":"2025-05-07T11:12:13","modified_gmt":"2025-05-07T10:12:13","slug":"noz-zamykajacy-crkt-walker-edycja-limitowana-4014","status":"publish","type":"product","link":"https:\/\/www.moskito.cz\/pl\/produkt\/noz-zamykajacy-crkt-walker-edycja-limitowana-4014\/","title":{"rendered":"N\u00f3\u017c zamykaj\u0105cy CRKT Walker Edycja Limitowana 4014"},"content":{"rendered":"<p>N\u00f3\u017c zamykaj\u0105cy <strong>CRKT<\/strong> Walker Edycja Limitowana 4014.<\/p>\n<p>Los sprzyja odwa\u017cnym.<\/p>\n<p>Uznany tw\u00f3rca no\u017cy na zam\u00f3wienie Michael Walker przedstawia Fortuitous\u2122, par\u0119 wyrzynarek z limitowanej edycji wyprodukowanych we W\u0142oszech we wsp\u00f3\u0142pracy z Lionsteel\u00ae. Model ten posiada ostrze ze stali MagnaCut zapewniaj\u0105ce wyj\u0105tkowe trzymanie kraw\u0119dzi oraz tytanow\u0105 r\u0119koje\u015b\u0107 zapewniaj\u0105c\u0105 lekko\u015b\u0107 i wytrzyma\u0142o\u015b\u0107. Wyko\u0144czony z bogactwem artystycznych detali, kt\u00f3re przywodz\u0105 na my\u015bl w\u0142asne projekty Michaela. R\u00f3wnie pi\u0119kne, co rzadkie.<br \/>\nNajlepsza wydajno\u015b\u0107 w swojej klasie: MagnaCut zapewnia bezkompromisow\u0105 wydajno\u015b\u0107 w zakresie wytrzyma\u0142o\u015bci, odporno\u015bci na zu\u017cycie i odporno\u015bci na korozj\u0119<br \/>\nP\u0142ynne otwieranie: Sworze\u0144 z \u0142o\u017cyskiem kulkowym IKBS\u2122 p\u0142ynnie rozk\u0142ada ostrze<br \/>\nSzybkie otwieranie: Flipper szybko rozk\u0142ada ostrze<br \/>\nMocny i lekki: tytanowy uchwyt \u0142\u0105czy w sobie wytrzyma\u0142o\u015b\u0107 z minimaln\u0105 wag\u0105<br \/>\nNiski profil: G\u0142\u0119boki klips do przenoszenia mie\u015bci si\u0119 g\u0142\u0119boko w kieszeni.<\/p>\n<p>Ostrze ze stali MagnaCut<br \/>\nKraw\u0119d\u017a ostrza g\u0142adka<br \/>\nWyko\u0144czenie ostrza typu stonewash<br \/>\nD\u0142ugo\u015b\u0107 ostrza: 8,91 cm<br \/>\nGrubo\u015b\u0107 ostrza: 0,34 cm<br \/>\nD\u0142ugo\u015b\u0107 ca\u0142kowita: 20,71 cm<br \/>\nD\u0142ugo\u015b\u0107 po zamkni\u0119ciu: 11,89 cm<br \/>\nWaga 3,70 uncji (104,89 g)<\/p>\n<p><iframe title=\"CRKT Fortuitous | Michael Walker Design\" width=\"800\" height=\"450\" src=\"https:\/\/www.youtube.com\/embed\/t2nwvKVT7GU?feature=oembed\" frameborder=\"0\" allow=\"accelerometer; autoplay; clipboard-write; encrypted-media; gyroscope; picture-in-picture; web-share\" referrerpolicy=\"strict-origin-when-cross-origin\" allowfullscreen><\/iframe><\/p>\n<p>&nbsp;<\/p>\n","protected":false},"excerpt":{"rendered":"<p>PROJEKTANT<br \/>\nMichaela Walkera<br \/>\nTaos, Nowy Meksyk<br \/>\nWprowadzony do Galerii s\u0142aw magazynu Blade w 2004 roku i uznawany za wynalazc\u0119 ponad 20 mechanizm\u00f3w no\u017cy, w tym nowoczesnego mechanizmu liner lock, Michael Walker jest si\u0142\u0105 w \u015bwiecie ultra-wysokiej klasy no\u017cy niestandardowych. Zaczyna\u0142 jako jubiler, p\u00f3\u017aniej odkry\u0142 g\u0142\u0119bok\u0105 pasj\u0119 do sk\u0142adanych no\u017cy, gdy zafascynowa\u0142o go po\u0142\u0105czenie in\u017cynierii, wzornictwa przemys\u0142owego i ekspresji artystycznej. Jego uderzaj\u0105ce kszta\u0142ty i wyszukane projekty s\u0105 natychmiast rozpoznawalne, a po dziesi\u0119cioleciach w bran\u017cy pozostaje jedn\u0105 z najbardziej rozpoznawalnych marek w bran\u017cy sztu\u0107c\u00f3w.<\/p>\n","protected":false},"featured_media":335001,"comment_status":"open","ping_status":"closed","template":"","meta":[],"pwb-brand":[3458],"product_brand":[],"product_cat":[3296,3307],"product_tag":[3671],"class_list":{"0":"post-335057","1":"product","2":"type-product","3":"status-publish","4":"has-post-thumbnail","6":"pwb-brand-crkt-pl","7":"product_cat-noze-pl","8":"product_cat-zamykanie-nozy","9":"product_tag-b2b-pl","11":"first","12":"instock","13":"taxable","14":"shipping-taxable","15":"purchasable","16":"product-type-simple"},"brands":[{"id":3458,"name":"CRKT","slug":"crkt-pl"}],"_links":{"self":[{"href":"https:\/\/www.moskito.cz\/pl\/wp-json\/wp\/v2\/product\/335057","targetHints":{"allow":["GET"]}}],"collection":[{"href":"https:\/\/www.moskito.cz\/pl\/wp-json\/wp\/v2\/product"}],"about":[{"href":"https:\/\/www.moskito.cz\/pl\/wp-json\/wp\/v2\/types\/product"}],"replies":[{"embeddable":true,"href":"https:\/\/www.moskito.cz\/pl\/wp-json\/wp\/v2\/comments?post=335057"}],"wp:featuredmedia":[{"embeddable":true,"href":"https:\/\/www.moskito.cz\/pl\/wp-json\/wp\/v2\/media\/335001"}],"wp:attachment":[{"href":"https:\/\/www.moskito.cz\/pl\/wp-json\/wp\/v2\/media?parent=335057"}],"wp:term":[{"taxonomy":"pwb-brand","embeddable":true,"href":"https:\/\/www.moskito.cz\/pl\/wp-json\/wp\/v2\/pwb-brand?post=335057"},{"taxonomy":"product_brand","embeddable":true,"href":"https:\/\/www.moskito.cz\/pl\/wp-json\/wp\/v2\/product_brand?post=335057"},{"taxonomy":"product_cat","embeddable":true,"href":"https:\/\/www.moskito.cz\/pl\/wp-json\/wp\/v2\/product_cat?post=335057"},{"taxonomy":"product_tag","embeddable":true,"href":"https:\/\/www.moskito.cz\/pl\/wp-json\/wp\/v2\/product_tag?post=335057"}],"curies":[{"name":"wp","href":"https:\/\/api.w.org\/{rel}","templated":true}]}}