{"id":335129,"date":"2022-11-30T22:07:36","date_gmt":"2024-04-19T07:10:55","guid":{"rendered":"https:\/\/www.moskito.cz\/?post_type=product&#038;p=335129"},"modified":"2025-05-07T11:12:15","modified_gmt":"2025-05-07T10:12:15","slug":"solidny-noz-sog-instinct-mini-g10-satyna","status":"publish","type":"product","link":"https:\/\/www.moskito.cz\/pl\/produkt\/solidny-noz-sog-instinct-mini-g10-satyna\/","title":{"rendered":"Solidny n\u00f3\u017c SOG INSTINCT MINI G10 SATYNA"},"content":{"rendered":"<p>Solidny n\u00f3\u017c <strong>SOG<\/strong> INSTINCT MINI G10 SATYNA.<\/p>\n<p>Istnieje uczucie i intuicja, kt\u00f3re pojawiaj\u0105 si\u0119, gdy znajdujesz si\u0119 w sytuacjach wymagaj\u0105cych pe\u0142nej uwagi. Instinct to kompaktowy, przeno\u015bny n\u00f3\u017c ze sta\u0142ym ostrzem, stworzony specjalnie na te czasy. Dost\u0119pny w dw\u00f3ch rozmiarach i dw\u00f3ch rodzajach uchwyt\u00f3w, b\u0119dzie odpowiedni dla wielu os\u00f3b. Instinct oferuje wiele opcji noszenia. Mo\u017cna go nosi\u0107 na szyi za pomoc\u0105 smyczy. Mo\u017cna go przymocowa\u0107 do paska lub buta za pomoc\u0105 klamry regulowanej pod wieloma k\u0105tami. Mo\u017cna go r\u00f3wnie\u017c przymocowa\u0107 do kamizelki lub torby za pomoc\u0105 wielu punkt\u00f3w mocowania. Kiedy w pierwszej chwili odruchowo si\u0119gasz po ostrze, rozwa\u017c Instynkt SOG.<\/p>\n<p>D\u0141UGO\u015a\u0106 OSTRZA: 48 mm<br \/>\nMATERIA\u0141 OBUDOWY: Twardy formowany nylon<br \/>\nROZMIAR CA\u0141KOWITY: 122 mm<br \/>\nWAGA: 45 g<br \/>\nSTAL: 5Cr15MoV<br \/>\nGRUBO\u015a\u0106 OSTRZA: 4,1 mm<br \/>\nMATERIA\u0141 UCHWYTU: stal nierdzewna<br \/>\nKOLOR: srebrny<\/p>\n<p><iframe title=\"SOG Instinct Mini\" width=\"800\" height=\"450\" src=\"https:\/\/www.youtube.com\/embed\/NQHPqPBh-fA?feature=oembed\" frameborder=\"0\" allow=\"accelerometer; autoplay; clipboard-write; encrypted-media; gyroscope; picture-in-picture; web-share\" referrerpolicy=\"strict-origin-when-cross-origin\" allowfullscreen><\/iframe><\/p>\n<p>&nbsp;<\/p>\n","protected":false},"excerpt":{"rendered":"<p>Kompaktowy n\u00f3\u017c ze sta\u0142ym ostrzem i solidn\u0105 nylonow\u0105 pochw\u0105 z w pe\u0142ni regulowanym klipsem kieszeniowym umo\u017cliwiaj\u0105cym r\u00f3\u017cnorodne opcje noszenia.<\/p>\n","protected":false},"featured_media":335132,"comment_status":"open","ping_status":"closed","template":"","meta":[],"pwb-brand":[3606],"product_brand":[],"product_cat":[3296,3297],"product_tag":[3671],"class_list":{"0":"post-335129","1":"product","2":"type-product","3":"status-publish","4":"has-post-thumbnail","6":"pwb-brand-sog-pl","7":"product_cat-noze-pl","8":"product_cat-solidne-noze","9":"product_tag-b2b-pl","11":"first","12":"outofstock","13":"taxable","14":"shipping-taxable","15":"purchasable","16":"product-type-simple"},"brands":[{"id":3606,"name":"SOG","slug":"sog-pl"}],"_links":{"self":[{"href":"https:\/\/www.moskito.cz\/pl\/wp-json\/wp\/v2\/product\/335129","targetHints":{"allow":["GET"]}}],"collection":[{"href":"https:\/\/www.moskito.cz\/pl\/wp-json\/wp\/v2\/product"}],"about":[{"href":"https:\/\/www.moskito.cz\/pl\/wp-json\/wp\/v2\/types\/product"}],"replies":[{"embeddable":true,"href":"https:\/\/www.moskito.cz\/pl\/wp-json\/wp\/v2\/comments?post=335129"}],"wp:featuredmedia":[{"embeddable":true,"href":"https:\/\/www.moskito.cz\/pl\/wp-json\/wp\/v2\/media\/335132"}],"wp:attachment":[{"href":"https:\/\/www.moskito.cz\/pl\/wp-json\/wp\/v2\/media?parent=335129"}],"wp:term":[{"taxonomy":"pwb-brand","embeddable":true,"href":"https:\/\/www.moskito.cz\/pl\/wp-json\/wp\/v2\/pwb-brand?post=335129"},{"taxonomy":"product_brand","embeddable":true,"href":"https:\/\/www.moskito.cz\/pl\/wp-json\/wp\/v2\/product_brand?post=335129"},{"taxonomy":"product_cat","embeddable":true,"href":"https:\/\/www.moskito.cz\/pl\/wp-json\/wp\/v2\/product_cat?post=335129"},{"taxonomy":"product_tag","embeddable":true,"href":"https:\/\/www.moskito.cz\/pl\/wp-json\/wp\/v2\/product_tag?post=335129"}],"curies":[{"name":"wp","href":"https:\/\/api.w.org\/{rel}","templated":true}]}}