{"id":335242,"date":"2021-09-28T08:36:18","date_gmt":"2024-04-19T07:18:29","guid":{"rendered":"https:\/\/www.moskito.cz\/produkt\/noz-zamykajacy-sog-kilowatt\/"},"modified":"2025-05-07T11:12:16","modified_gmt":"2025-05-07T10:12:16","slug":"noz-zamykajacy-sog-kilowatt","status":"publish","type":"product","link":"https:\/\/www.moskito.cz\/pl\/produkt\/noz-zamykajacy-sog-kilowatt\/","title":{"rendered":"N\u00f3\u017c zamykaj\u0105cy SOG KILOWATT"},"content":{"rendered":"<p>N\u00f3\u017c zamykaj\u0105cy <strong>SOG<\/strong> KILOWATT.<\/p>\n<p>Nasza historia zaczyna si\u0119 w Wietnamie, gdzie cz\u0142onkowie \u015bci\u015ble tajnych ameryka\u0144skich si\u0142 specjalnych \u2013 znanych jako MACV \u2013 <strong>SOG<\/strong> \u2013 podczas tajnych misji zabierali do d\u017cungli wyj\u0105tkowy tajny n\u00f3\u017c. Kilka lat p\u00f3\u017aniej, w 1986 roku, n\u00f3\u017c ten zainspirowa\u0142 m\u0142odego projektanta Spencera Frazera do za\u0142o\u017cenia no\u017cy specjalnych <strong>SOG<\/strong> . Jego misja: odtworzenie oryginalnego no\u017ca <strong>SOG<\/strong> Bowie i z\u0142o\u017cenie ho\u0142du jednostce operacji specjalnych, kt\u00f3ra go stworzy\u0142a. To, co zacz\u0119\u0142o si\u0119 jako pojedynczy model pami\u0105tkowy, szybko przekszta\u0142ci\u0142o si\u0119 w ca\u0142\u0105 lini\u0119 innowacyjnych narz\u0119dzi \u2013 sprawdzonych przez ameryka\u0144skie si\u0142y specjalne, a nawet nagrodzonych jako ulubiony n\u00f3\u017c Navy SEAL. Dzi\u015b no\u017ce SOG \u015bmia\u0142o mo\u017cna nosi\u0107 w najbardziej wymagaj\u0105cych sytuacjach. Wykute z tradycji, zatwardzia\u0142e w polu, z\u0142o\u017cone dla Ciebie.<\/p>\n<p>Niezale\u017cnie od tego, czy chronisz innych, prowadzisz epick\u0105 wypraw\u0119 my\u015bliwsk\u0105, stawiasz czo\u0142a codziennym wyzwaniom \u017cycia, czy te\u017c stawiasz czo\u0142a najbardziej ekstremalnym warunkom, jakie kiedykolwiek stworzy\u0142e\u015b, pokonaj <strong>SOG<\/strong> .<\/p>\n<p>\u201eNa\u0142aduj si\u0119\u201d dzi\u0119ki Kilowatt, pierwszemu tematycznemu no\u017cowi uniwersalnemu zaprojektowanemu dla elektryk\u00f3w, w\u0142a\u015bcicieli dom\u00f3w, wykonawc\u00f3w i ka\u017cdego, kto mo\u017ce potrzebowa\u0107 zdejmowania izolacji z drutu. Trzy oddzielne systemy adresuj\u0105 przewody, od cienkich kabli wielo\u017cy\u0142owych po kable. Z ty\u0142u znajduje si\u0119 listwa do \u015bci\u0105gania izolacji dla rozmiar\u00f3w drutu 10-22, regulowana spr\u0119\u017cyna do drutu UTP\/odizolowania i na wszelki wypadek nasz opatentowany otw\u00f3r do \u015bci\u0105gania izolacji wykorzystuj\u0105cy g\u0142\u00f3wne ostrze. Schematyczne uchwyty, klips wie\u017cowy o wysokim napi\u0119ciu, izolator ko\u0142ka pod kciuk i ostrze do grawerowania gniazda to elementy charakterystyczne, kt\u00f3re czyni\u0105 ten n\u00f3\u017c wyj\u0105tkowym. Bez Kilowata&#8230; mo\u017cesz popa\u015b\u0107 w ciemno\u015b\u0107!<\/p>\n<p>D\u0141UGO\u015a\u0106 CA\u0141KOWITA: 19 cm<br \/>\nWAGA PRODUKTU: 3,30 uncji<br \/>\nD\u0141UGO\u015a\u0106 OSTRZA: 8,5 cm<br \/>\nLINIA PRODUKT\u00d3W: Kilowaty<br \/>\nTYP PRODUKTU : N\u00f3\u017c sk\u0142adany<br \/>\nMECHANIZM BLOKUJ\u0104CY: Linerlock<br \/>\nTYP KLAMRY PASKA: Sta\u0142a<br \/>\nWYKO\u0143CZENIA: Satynowe<br \/>\nTYP STALI: AUS-8<br \/>\nKSZTA\u0141T OSTRZA: Punkt zaciskowy<br \/>\nTWARDO\u015a\u0106 HRC: 57-58<br \/>\nKOLOR UCHWYTU: Czarny<\/p>\n<p>Na\u0142aduj si\u0119 dzi\u0119ki Kilowatt, pierwszemu roboczemu no\u017cowi tematycznemu zaprojektowanemu dla elektryka, w\u0142a\u015bciciela domu, wykonawcy lub ka\u017cdego, kto mo\u017ce potrzebowa\u0107 zdejmowania izolacji z drutu. Trzy oddzielne systemy adresuj\u0105 przewody, od cienkich wielo\u017cy\u0142owych a\u017c po kabel. Z ty\u0142u znajduje si\u0119 listwa do zdejmowania izolacji do przewod\u00f3w o rozmiarach 10\u201322, regulowany, spr\u0119\u017cynowy \u015bci\u0105gacz UTP\/drutu z ty\u0142u i na wszelki wypadek nasz opatentowany \u015bci\u0105gacz do otwor\u00f3w, kt\u00f3ry wykorzystuje g\u0142\u00f3wne ostrze. Schematyczne uchwyty, zacisk wie\u017cy wysokiego napi\u0119cia, ko\u0142ek izolatora i ostrze z wygrawerowanym gniazdem to cechy, kt\u00f3re czyni\u0105 ten n\u00f3\u017c bardzo wyj\u0105tkowym z blokad\u0105 typu liner lock. Bez Kilowata&#8230; mo\u017cesz po prostu popa\u015b\u0107 w ciemno\u015b\u0107!<\/p>\n<p>CA\u0141KOWITA D\u0141UGO\u015a\u0106<br \/>\n7,50&#8243;<br \/>\nD\u0141UGO\u015a\u0106 ZAMKNI\u0118TA<br \/>\n4,1&#8243;<br \/>\nWAGA PRODUKTU<br \/>\n3,30 uncji<br \/>\nD\u0141UGO\u015a\u0106 OSTRZA<br \/>\n3,4&#8243;<br \/>\nGRUBO\u015a\u0106 OSTRZY<br \/>\n0,12&#8243;<br \/>\nUPC<br \/>\n7-29857-99430-9<br \/>\nDATA PRZEDSPRZEDA\u017bY<br \/>\nNA<br \/>\nJEST W PRZEDSPRZEDA\u017bY<br \/>\nNA<br \/>\nPRODUKT RODZINNY<br \/>\nKilowat<br \/>\nRODZAJ PRODUKTU<br \/>\nN\u00f3\u017c sk\u0142adany<br \/>\nKRAJ POCHODZENIA<br \/>\nTajwan<br \/>\nZAMYKAJ\u0104CY MECHANIZM<br \/>\nBlokada liniowa<br \/>\nTYP ZACISKA NA PASEK<br \/>\nNaprawi\u0142<br \/>\nOPAKOWANIE<br \/>\nUnibox &#8211; gotowy do wy\u015bwietlania<br \/>\nGRAWEROWALNE<br \/>\nTak<br \/>\nSKO\u0143CZY\u0106<br \/>\nSatyna<br \/>\nTYP KRAW\u0118DZI<br \/>\nProsty<br \/>\nTYP ostrzy ze stali<br \/>\nAUS-8<br \/>\nKSZTA\u0141T OSTRZA<br \/>\nPunkt klipu<br \/>\nTWARDO\u015a\u0106<br \/>\nRc. 57-58<br \/>\nMATERIA\u0141 UCHWYTU<br \/>\nNylon wzmocniony w\u0142\u00f3knem szklanym<br \/>\nKOLOR UCHWYTU<br \/>\nCzarny<\/p>\n","protected":false},"excerpt":{"rendered":"<p>Niezale\u017cnie od tego, czy chronisz innych, prowadzisz epick\u0105 wypraw\u0119 my\u015bliwsk\u0105, stawiasz czo\u0142a codziennym wyzwaniom \u017cycia, czy te\u017c stawiasz czo\u0142a najbardziej ekstremalnym warunkom, jakie kiedykolwiek stworzy\u0142e\u015b, pokonaj <strong>SOG<\/strong> .<\/p>\n<p><strong>Na wszystkie no\u017ce SOG udzielamy do\u017cywotniej gwarancji!<\/strong><\/p>\n","protected":false},"featured_media":335243,"comment_status":"open","ping_status":"closed","template":"","meta":[],"pwb-brand":[3606],"product_brand":[],"product_cat":[3296,3307],"product_tag":[3671],"class_list":{"0":"post-335242","1":"product","2":"type-product","3":"status-publish","4":"has-post-thumbnail","6":"pwb-brand-sog-pl","7":"product_cat-noze-pl","8":"product_cat-zamykanie-nozy","9":"product_tag-b2b-pl","11":"first","12":"outofstock","13":"taxable","14":"shipping-taxable","15":"purchasable","16":"product-type-simple"},"brands":[{"id":3606,"name":"SOG","slug":"sog-pl"}],"_links":{"self":[{"href":"https:\/\/www.moskito.cz\/pl\/wp-json\/wp\/v2\/product\/335242","targetHints":{"allow":["GET"]}}],"collection":[{"href":"https:\/\/www.moskito.cz\/pl\/wp-json\/wp\/v2\/product"}],"about":[{"href":"https:\/\/www.moskito.cz\/pl\/wp-json\/wp\/v2\/types\/product"}],"replies":[{"embeddable":true,"href":"https:\/\/www.moskito.cz\/pl\/wp-json\/wp\/v2\/comments?post=335242"}],"wp:featuredmedia":[{"embeddable":true,"href":"https:\/\/www.moskito.cz\/pl\/wp-json\/wp\/v2\/media\/335243"}],"wp:attachment":[{"href":"https:\/\/www.moskito.cz\/pl\/wp-json\/wp\/v2\/media?parent=335242"}],"wp:term":[{"taxonomy":"pwb-brand","embeddable":true,"href":"https:\/\/www.moskito.cz\/pl\/wp-json\/wp\/v2\/pwb-brand?post=335242"},{"taxonomy":"product_brand","embeddable":true,"href":"https:\/\/www.moskito.cz\/pl\/wp-json\/wp\/v2\/product_brand?post=335242"},{"taxonomy":"product_cat","embeddable":true,"href":"https:\/\/www.moskito.cz\/pl\/wp-json\/wp\/v2\/product_cat?post=335242"},{"taxonomy":"product_tag","embeddable":true,"href":"https:\/\/www.moskito.cz\/pl\/wp-json\/wp\/v2\/product_tag?post=335242"}],"curies":[{"name":"wp","href":"https:\/\/api.w.org\/{rel}","templated":true}]}}