{"id":335250,"date":"2022-11-03T22:21:44","date_gmt":"2022-11-03T21:21:44","guid":{"rendered":"https:\/\/www.moskito.cz\/produkt\/solidny-noz-cold-steel-mini-japonski-wzmocniony-punkt\/"},"modified":"2025-05-07T11:12:16","modified_gmt":"2025-05-07T10:12:16","slug":"solidny-noz-cold-steel-mini-japonski-wzmocniony-punkt","status":"publish","type":"product","link":"https:\/\/www.moskito.cz\/pl\/produkt\/solidny-noz-cold-steel-mini-japonski-wzmocniony-punkt\/","title":{"rendered":"Solidny n\u00f3\u017c Cold Steel MINI JAPO\u0143SKI WZMOCNIONY PUNKT"},"content":{"rendered":"<p>Solidny n\u00f3\u017c <strong>Cold Steel<\/strong> MINI JAPO\u0143SKI WZMOCNIONY PUNKT.<\/p>\n<p>Kyoto to ma\u0142y n\u00f3\u017c z solidnym ostrzem i g\u0142adk\u0105 kraw\u0119dzi\u0105. Obydwa kszta\u0142ty ostrzy no\u017cy Kyoto stylizowane s\u0105 na kszta\u0142t japo\u0144skich mieczy. Solidnie zbudowane ostrza maj\u0105 konstrukcj\u0119 full tang, czyli rozci\u0105gaj\u0105 si\u0119 na ca\u0142ej d\u0142ugo\u015bci r\u0119koje\u015bci. Pomi\u0119dzy ostrzem Kray-Ex\u2122 a r\u0119koje\u015bci\u0105 znajduje si\u0119 os\u0142ona d\u0142oni ze stali nierdzewnej. Tarcza ta przypomina tradycyjn\u0105 kub\u0119 japo\u0144skiego miecza. Razem z wyprofilowan\u0105 r\u0119koje\u015bci\u0105 nadaje no\u017cowi niepowtarzalny wygl\u0105d. Ostrze no\u017ca wykonano ze stali nierdzewnej 8Cr13MoV, kt\u00f3ra po obr\u00f3bce cieplnej posiada twardo\u015b\u0107 57-58 Rockwella. Subtelne i wygodne etui pozwala na ukryte noszenie no\u017ca zawieszonego na szyi za pomoc\u0105 \u0142a\u0144cuszka zabezpieczaj\u0105cego. Mo\u017cna go bardzo dobrze ukry\u0107 pod ubraniem i nie powoduje dyskomfortu przy d\u0142ugotrwa\u0142ym noszeniu. Do pochwy mo\u017cna zamontowa\u0107 klips C-Clip Cold Steel\u00ae (SACLB), dzi\u0119ki czemu n\u00f3\u017c mo\u017cna nosi\u0107 tak\u017ce na pasku.<\/p>\n<p>PARAMETRY PRODUKTU<br \/>\nStal: stal nierdzewna 8Cr13MoV<br \/>\nWaga: 93 g<br \/>\nMateria\u0142 os\u0142ony: os\u0142ona Secure-Ex\u00ae<br \/>\nKolor: czarny\/srebrny<br \/>\nMateria\u0142 r\u0119koje\u015bci: D\u0142ugi Kray-Ex\u2122<br \/>\nGrubo\u015b\u0107 ostrza: 3 mm<br \/>\nRozmiar ca\u0142kowity: 171 mm<br \/>\nD\u0142ugo\u015b\u0107 r\u0105czki: 91 mm<br \/>\nD\u0142ugo\u015b\u0107 ostrza: 80 mm<\/p>\n","protected":false},"excerpt":{"rendered":"<p><strong>Kyoto to ma\u0142y n\u00f3\u017c z solidnym ostrzem i g\u0142adk\u0105 kraw\u0119dzi\u0105.<\/strong><\/p>\n","protected":false},"featured_media":335251,"comment_status":"open","ping_status":"closed","template":"","meta":[],"pwb-brand":[3596],"product_brand":[],"product_cat":[3297,3296],"product_tag":[],"class_list":{"0":"post-335250","1":"product","2":"type-product","3":"status-publish","4":"has-post-thumbnail","6":"pwb-brand-zimna-stal","7":"product_cat-solidne-noze","8":"product_cat-noze-pl","10":"first","11":"instock","12":"taxable","13":"shipping-taxable","14":"purchasable","15":"product-type-simple"},"brands":[{"id":3596,"name":"Zimna stal","slug":"zimna-stal"}],"_links":{"self":[{"href":"https:\/\/www.moskito.cz\/pl\/wp-json\/wp\/v2\/product\/335250","targetHints":{"allow":["GET"]}}],"collection":[{"href":"https:\/\/www.moskito.cz\/pl\/wp-json\/wp\/v2\/product"}],"about":[{"href":"https:\/\/www.moskito.cz\/pl\/wp-json\/wp\/v2\/types\/product"}],"replies":[{"embeddable":true,"href":"https:\/\/www.moskito.cz\/pl\/wp-json\/wp\/v2\/comments?post=335250"}],"wp:featuredmedia":[{"embeddable":true,"href":"https:\/\/www.moskito.cz\/pl\/wp-json\/wp\/v2\/media\/335251"}],"wp:attachment":[{"href":"https:\/\/www.moskito.cz\/pl\/wp-json\/wp\/v2\/media?parent=335250"}],"wp:term":[{"taxonomy":"pwb-brand","embeddable":true,"href":"https:\/\/www.moskito.cz\/pl\/wp-json\/wp\/v2\/pwb-brand?post=335250"},{"taxonomy":"product_brand","embeddable":true,"href":"https:\/\/www.moskito.cz\/pl\/wp-json\/wp\/v2\/product_brand?post=335250"},{"taxonomy":"product_cat","embeddable":true,"href":"https:\/\/www.moskito.cz\/pl\/wp-json\/wp\/v2\/product_cat?post=335250"},{"taxonomy":"product_tag","embeddable":true,"href":"https:\/\/www.moskito.cz\/pl\/wp-json\/wp\/v2\/product_tag?post=335250"}],"curies":[{"name":"wp","href":"https:\/\/api.w.org\/{rel}","templated":true}]}}