{"id":335275,"date":"2023-03-29T20:26:23","date_gmt":"2023-03-29T19:26:23","guid":{"rendered":"https:\/\/www.moskito.cz\/produkt\/noz-skladany-cold-steel-zytel-handle-ti-lite-6-kris-blade\/"},"modified":"2025-05-07T11:12:18","modified_gmt":"2025-05-07T10:12:18","slug":"noz-skladany-cold-steel-zytel-handle-ti-lite-6-kris-blade","status":"publish","type":"product","link":"https:\/\/www.moskito.cz\/pl\/produkt\/noz-skladany-cold-steel-zytel-handle-ti-lite-6-kris-blade\/","title":{"rendered":"N\u00f3\u017c sk\u0142adany Cold Steel ZYTEL HANDLE TI-LITE 6&#8243; KRIS BLADE"},"content":{"rendered":"<p>N\u00f3\u017c sk\u0142adany <strong>Cold Steel<\/strong> ZYTEL HANDLE TI-LITE 6&#8243; KRIS BLADE<\/p>\n<p>Ostrza\/ostrza Cold Steel\u00ae Ti-Lite\u00ae przywo\u0142uj\u0105 eleganck\u0105 pr\u0119dko\u015b\u0107 i buntownicze linie klasycznego ostrza strzeleckiego z lat 50. XX wieku. lot. Cz\u0119sto na\u015bladowany, ale nigdy nie dor\u00f3wnuj\u0105cy sobie, Ti-Lite\u00ae (zaprojektowany przez zmar\u0142ego wielkiego Phila Boguszewskiego) to arcydzie\u0142o wydajno\u015bci i stylu. Ti-Lites\u00ae s\u0105 wyposa\u017cone w zamki pi\u00f3rowe ze stali nierdzewnej (w naszych testach udowodniono, \u017ce wytrzymuj\u0105 ponad 145 funt\u00f3w). Aby u\u0142atwi\u0107 przenoszenie, Ti-Lites\u00ae s\u0105 wyposa\u017cone w ma\u0142y, ale dyskretny stalowy klips do kieszeni i mo\u017cna je szybko otworzy\u0107 za pomoc\u0105 ko\u0142k\u00f3w kciukowych lub zatrzaskuj\u0105c kolb\u0119 za kraw\u0119dzi\u0105 kieszeni podczas wyci\u0105gania no\u017ca. Kris Ti-Lite\u00ae. Fani gamy no\u017cy Ti-Lite b\u0119d\u0105 zachwyceni pojawieniem si\u0119 naszych nowych ostrzy w stylu Kris. Dost\u0119pne z cztero- lub sze\u015bciocalowymi ostrzami o g\u0142adkich kraw\u0119dziach i sze\u015bciocalow\u0105 wersj\u0105 z\u0105bkowan\u0105. Chwyty wykonane s\u0105 z Griv-Ex\u2122 w p\u0142askim, ciemnym kolorze ziemi.<\/p>\n<p>\u201eM\u00f3j Lynn Thompson Ti-Lite z ostrzem w kszta\u0142cie Krisa by\u0142 takim hitem, \u017ce zdecydowali\u015bmy si\u0119 zaoferowa\u0107 go w wersji 4\u201d i 6\u201d w naszej regularnej linii. Dost\u0119pny z p\u0142ask\u0105 r\u0119koje\u015bci\u0105 w kolorze ciemnej ziemi, wykonan\u0105 z super mocnego gryworu i polerowan\u0105 na wysoki satyn\u0119 Ostrze, kt\u00f3re naprawd\u0119 przyci\u0105ga wzrok w pomieszczeniu, gdy je zatrza\u015bniesz. A jako dodatkowy bonus, ostrze w kszta\u0142cie Krisa wyj\u0105tkowo nadaje si\u0119 do ci\u0119cia i przek\u0142uwania i naprawd\u0119 \u015bwieci. &#8211; Lynn Thompson<\/p>\n<p>Opis:<br \/>\nMateria\u0142 ostrza: AUS-10A<br \/>\nMateria\u0142 r\u0119koje\u015bci: Griv-Ex<br \/>\nBezpiecze\u0144stwo: Linerlock<br \/>\nD\u0142ugo\u015b\u0107 ostrza: 15,2 cm<br \/>\nD\u0142ugo\u015b\u0107 ca\u0142kowita: 33 cm<br \/>\nD\u0142ugo\u015b\u0107 z\u0142o\u017conego no\u017ca: 17,8 cm<br \/>\nGrubo\u015b\u0107 ostrza: 4 mm<br \/>\nWaga: 199 g<br \/>\nTyp ostrza: Kriss<\/p>\n","protected":false},"excerpt":{"rendered":"<p><strong>Ti-Lite Kris bazuje na najbardziej typowej broni Azji Po\u0142udniowo-Wschodniej (Malezja, Filipiny, Indonezja).<\/strong><\/p>\n","protected":false},"featured_media":335276,"comment_status":"open","ping_status":"closed","template":"","meta":[],"pwb-brand":[3596],"product_brand":[],"product_cat":[3307,3296],"product_tag":[],"class_list":{"0":"post-335275","1":"product","2":"type-product","3":"status-publish","4":"has-post-thumbnail","6":"pwb-brand-zimna-stal","7":"product_cat-zamykanie-nozy","8":"product_cat-noze-pl","10":"first","11":"instock","12":"taxable","13":"shipping-taxable","14":"purchasable","15":"product-type-simple"},"brands":[{"id":3596,"name":"Zimna stal","slug":"zimna-stal"}],"_links":{"self":[{"href":"https:\/\/www.moskito.cz\/pl\/wp-json\/wp\/v2\/product\/335275","targetHints":{"allow":["GET"]}}],"collection":[{"href":"https:\/\/www.moskito.cz\/pl\/wp-json\/wp\/v2\/product"}],"about":[{"href":"https:\/\/www.moskito.cz\/pl\/wp-json\/wp\/v2\/types\/product"}],"replies":[{"embeddable":true,"href":"https:\/\/www.moskito.cz\/pl\/wp-json\/wp\/v2\/comments?post=335275"}],"wp:featuredmedia":[{"embeddable":true,"href":"https:\/\/www.moskito.cz\/pl\/wp-json\/wp\/v2\/media\/335276"}],"wp:attachment":[{"href":"https:\/\/www.moskito.cz\/pl\/wp-json\/wp\/v2\/media?parent=335275"}],"wp:term":[{"taxonomy":"pwb-brand","embeddable":true,"href":"https:\/\/www.moskito.cz\/pl\/wp-json\/wp\/v2\/pwb-brand?post=335275"},{"taxonomy":"product_brand","embeddable":true,"href":"https:\/\/www.moskito.cz\/pl\/wp-json\/wp\/v2\/product_brand?post=335275"},{"taxonomy":"product_cat","embeddable":true,"href":"https:\/\/www.moskito.cz\/pl\/wp-json\/wp\/v2\/product_cat?post=335275"},{"taxonomy":"product_tag","embeddable":true,"href":"https:\/\/www.moskito.cz\/pl\/wp-json\/wp\/v2\/product_tag?post=335275"}],"curies":[{"name":"wp","href":"https:\/\/api.w.org\/{rel}","templated":true}]}}