{"id":335284,"date":"2022-10-31T22:01:07","date_gmt":"2022-10-31T21:01:07","guid":{"rendered":"https:\/\/www.moskito.cz\/produkt\/noz-skladany-cold-steel-rajah-ii-aus10a\/"},"modified":"2024-04-19T08:37:07","modified_gmt":"2024-04-19T07:37:07","slug":"noz-skladany-cold-steel-rajah-ii-aus10a","status":"publish","type":"product","link":"https:\/\/www.moskito.cz\/pl\/produkt\/noz-skladany-cold-steel-rajah-ii-aus10a\/","title":{"rendered":"N\u00f3\u017c sk\u0142adany Cold Steel RAJAH II (AUS10A)"},"content":{"rendered":"<p>N\u00f3\u017c sk\u0142adany <strong>Cold Steel<\/strong> RAJAH II (AUS10A).<\/p>\n<p>Dobry Kukri to doskona\u0142e, wielofunkcyjne narz\u0119dzie, kt\u00f3re potrafi ci\u0105\u0107, sieka\u0107, kroi\u0107 i \u015bcina\u0107 nawet najtwardsze materia\u0142y. Zaprojektowana przez tw\u00f3rc\u0119 no\u017cy na zam\u00f3wienie Andrew Demke, seria Cold Steel Rajah okaza\u0142a si\u0119 zar\u00f3wno ulubie\u0144cem fan\u00f3w, jak i natychmiastowym klasykiem! Dost\u0119pne w dw\u00f3ch rozmiarach, ich unikalny kszta\u0142t ostrza ma cienkie, p\u0142askie, szlifowane pod k\u0105tem prostym kraw\u0119dzie, co zapewnia naturalnie g\u0142\u0119bokie zgryz. , wi\u0119c ci\u0119cia wykonane w ten spos\u00f3b przewy\u017cszaj\u0105 inne no\u017ce o tej samej wielko\u015bci i wadze. R\u0119koje\u015b\u0107 Rajah ma r\u00f3wnie\u017c podobne linie estetyczne i niuanse konstrukcyjne co tradycyjne Kukris, z dodatkiem strategicznie rozmieszczonych krzywizn zapewniaj\u0105cych optymalny chwyt i kontrol\u0119. Wyposa\u017cyli\u015bmy tak\u017ce seri\u0119 Rajah w nasz znany na ca\u0142ym \u015bwiecie mechanizm blokuj\u0105cy Tri-Ad, kt\u00f3ry po raz kolejny udowodni\u0142, \u017ce jest niezwykle mocny i odporny na uderzenia.<\/p>\n<p>PARAMETRY PRODUKTU<br \/>\nGrubo\u015b\u0107 ostrza: 4,8 mm<br \/>\nKolor: czarny\/srebrny<br \/>\nMateria\u0142 r\u0119koje\u015bci: D\u0142ugi Griv-Ex\u2122<br \/>\nWaga: 379,88 g<br \/>\nStal: japo\u0144ska stal nierdzewna AUS 10A z wyko\u0144czeniem Stone Wash<br \/>\nMateria\u0142 obudowy: kiesze\u0144 ze stali nierdzewnej\/zaczep na pasek<br \/>\nRodzaj zamka: Blokada Tri-Ad<br \/>\nD\u0142ugo\u015b\u0107 r\u0105czki: 203 mm<br \/>\nRozmiar ca\u0142kowity: 355 mm<br \/>\nD\u0142ugo\u015b\u0107 ostrza: 152 mm<\/p>\n","protected":false},"excerpt":{"rendered":"<p><strong>Kukri<\/strong> to doskona\u0142e narz\u0119dzie wielofunkcyjne.<\/p>\n","protected":false},"featured_media":335285,"comment_status":"open","ping_status":"closed","template":"","meta":[],"pwb-brand":[3596],"product_brand":[],"product_cat":[3307,3296],"product_tag":[],"class_list":{"0":"post-335284","1":"product","2":"type-product","3":"status-publish","4":"has-post-thumbnail","6":"pwb-brand-zimna-stal","7":"product_cat-zamykanie-nozy","8":"product_cat-noze-pl","10":"first","11":"instock","12":"taxable","13":"shipping-taxable","14":"purchasable","15":"product-type-simple"},"brands":[{"id":3596,"name":"Zimna stal","slug":"zimna-stal"}],"_links":{"self":[{"href":"https:\/\/www.moskito.cz\/pl\/wp-json\/wp\/v2\/product\/335284","targetHints":{"allow":["GET"]}}],"collection":[{"href":"https:\/\/www.moskito.cz\/pl\/wp-json\/wp\/v2\/product"}],"about":[{"href":"https:\/\/www.moskito.cz\/pl\/wp-json\/wp\/v2\/types\/product"}],"replies":[{"embeddable":true,"href":"https:\/\/www.moskito.cz\/pl\/wp-json\/wp\/v2\/comments?post=335284"}],"wp:featuredmedia":[{"embeddable":true,"href":"https:\/\/www.moskito.cz\/pl\/wp-json\/wp\/v2\/media\/335285"}],"wp:attachment":[{"href":"https:\/\/www.moskito.cz\/pl\/wp-json\/wp\/v2\/media?parent=335284"}],"wp:term":[{"taxonomy":"pwb-brand","embeddable":true,"href":"https:\/\/www.moskito.cz\/pl\/wp-json\/wp\/v2\/pwb-brand?post=335284"},{"taxonomy":"product_brand","embeddable":true,"href":"https:\/\/www.moskito.cz\/pl\/wp-json\/wp\/v2\/product_brand?post=335284"},{"taxonomy":"product_cat","embeddable":true,"href":"https:\/\/www.moskito.cz\/pl\/wp-json\/wp\/v2\/product_cat?post=335284"},{"taxonomy":"product_tag","embeddable":true,"href":"https:\/\/www.moskito.cz\/pl\/wp-json\/wp\/v2\/product_tag?post=335284"}],"curies":[{"name":"wp","href":"https:\/\/api.w.org\/{rel}","templated":true}]}}