{"id":335300,"date":"2022-04-21T20:50:53","date_gmt":"2022-04-21T19:50:53","guid":{"rendered":"https:\/\/www.moskito.cz\/produkt\/noz-skladany-cold-steel-sr1-lite-tanto-point\/"},"modified":"2025-05-07T11:12:18","modified_gmt":"2025-05-07T10:12:18","slug":"noz-skladany-cold-steel-sr1-lite-tanto-point","status":"publish","type":"product","link":"https:\/\/www.moskito.cz\/pl\/produkt\/noz-skladany-cold-steel-sr1-lite-tanto-point\/","title":{"rendered":"N\u00f3\u017c sk\u0142adany Cold Steel SR1 LITE &#8211; TANTO POINT"},"content":{"rendered":"<p>N\u00f3\u017c sk\u0142adany <strong>Cold Steel<\/strong> SR1 LITE &#8211; TANTO POINT.<\/p>\n<p>Cho\u0107 nie jest znacz\u0105co l\u017cejszy, nasz SR1 Lite jest niezaprzeczalnie l\u017cejszy w portfelu! Zbudowany, aby na\u015bladowa\u0107 swojego starszego brata pod ka\u017cdym wzgl\u0119dem, z wyj\u0105tkiem zast\u0105pienia chwytu G-10 chwytem Griv-Ex\u2122 i wykorzystania ta\u0144szej stali ostrza 8Cr13MoV. Nadal jest ostry jak brzytwa i gotowy na najci\u0119\u017csze zadanie lub najwi\u0119ksz\u0105 przygod\u0119.<\/p>\n<p>PARAMETRY PRODUKTU<br \/>\nD\u0142ugo\u015b\u0107 r\u0105czki: 137 mm<br \/>\nKolor: czarny\/srebrny<br \/>\nD\u0142ugo\u015b\u0107 ostrza: 101 mm<br \/>\nWaga: 178 g<br \/>\nMateria\u0142 r\u0119koje\u015bci: D\u0142ugi Griv-Ex\u2122<br \/>\nStal: 8Cr13MoV<br \/>\nGrubo\u015b\u0107 ostrza: 4,8 mm<br \/>\nRozmiar ca\u0142kowity: 238 mm<\/p>\n<p>&nbsp;<\/p>\n","protected":false},"excerpt":{"rendered":"<p><strong>SR1 Lite to ta\u0144sza wersja popularnego SR1 \u2013 no\u017ca sk\u0142adanego z g\u0142adkim ostrzem. SR1 to solidny n\u00f3\u017c roboczy przeznaczony do u\u017cytku w najbardziej wymagaj\u0105cych warunkach.<\/strong><\/p>\n","protected":false},"featured_media":335301,"comment_status":"open","ping_status":"closed","template":"","meta":[],"pwb-brand":[3596],"product_brand":[],"product_cat":[3307,3296],"product_tag":[],"class_list":{"0":"post-335300","1":"product","2":"type-product","3":"status-publish","4":"has-post-thumbnail","6":"pwb-brand-zimna-stal","7":"product_cat-zamykanie-nozy","8":"product_cat-noze-pl","10":"first","11":"instock","12":"taxable","13":"shipping-taxable","14":"purchasable","15":"product-type-simple"},"brands":[{"id":3596,"name":"Zimna stal","slug":"zimna-stal"}],"_links":{"self":[{"href":"https:\/\/www.moskito.cz\/pl\/wp-json\/wp\/v2\/product\/335300","targetHints":{"allow":["GET"]}}],"collection":[{"href":"https:\/\/www.moskito.cz\/pl\/wp-json\/wp\/v2\/product"}],"about":[{"href":"https:\/\/www.moskito.cz\/pl\/wp-json\/wp\/v2\/types\/product"}],"replies":[{"embeddable":true,"href":"https:\/\/www.moskito.cz\/pl\/wp-json\/wp\/v2\/comments?post=335300"}],"wp:featuredmedia":[{"embeddable":true,"href":"https:\/\/www.moskito.cz\/pl\/wp-json\/wp\/v2\/media\/335301"}],"wp:attachment":[{"href":"https:\/\/www.moskito.cz\/pl\/wp-json\/wp\/v2\/media?parent=335300"}],"wp:term":[{"taxonomy":"pwb-brand","embeddable":true,"href":"https:\/\/www.moskito.cz\/pl\/wp-json\/wp\/v2\/pwb-brand?post=335300"},{"taxonomy":"product_brand","embeddable":true,"href":"https:\/\/www.moskito.cz\/pl\/wp-json\/wp\/v2\/product_brand?post=335300"},{"taxonomy":"product_cat","embeddable":true,"href":"https:\/\/www.moskito.cz\/pl\/wp-json\/wp\/v2\/product_cat?post=335300"},{"taxonomy":"product_tag","embeddable":true,"href":"https:\/\/www.moskito.cz\/pl\/wp-json\/wp\/v2\/product_tag?post=335300"}],"curies":[{"name":"wp","href":"https:\/\/api.w.org\/{rel}","templated":true}]}}