{"id":335309,"date":"2023-03-24T21:35:46","date_gmt":"2023-03-24T20:35:46","guid":{"rendered":"https:\/\/www.moskito.cz\/produkt\/solidny-noz-cold-steel-mini-leatherneck-clip-point\/"},"modified":"2024-04-19T08:46:27","modified_gmt":"2024-04-19T07:46:27","slug":"solidny-noz-cold-steel-mini-leatherneck-clip-point","status":"publish","type":"product","link":"https:\/\/www.moskito.cz\/pl\/produkt\/solidny-noz-cold-steel-mini-leatherneck-clip-point\/","title":{"rendered":"Solidny n\u00f3\u017c Cold Steel MINI LEATHERNECK CLIP POINT"},"content":{"rendered":"<p>Solidny n\u00f3\u017c <strong>Cold Steel<\/strong> MINI LEATHERNECK CLIP POINT<\/p>\n<p>Wykonane ze stali 8Cr13MoV i oferowane w trzech wersjach ostrzy, ka\u017cde posiada os\u0142on\u0119 ze stali nierdzewnej z szerokimi kolcami chroni\u0105cymi palce. R\u0119koje\u015b\u0107 wykonana jest z materia\u0142u Kray-Ex\u2122 i ma przypomina\u0107 nasze wi\u0119ksze modele Leatherneck. No\u017ce te s\u0105 wyposa\u017cone w mocn\u0105 i wytrzyma\u0142\u0105 pochw\u0119 Secure-Ex\u2122, kt\u00f3ra mo\u017ce pomie\u015bci\u0107 koralik lub klips C-Clip Cold Steel\u00ae. A co najlepsze, s\u0105 niedrogie.<\/p>\n<p>Rozmiar ca\u0142kowity: 17,2 cm<br \/>\nStal: stal 8Cr13MoV<br \/>\nKolor: czarny\/srebrny<br \/>\nMateria\u0142 r\u0119koje\u015bci: D\u0142ugi Kray-Ex\u2122<br \/>\nD\u0142ugo\u015b\u0107 r\u0105czki: 8,3 cm<br \/>\nGrubo\u015b\u0107 ostrza: 0,3 cm<br \/>\nMateria\u0142 os\u0142ony: os\u0142ona Secure-Ex\u00ae<br \/>\nD\u0142ugo\u015b\u0107 ostrza: 8,9 cm<br \/>\nWaga: 95 g<\/p>\n","protected":false},"excerpt":{"rendered":"<p><strong>Kszta\u0142t ma\u0142ego Leathernecka wzorowany jest na jego du\u017cym modelu. Dzi\u0119ki swoim mniejszym rozmiarom i wadze stanie si\u0119 narz\u0119dziem codziennego noszenia i nie b\u0119dzie niepotrzebnie przyci\u0105ga\u0107 negatywnej uwagi.<\/strong><\/p>\n","protected":false},"featured_media":335310,"comment_status":"open","ping_status":"closed","template":"","meta":[],"pwb-brand":[3596],"product_brand":[],"product_cat":[3297,3296],"product_tag":[],"class_list":{"0":"post-335309","1":"product","2":"type-product","3":"status-publish","4":"has-post-thumbnail","6":"pwb-brand-zimna-stal","7":"product_cat-solidne-noze","8":"product_cat-noze-pl","10":"first","11":"instock","12":"taxable","13":"shipping-taxable","14":"purchasable","15":"product-type-simple"},"brands":[{"id":3596,"name":"Zimna stal","slug":"zimna-stal"}],"_links":{"self":[{"href":"https:\/\/www.moskito.cz\/pl\/wp-json\/wp\/v2\/product\/335309","targetHints":{"allow":["GET"]}}],"collection":[{"href":"https:\/\/www.moskito.cz\/pl\/wp-json\/wp\/v2\/product"}],"about":[{"href":"https:\/\/www.moskito.cz\/pl\/wp-json\/wp\/v2\/types\/product"}],"replies":[{"embeddable":true,"href":"https:\/\/www.moskito.cz\/pl\/wp-json\/wp\/v2\/comments?post=335309"}],"wp:featuredmedia":[{"embeddable":true,"href":"https:\/\/www.moskito.cz\/pl\/wp-json\/wp\/v2\/media\/335310"}],"wp:attachment":[{"href":"https:\/\/www.moskito.cz\/pl\/wp-json\/wp\/v2\/media?parent=335309"}],"wp:term":[{"taxonomy":"pwb-brand","embeddable":true,"href":"https:\/\/www.moskito.cz\/pl\/wp-json\/wp\/v2\/pwb-brand?post=335309"},{"taxonomy":"product_brand","embeddable":true,"href":"https:\/\/www.moskito.cz\/pl\/wp-json\/wp\/v2\/product_brand?post=335309"},{"taxonomy":"product_cat","embeddable":true,"href":"https:\/\/www.moskito.cz\/pl\/wp-json\/wp\/v2\/product_cat?post=335309"},{"taxonomy":"product_tag","embeddable":true,"href":"https:\/\/www.moskito.cz\/pl\/wp-json\/wp\/v2\/product_tag?post=335309"}],"curies":[{"name":"wp","href":"https:\/\/api.w.org\/{rel}","templated":true}]}}