{"id":335315,"date":"2019-03-18T12:12:26","date_gmt":"2019-03-18T11:12:26","guid":{"rendered":"https:\/\/www.moskito.cz\/produkt\/solidny-noz-cold-steel-super-edge-cs42ss\/"},"modified":"2025-07-11T07:48:20","modified_gmt":"2025-07-11T06:48:20","slug":"solidny-noz-cold-steel-super-edge-cs42ss","status":"publish","type":"product","link":"https:\/\/www.moskito.cz\/pl\/produkt\/solidny-noz-cold-steel-super-edge-cs42ss\/","title":{"rendered":"Solidny n\u00f3\u017c Cold Steel Super Edge CS42SS"},"content":{"rendered":"<p>Solidny n\u00f3\u017c Cold Steel Super Edge CS42SS.<\/p>\n<p>Super Edge to wyj\u0105tkowo ma\u0142y i lekki n\u00f3\u017c z z\u0105bkowan\u0105 kraw\u0119dzi\u0105. Przeznaczony jest do noszenia na co dzie\u0144 i w taki spos\u00f3b, aby jak najmniej przeszkadza\u0142. Nadaje si\u0119 do ci\u0119cia r\u00f3\u017cnych materia\u0142\u00f3w lin, drut\u00f3w, uszczelek gumowych. Dzi\u0119ki jednostronnie zaostrzonemu ostrzu, mimo swojej wielko\u015bci, podczas ci\u0119cia mo\u017cna wywrze\u0107 wystarczaj\u0105cy nacisk kciukiem na grzbiet ostrza. Ostrze no\u017ca wykonane jest z japo\u0144skiej stali AUS 8A. Jest to solidny n\u00f3\u017c, w zestawie z pochw\u0105.<\/p>\n<div class=\"vc-commoditydetail_parameters\">\n<div class=\"detaillist-row\">\n<div class=\"detaillist-row-name\">Kolor: czarny\/srebrny<\/div>\n<\/div>\n<div class=\"detaillist-row\">\n<div class=\"detaillist-row-name\">Rozmiar ca\u0142kowity: 109 mm<\/div>\n<\/div>\n<div class=\"detaillist-row\">\n<div class=\"detaillist-row-name\">D\u0142ugo\u015b\u0107 ostrza: 50 mm<\/div>\n<\/div>\n<div class=\"detaillist-row\">\n<div class=\"detaillist-row-name\">Stal: japo\u0144ska stal nierdzewna AUS 8A<\/div>\n<\/div>\n<div class=\"detaillist-row\">\n<div class=\"detaillist-row-name\">Materia\u0142 r\u0119koje\u015bci: D\u0142ugi Kray-Ex\u2122<\/div>\n<\/div>\n<div class=\"detaillist-row\">\n<div class=\"detaillist-row-name\">Grubo\u015b\u0107 ostrza: 2 mm<\/div>\n<\/div>\n<div class=\"detaillist-row\">\n<div class=\"detaillist-row-name\">Waga: 22,67 g<\/div>\n<\/div>\n<div class=\"detaillist-row\">\n<div class=\"detaillist-row-name\">D\u0142ugo\u015b\u0107 r\u0105czki: 58 mm<\/div>\n<\/div>\n<div class=\"detaillist-row\">\n<div class=\"detaillist-row-name\">Materia\u0142 os\u0142ony: os\u0142ona Secure-Ex\u00ae<\/div>\n<div><\/div>\n<\/div>\n<\/div>\n","protected":false},"excerpt":{"rendered":"<p>Super Edge firmy COLD STEEL to solidny n\u00f3\u017c z z\u0105bkowan\u0105 kraw\u0119dzi\u0105, kt\u00f3ry jest ma\u0142ym koniem poci\u0105gowym. N\u00f3\u017c odpowiedni do EDC. Mo\u017cna przyczepi\u0107 do breloczka do kluczy lub zamka kurtki.<\/p>\n","protected":false},"featured_media":163063,"comment_status":"open","ping_status":"closed","template":"","meta":[],"pwb-brand":[3596],"product_brand":[],"product_cat":[3297,3296],"product_tag":[],"class_list":{"0":"post-335315","1":"product","2":"type-product","3":"status-publish","4":"has-post-thumbnail","6":"pwb-brand-zimna-stal","7":"product_cat-solidne-noze","8":"product_cat-noze-pl","10":"first","11":"outofstock","12":"taxable","13":"shipping-taxable","14":"purchasable","15":"product-type-simple"},"brands":[{"id":3596,"name":"Zimna stal","slug":"zimna-stal"}],"_links":{"self":[{"href":"https:\/\/www.moskito.cz\/pl\/wp-json\/wp\/v2\/product\/335315","targetHints":{"allow":["GET"]}}],"collection":[{"href":"https:\/\/www.moskito.cz\/pl\/wp-json\/wp\/v2\/product"}],"about":[{"href":"https:\/\/www.moskito.cz\/pl\/wp-json\/wp\/v2\/types\/product"}],"replies":[{"embeddable":true,"href":"https:\/\/www.moskito.cz\/pl\/wp-json\/wp\/v2\/comments?post=335315"}],"wp:featuredmedia":[{"embeddable":true,"href":"https:\/\/www.moskito.cz\/pl\/wp-json\/wp\/v2\/media\/163063"}],"wp:attachment":[{"href":"https:\/\/www.moskito.cz\/pl\/wp-json\/wp\/v2\/media?parent=335315"}],"wp:term":[{"taxonomy":"pwb-brand","embeddable":true,"href":"https:\/\/www.moskito.cz\/pl\/wp-json\/wp\/v2\/pwb-brand?post=335315"},{"taxonomy":"product_brand","embeddable":true,"href":"https:\/\/www.moskito.cz\/pl\/wp-json\/wp\/v2\/product_brand?post=335315"},{"taxonomy":"product_cat","embeddable":true,"href":"https:\/\/www.moskito.cz\/pl\/wp-json\/wp\/v2\/product_cat?post=335315"},{"taxonomy":"product_tag","embeddable":true,"href":"https:\/\/www.moskito.cz\/pl\/wp-json\/wp\/v2\/product_tag?post=335315"}],"curies":[{"name":"wp","href":"https:\/\/api.w.org\/{rel}","templated":true}]}}