{"id":335326,"date":"2022-11-01T18:53:44","date_gmt":"2024-04-19T07:52:22","guid":{"rendered":"https:\/\/www.moskito.cz\/produkt\/noz-skladany-cold-steel-ti-lite-kris-blade\/"},"modified":"2025-05-07T11:12:20","modified_gmt":"2025-05-07T10:12:20","slug":"noz-skladany-cold-steel-ti-lite-kris-blade","status":"publish","type":"product","link":"https:\/\/www.moskito.cz\/pl\/produkt\/noz-skladany-cold-steel-ti-lite-kris-blade\/","title":{"rendered":"N\u00f3\u017c sk\u0142adany Cold Steel TI-LITE KRIS BLADE"},"content":{"rendered":"<p>N\u00f3\u017c sk\u0142adany <strong>Cold Steel<\/strong> TI-LITE KRIS BLADE.<\/p>\n<p>Ostrza\/ostrza Cold Steel\u00ae Ti-Lite\u00ae przywo\u0142uj\u0105 eleganck\u0105 pr\u0119dko\u015b\u0107 i buntownicze linie klasycznego ostrza strzeleckiego z lat 50. XX wieku. lot. Cz\u0119sto na\u015bladowany, ale nigdy nie dor\u00f3wnuj\u0105cy sobie, Ti-Lite\u00ae (zaprojektowany przez zmar\u0142ego wielkiego Phila Boguszewskiego) to arcydzie\u0142o wydajno\u015bci i stylu. Ti-Lites\u00ae s\u0105 wyposa\u017cone w zamki pi\u00f3rowe ze stali nierdzewnej (w naszych testach udowodniono, \u017ce wytrzymuj\u0105 ponad 145 funt\u00f3w). Aby u\u0142atwi\u0107 przenoszenie, Ti-Lites\u00ae s\u0105 wyposa\u017cone w ma\u0142y, ale dyskretny stalowy klips do kieszeni i mo\u017cna je szybko otworzy\u0107 za pomoc\u0105 ko\u0142k\u00f3w kciukowych lub zatrzaskuj\u0105c kolb\u0119 za kraw\u0119dzi\u0105 kieszeni podczas wyci\u0105gania no\u017ca. Kris Ti-Lite\u00ae. Fani gamy no\u017cy Ti-Lite b\u0119d\u0105 zachwyceni pojawieniem si\u0119 naszych nowych ostrzy w stylu Kris. Dost\u0119pne z cztero- lub sze\u015bciocalowymi ostrzami o g\u0142adkich kraw\u0119dziach i sze\u015bciocalow\u0105 wersj\u0105 z\u0105bkowan\u0105.<\/p>\n<p>PARAMETRY PRODUKTU<br \/>\nD\u0142ugo\u015b\u0107 r\u0105czki: 120 mm<br \/>\nWaga: 105 g<br \/>\nGrubo\u015b\u0107 ostrza: 3 mm<br \/>\nMateria\u0142 obudowy: stalowy klips kieszeniowy<br \/>\nD\u0142ugo\u015b\u0107 ostrza: 101 mm<br \/>\nRodzaj bezpiecznika: linerlock<br \/>\nMateria\u0142 r\u0119koje\u015bci: d\u0142ugi Zy-Ex<br \/>\nRozmiar ca\u0142kowity: 222 mm<br \/>\nStal: japo\u0144ska stal nierdzewna AUS 10A<br \/>\nKolor br\u0105zowy<\/p>\n","protected":false},"excerpt":{"rendered":"<p>Ti-Lite Kris bazuje na najbardziej typowej broni Azji Po\u0142udniowo-Wschodniej (Malezja, Filipiny, Indonezja).<\/p>\n","protected":false},"featured_media":335327,"comment_status":"open","ping_status":"closed","template":"","meta":[],"pwb-brand":[3596],"product_brand":[],"product_cat":[3296,3307],"product_tag":[],"class_list":{"0":"post-335326","1":"product","2":"type-product","3":"status-publish","4":"has-post-thumbnail","6":"pwb-brand-zimna-stal","7":"product_cat-noze-pl","8":"product_cat-zamykanie-nozy","10":"first","11":"instock","12":"taxable","13":"shipping-taxable","14":"purchasable","15":"product-type-simple"},"brands":[{"id":3596,"name":"Zimna stal","slug":"zimna-stal"}],"_links":{"self":[{"href":"https:\/\/www.moskito.cz\/pl\/wp-json\/wp\/v2\/product\/335326","targetHints":{"allow":["GET"]}}],"collection":[{"href":"https:\/\/www.moskito.cz\/pl\/wp-json\/wp\/v2\/product"}],"about":[{"href":"https:\/\/www.moskito.cz\/pl\/wp-json\/wp\/v2\/types\/product"}],"replies":[{"embeddable":true,"href":"https:\/\/www.moskito.cz\/pl\/wp-json\/wp\/v2\/comments?post=335326"}],"wp:featuredmedia":[{"embeddable":true,"href":"https:\/\/www.moskito.cz\/pl\/wp-json\/wp\/v2\/media\/335327"}],"wp:attachment":[{"href":"https:\/\/www.moskito.cz\/pl\/wp-json\/wp\/v2\/media?parent=335326"}],"wp:term":[{"taxonomy":"pwb-brand","embeddable":true,"href":"https:\/\/www.moskito.cz\/pl\/wp-json\/wp\/v2\/pwb-brand?post=335326"},{"taxonomy":"product_brand","embeddable":true,"href":"https:\/\/www.moskito.cz\/pl\/wp-json\/wp\/v2\/product_brand?post=335326"},{"taxonomy":"product_cat","embeddable":true,"href":"https:\/\/www.moskito.cz\/pl\/wp-json\/wp\/v2\/product_cat?post=335326"},{"taxonomy":"product_tag","embeddable":true,"href":"https:\/\/www.moskito.cz\/pl\/wp-json\/wp\/v2\/product_tag?post=335326"}],"curies":[{"name":"wp","href":"https:\/\/api.w.org\/{rel}","templated":true}]}}