{"id":335332,"date":"2022-11-01T21:45:31","date_gmt":"2024-04-19T07:53:48","guid":{"rendered":"https:\/\/www.moskito.cz\/produkt\/solidny-noz-cold-steel-tokyo-spike\/"},"modified":"2025-05-07T11:12:23","modified_gmt":"2025-05-07T10:12:23","slug":"solidny-noz-cold-steel-tokyo-spike","status":"publish","type":"product","link":"https:\/\/www.moskito.cz\/pl\/produkt\/solidny-noz-cold-steel-tokyo-spike\/","title":{"rendered":"Solidny n\u00f3\u017c Cold Steel TOKYO SPIKE"},"content":{"rendered":"<p>Solidny n\u00f3\u017c <strong>Cold Steel<\/strong> TOKYO SPIKE.<\/p>\n<p>Nasze no\u017ce szyjne z serii Spike s\u0105 cienkie, lekkie i super mocne. Ich ostre jak brzytwa, zero naostrzone ostrza s\u0105 uzupe\u0142nione mocno z\u0105bkowanymi, teksturowanymi \u0142uskami r\u0119koje\u015bci, kt\u00f3re zapewniaj\u0105 wygodny i pewny chwyt. Ergonomiczne chwyty Spike maj\u0105 zintegrowane kolce, kt\u00f3re zapewniaj\u0105 bezpieczne zatrzymanie palca wskazuj\u0105cego i kciuka, podczas gdy g\u0142\u0119boko uformowany i wyrze\u017abiony Griv-Ex zapewnia doskona\u0142\u0105 przyczepno\u015b\u0107 nawet wtedy, gdy d\u0142onie s\u0105 zimne, mokre i \u015bliskie. Dost\u0119pne w czterech charakterystycznych kszta\u0142tach ostrzy (Bowie, Drop Point, Tokyo i Tanto point), oferuj\u0105 ca\u0142\u0105 wytrzyma\u0142o\u015b\u0107 jednocz\u0119\u015bciowej konstrukcji z litej stali, a jednocze\u015bnie s\u0105 na tyle lekkie, \u017ce mo\u017cna je nosi\u0107 przez ca\u0142y dzie\u0144 bez zm\u0119czenia. Ka\u017cdy Spike jest wyposa\u017cony w nak\u0142adk\u0119 Secure-Ex, kt\u00f3ra zapewnia doskona\u0142e trzymanie i bezpiecze\u0144stwo.<\/p>\n<p>PARAMETRY PRODUKTU<br \/>\nStal: niemiecka stal nierdzewna 4116, hartowana kriogenicznie<br \/>\nWaga: 65,2 g<br \/>\nGrubo\u015b\u0107 ostrza: 3 mm<br \/>\nRozmiar ca\u0142kowity: 203 mm<br \/>\nMateria\u0142 r\u0119koje\u015bci: D\u0142ugi G-10 w stylu Griv-Ex\u2122<br \/>\nD\u0142ugo\u015b\u0107 ostrza: 101 mm<br \/>\nKolor: czarny\/srebrny<br \/>\nMateria\u0142 os\u0142ony: os\u0142ona Secure-Ex\u00ae<br \/>\nD\u0142ugo\u015b\u0107 r\u0105czki: 101 mm<\/p>\n","protected":false},"excerpt":{"rendered":"<p>Tokyo Spike firmy COLD STEEL to ma\u0142y, solidny n\u00f3\u017c z g\u0142adkim ostrzem.<\/p>\n","protected":false},"featured_media":335333,"comment_status":"open","ping_status":"closed","template":"","meta":[],"pwb-brand":[3596],"product_brand":[],"product_cat":[3296,3297],"product_tag":[3671],"class_list":{"0":"post-335332","1":"product","2":"type-product","3":"status-publish","4":"has-post-thumbnail","6":"pwb-brand-zimna-stal","7":"product_cat-noze-pl","8":"product_cat-solidne-noze","9":"product_tag-b2b-pl","11":"first","12":"instock","13":"taxable","14":"shipping-taxable","15":"purchasable","16":"product-type-simple"},"brands":[{"id":3596,"name":"Zimna stal","slug":"zimna-stal"}],"_links":{"self":[{"href":"https:\/\/www.moskito.cz\/pl\/wp-json\/wp\/v2\/product\/335332","targetHints":{"allow":["GET"]}}],"collection":[{"href":"https:\/\/www.moskito.cz\/pl\/wp-json\/wp\/v2\/product"}],"about":[{"href":"https:\/\/www.moskito.cz\/pl\/wp-json\/wp\/v2\/types\/product"}],"replies":[{"embeddable":true,"href":"https:\/\/www.moskito.cz\/pl\/wp-json\/wp\/v2\/comments?post=335332"}],"wp:featuredmedia":[{"embeddable":true,"href":"https:\/\/www.moskito.cz\/pl\/wp-json\/wp\/v2\/media\/335333"}],"wp:attachment":[{"href":"https:\/\/www.moskito.cz\/pl\/wp-json\/wp\/v2\/media?parent=335332"}],"wp:term":[{"taxonomy":"pwb-brand","embeddable":true,"href":"https:\/\/www.moskito.cz\/pl\/wp-json\/wp\/v2\/pwb-brand?post=335332"},{"taxonomy":"product_brand","embeddable":true,"href":"https:\/\/www.moskito.cz\/pl\/wp-json\/wp\/v2\/product_brand?post=335332"},{"taxonomy":"product_cat","embeddable":true,"href":"https:\/\/www.moskito.cz\/pl\/wp-json\/wp\/v2\/product_cat?post=335332"},{"taxonomy":"product_tag","embeddable":true,"href":"https:\/\/www.moskito.cz\/pl\/wp-json\/wp\/v2\/product_tag?post=335332"}],"curies":[{"name":"wp","href":"https:\/\/api.w.org\/{rel}","templated":true}]}}