{"id":335355,"date":"2022-11-02T19:42:32","date_gmt":"2024-04-19T08:02:08","guid":{"rendered":"https:\/\/www.moskito.cz\/produkt\/noz-skladany-cold-steel-extra-large-drop-point-voyager\/"},"modified":"2025-05-07T11:12:25","modified_gmt":"2025-05-07T10:12:25","slug":"noz-skladany-cold-steel-extra-large-drop-point-voyager","status":"publish","type":"product","link":"https:\/\/www.moskito.cz\/pl\/produkt\/noz-skladany-cold-steel-extra-large-drop-point-voyager\/","title":{"rendered":"N\u00f3\u017c sk\u0142adany Cold Steel Extra Large Drop Point Voyager"},"content":{"rendered":"<p>N\u00f3\u017c sk\u0142adany <strong>Cold Steel<\/strong> Extra Large Drop Point Voyager.<\/p>\n<p>Wi\u0119kszo\u015b\u0107 entuzjast\u00f3w outdooru chce od swojego no\u017ca dw\u00f3ch rzeczy. Wystarczy przymocowa\u0107 go do ubrania lub sprz\u0119tu i m\u00f3c dobrze wykonywa\u0107 zadania biwakowe. Dlatego do serii Voyager wprowadzamy nowe ostrze Drop Point, kt\u00f3re okaza\u0142o si\u0119 bardzo wszechstronne i idealnie nadaje si\u0119 szczeg\u00f3lnie do no\u017cy my\u015bliwskich i outdoorowych. Ten kszta\u0142t ostrza, kt\u00f3ry ma ostrzejsz\u0105 krzywizn\u0119 ostrza w pobli\u017cu ko\u0144c\u00f3wki, okaza\u0142 si\u0119 lepszy do wszystkich czynno\u015bci zwi\u0105zanych z krojeniem i krojeniem, a tak\u017ce u\u0142atwia \u015bci\u0105ganie dziczyzny. Ostrze o grubo\u015bci 4 mm wykonano ze stali AUS 10A. Ta martenzytyczna stal nierdzewna posiada bardzo dobre w\u0142a\u015bciwo\u015bci wytrzyma\u0142o\u015bciowe i stosowana jest g\u0142\u00f3wnie jako materia\u0142 na narz\u0119dzia skrawaj\u0105ce. W por\u00f3wnaniu do AUS 8A lepiej trzyma ostrze i jest bardziej odporny na \u015bcieranie. Stal zosta\u0142a nast\u0119pnie poddana obr\u00f3bce cieplnej w celu uzyskania idealnej r\u00f3wnowagi pomi\u0119dzy zachowaniem kraw\u0119dzi a \u0142atwo\u015bci\u0105 ponownego ostrzenia. Wyko\u0144czenie Stonewashing zapobiega \u0142atwemu zarysowaniu i sprawia, \u017ce \u200b\u200bn\u00f3\u017c jest bardziej odporny na korozj\u0119. R\u0119koje\u015b\u0107 z wyra\u017anym rasterem wykonana jest poprzez wtrysk pod wysokim ci\u015bnieniem materia\u0142u Griv-Ex\u2122, kt\u00f3ry sam w sobie jest wystarczaj\u0105co mocny. Struktura powierzchni r\u0119koje\u015bci zapobiega wysuwaniu si\u0119 no\u017ca podczas pracy w wilgotnym \u015brodowisku. N\u00f3\u017c wyposa\u017cony jest w obustronny ko\u0142ek otwieraj\u0105cy, a ta seria no\u017cy zosta\u0142a wyposa\u017cona w unikalny patent Cold Steel\u00ae Tri-Ad Lock\u2122. Blokada zapobiega automatycznemu lub niezamierzonemu zamkni\u0119ciu no\u017ca, nawet w przypadku naturalnego zu\u017cycia z biegiem czasu. W zestawie otrzymasz r\u00f3wnie\u017c klips do noszenia na lewym boku.<\/p>\n<p>PARAMETRY PRODUKTU<br \/>\nWaga: 227 g<br \/>\nCzarny kolor<br \/>\nMateria\u0142 obudowy: stalowy klips kieszeniowy<br \/>\nD\u0142ugo\u015b\u0107 ostrza: 140 mm<br \/>\nRodzaj zamka: Blokada Tri-Ad<br \/>\nRozmiar ca\u0142kowity: 311 mm<br \/>\nGrubo\u015b\u0107 ostrza: 4 mm<br \/>\nD\u0142ugo\u015b\u0107 r\u0105czki: 171 mm<br \/>\nStal: AUS 10A z wyko\u0144czeniem Stone Washed<br \/>\nMateria\u0142 r\u0119koje\u015bci: D\u0142ugi Griv-Ex<\/p>\n","protected":false},"excerpt":{"rendered":"<p>N\u00f3\u017c sk\u0142adany z g\u0142adkim ostrzem. Kszta\u0142t ostrza Drop Point okaza\u0142 si\u0119 bardzo wszechstronny i idealnie nadaje si\u0119 szczeg\u00f3lnie do no\u017cy my\u015bliwskich i outdoorowych.<\/p>\n","protected":false},"featured_media":335356,"comment_status":"open","ping_status":"closed","template":"","meta":[],"pwb-brand":[3596],"product_brand":[],"product_cat":[3296,3307],"product_tag":[],"class_list":{"0":"post-335355","1":"product","2":"type-product","3":"status-publish","4":"has-post-thumbnail","6":"pwb-brand-zimna-stal","7":"product_cat-noze-pl","8":"product_cat-zamykanie-nozy","10":"first","11":"outofstock","12":"taxable","13":"shipping-taxable","14":"purchasable","15":"product-type-simple"},"brands":[{"id":3596,"name":"Zimna stal","slug":"zimna-stal"}],"_links":{"self":[{"href":"https:\/\/www.moskito.cz\/pl\/wp-json\/wp\/v2\/product\/335355","targetHints":{"allow":["GET"]}}],"collection":[{"href":"https:\/\/www.moskito.cz\/pl\/wp-json\/wp\/v2\/product"}],"about":[{"href":"https:\/\/www.moskito.cz\/pl\/wp-json\/wp\/v2\/types\/product"}],"replies":[{"embeddable":true,"href":"https:\/\/www.moskito.cz\/pl\/wp-json\/wp\/v2\/comments?post=335355"}],"wp:featuredmedia":[{"embeddable":true,"href":"https:\/\/www.moskito.cz\/pl\/wp-json\/wp\/v2\/media\/335356"}],"wp:attachment":[{"href":"https:\/\/www.moskito.cz\/pl\/wp-json\/wp\/v2\/media?parent=335355"}],"wp:term":[{"taxonomy":"pwb-brand","embeddable":true,"href":"https:\/\/www.moskito.cz\/pl\/wp-json\/wp\/v2\/pwb-brand?post=335355"},{"taxonomy":"product_brand","embeddable":true,"href":"https:\/\/www.moskito.cz\/pl\/wp-json\/wp\/v2\/product_brand?post=335355"},{"taxonomy":"product_cat","embeddable":true,"href":"https:\/\/www.moskito.cz\/pl\/wp-json\/wp\/v2\/product_cat?post=335355"},{"taxonomy":"product_tag","embeddable":true,"href":"https:\/\/www.moskito.cz\/pl\/wp-json\/wp\/v2\/product_tag?post=335355"}],"curies":[{"name":"wp","href":"https:\/\/api.w.org\/{rel}","templated":true}]}}