{"id":335369,"date":"2022-11-05T21:48:58","date_gmt":"2022-11-05T20:48:58","guid":{"rendered":"https:\/\/www.moskito.cz\/produkt\/noz-staly-cold-steel-pendleton-lite-hunter\/"},"modified":"2025-05-07T11:12:26","modified_gmt":"2025-05-07T10:12:26","slug":"noz-staly-cold-steel-pendleton-lite-hunter","status":"publish","type":"product","link":"https:\/\/www.moskito.cz\/pl\/produkt\/noz-staly-cold-steel-pendleton-lite-hunter\/","title":{"rendered":"N\u00f3\u017c sta\u0142y Cold Steel PENDLETON LITE HUNTER"},"content":{"rendered":"<p>N\u00f3\u017c sta\u0142y <strong>Cold Steel<\/strong> PENDLETON LITE HUNTER.<\/p>\n<p>Z biegiem lat nasze Pendleton Hunters sta\u0142y si\u0119 niezwykle popularne i wiele os\u00f3b prosi\u0142o nas o ta\u0144szy Pendleton, kt\u00f3ry pasuje do niemal ka\u017cdego bud\u017cetu. Wizualnie Pendleton Lite Hunter jest bardzo podobny do klasycznego funkcjonalnego projektu Lloyds, z praktycznym ostrzem typu drop point, skromn\u0105 os\u0142on\u0105, zag\u0142\u0119bionym obszarem podparcia i rozszerzon\u0105 kolb\u0105, aby u\u0142atwi\u0107 trzymanie si\u0119 na \u015bliskich i niesprzyjaj\u0105cych warunkach. Jedynymi wi\u0119kszymi zmianami by\u0142o zastosowanie ch\u0142odzonej na zimno niemieckiej stali nierdzewnej 4116 i zastosowanie w r\u0119koje\u015bci polipropylenu o wysokiej wytrzyma\u0142o\u015bci. Je\u015bli szukasz niezawodnego i wielokrotnie nagradzanego no\u017ca my\u015bliwskiego\/u\u017cytkowego, kt\u00f3ry b\u0119dzie Ci dobrze s\u0142u\u017cy\u0142 przez wiele lat &#8211; trudno b\u0119dzie Ci przebi\u0107 Pendleton Lite Hunter.<br \/>\nPARAMETRY PRODUKTU<br \/>\nD\u0142ugo\u015b\u0107 r\u0105czki: 123 mm<br \/>\nMateria\u0142 os\u0142ony: os\u0142ona Secure-Ex\u00ae<br \/>\nKolor: czarny\/srebrny<br \/>\nMateria\u0142 r\u0119koje\u015bci: d\u0142ugi, wysokoudarowy polipropylen<br \/>\nD\u0142ugo\u015b\u0107 ostrza: 92 mm<br \/>\nStal: niemiecka stal nierdzewna 4116, hartowana kriogenicznie<br \/>\nGrubo\u015b\u0107 ostrza: 3 mm<br \/>\nWaga: 76,54 g<br \/>\nRozmiar ca\u0142kowity: 215 mm<\/p>\n","protected":false},"excerpt":{"rendered":"<p>Pendleton Lite Hunter firmy Cold Steel to solidny n\u00f3\u017c z g\u0142adkim ostrzem.<\/p>\n","protected":false},"featured_media":335370,"comment_status":"open","ping_status":"closed","template":"","meta":[],"pwb-brand":[3596],"product_brand":[],"product_cat":[3297,3296],"product_tag":[],"class_list":{"0":"post-335369","1":"product","2":"type-product","3":"status-publish","4":"has-post-thumbnail","6":"pwb-brand-zimna-stal","7":"product_cat-solidne-noze","8":"product_cat-noze-pl","10":"first","11":"instock","12":"taxable","13":"shipping-taxable","14":"purchasable","15":"product-type-simple"},"brands":[{"id":3596,"name":"Zimna stal","slug":"zimna-stal"}],"_links":{"self":[{"href":"https:\/\/www.moskito.cz\/pl\/wp-json\/wp\/v2\/product\/335369","targetHints":{"allow":["GET"]}}],"collection":[{"href":"https:\/\/www.moskito.cz\/pl\/wp-json\/wp\/v2\/product"}],"about":[{"href":"https:\/\/www.moskito.cz\/pl\/wp-json\/wp\/v2\/types\/product"}],"replies":[{"embeddable":true,"href":"https:\/\/www.moskito.cz\/pl\/wp-json\/wp\/v2\/comments?post=335369"}],"wp:featuredmedia":[{"embeddable":true,"href":"https:\/\/www.moskito.cz\/pl\/wp-json\/wp\/v2\/media\/335370"}],"wp:attachment":[{"href":"https:\/\/www.moskito.cz\/pl\/wp-json\/wp\/v2\/media?parent=335369"}],"wp:term":[{"taxonomy":"pwb-brand","embeddable":true,"href":"https:\/\/www.moskito.cz\/pl\/wp-json\/wp\/v2\/pwb-brand?post=335369"},{"taxonomy":"product_brand","embeddable":true,"href":"https:\/\/www.moskito.cz\/pl\/wp-json\/wp\/v2\/product_brand?post=335369"},{"taxonomy":"product_cat","embeddable":true,"href":"https:\/\/www.moskito.cz\/pl\/wp-json\/wp\/v2\/product_cat?post=335369"},{"taxonomy":"product_tag","embeddable":true,"href":"https:\/\/www.moskito.cz\/pl\/wp-json\/wp\/v2\/product_tag?post=335369"}],"curies":[{"name":"wp","href":"https:\/\/api.w.org\/{rel}","templated":true}]}}