{"id":335390,"date":"2022-10-31T20:32:33","date_gmt":"2024-04-19T08:09:44","guid":{"rendered":"https:\/\/www.moskito.cz\/produkt\/naprawiono-noz-cold-steel-mini-tac-tanto-aus8a-49htf\/"},"modified":"2025-05-07T11:12:26","modified_gmt":"2025-05-07T10:12:26","slug":"naprawiono-noz-cold-steel-mini-tac-tanto-aus8a-49htf","status":"publish","type":"product","link":"https:\/\/www.moskito.cz\/pl\/produkt\/naprawiono-noz-cold-steel-mini-tac-tanto-aus8a-49htf\/","title":{"rendered":"Naprawiono n\u00f3\u017c Cold Steel Mini Tac Tanto (AUS8A) 49HTF"},"content":{"rendered":"<p>Naprawiono n\u00f3\u017c <strong>Cold Steel<\/strong> Mini Tac Tanto (AUS8A) 49HTF.<\/p>\n<p>No\u017ce Cold Steel Mini Tac Neck s\u0105 tak cienkie i lekkie, \u017ce mo\u017cna je wygodnie nosi\u0107 praktycznie 24 godziny na dob\u0119! Dzi\u0119ki trwa\u0142ym pochewkom Secure Ex, specjalnie zaprojektowanym tak, aby dobrze trzyma\u0142y n\u00f3\u017c i umo\u017cliwia\u0142y szybkie dobycie, mog\u0105 pe\u0142ni\u0107 funkcj\u0119 por\u0119cznego ostrza u\u017cytkowego lub kempingowego, no\u017ca do codziennego noszenia lub narz\u0119dzia ratunkowego. Ka\u017cdy Mini Tac ma cienkie, wysokiej jako\u015bci teksturowane uchwyty Griv-Ex. Ta cecha pozwala im le\u017ce\u0107 p\u0142asko i blisko cia\u0142a, a jednocze\u015bnie zapewnia dobr\u0105 powierzchni\u0119 chwytn\u0105. W po\u0142\u0105czeniu z integraln\u0105 r\u0119koje\u015bci\u0105, obci\u0105\u017cniki te zapewniaj\u0105 palcom niesamowite trzymanie i pozwalaj\u0105 na wyj\u0105tkowo pewny chwyt, kt\u00f3ry jest odporny na toczenie si\u0119 lub skr\u0119canie.<\/p>\n<p>PARAMETRY PRODUKTU<br \/>\nStal: japo\u0144ska stal nierdzewna AUS 8A<br \/>\nRozmiar ca\u0142kowity: 171 mm<br \/>\nMateria\u0142 os\u0142ony: os\u0142ona na szyj\u0119 Secure-Ex\u00ae ze smycz\u0105 z koralikami<br \/>\nCzarny kolor<br \/>\nD\u0142ugo\u015b\u0107 r\u0119koje\u015bci: 76,2 mm<br \/>\nGrubo\u015b\u0107 ostrza: 2,5 mm<br \/>\nMateria\u0142 r\u0119koje\u015bci: D\u0142ugi Griv-Ex\u2122 w stylu G-10<br \/>\nWaga: 76,54 g<br \/>\nD\u0142ugo\u015b\u0107 ostrza: 95 mm<\/p>\n<p>&nbsp;<\/p>\n","protected":false},"excerpt":{"rendered":"<p>No\u017ce Cold Steel Mini Tac Neck s\u0105 tak cienkie i lekkie, \u017ce mo\u017cna je wygodnie nosi\u0107 praktycznie 24 godziny na dob\u0119!<\/p>\n","protected":false},"featured_media":335391,"comment_status":"open","ping_status":"closed","template":"","meta":[],"pwb-brand":[3596],"product_brand":[],"product_cat":[3297,3296],"product_tag":[],"class_list":{"0":"post-335390","1":"product","2":"type-product","3":"status-publish","4":"has-post-thumbnail","6":"pwb-brand-zimna-stal","7":"product_cat-solidne-noze","8":"product_cat-noze-pl","10":"first","11":"instock","12":"sale","13":"taxable","14":"shipping-taxable","15":"purchasable","16":"product-type-simple"},"brands":[{"id":3596,"name":"Zimna stal","slug":"zimna-stal"}],"_links":{"self":[{"href":"https:\/\/www.moskito.cz\/pl\/wp-json\/wp\/v2\/product\/335390","targetHints":{"allow":["GET"]}}],"collection":[{"href":"https:\/\/www.moskito.cz\/pl\/wp-json\/wp\/v2\/product"}],"about":[{"href":"https:\/\/www.moskito.cz\/pl\/wp-json\/wp\/v2\/types\/product"}],"replies":[{"embeddable":true,"href":"https:\/\/www.moskito.cz\/pl\/wp-json\/wp\/v2\/comments?post=335390"}],"wp:featuredmedia":[{"embeddable":true,"href":"https:\/\/www.moskito.cz\/pl\/wp-json\/wp\/v2\/media\/335391"}],"wp:attachment":[{"href":"https:\/\/www.moskito.cz\/pl\/wp-json\/wp\/v2\/media?parent=335390"}],"wp:term":[{"taxonomy":"pwb-brand","embeddable":true,"href":"https:\/\/www.moskito.cz\/pl\/wp-json\/wp\/v2\/pwb-brand?post=335390"},{"taxonomy":"product_brand","embeddable":true,"href":"https:\/\/www.moskito.cz\/pl\/wp-json\/wp\/v2\/product_brand?post=335390"},{"taxonomy":"product_cat","embeddable":true,"href":"https:\/\/www.moskito.cz\/pl\/wp-json\/wp\/v2\/product_cat?post=335390"},{"taxonomy":"product_tag","embeddable":true,"href":"https:\/\/www.moskito.cz\/pl\/wp-json\/wp\/v2\/product_tag?post=335390"}],"curies":[{"name":"wp","href":"https:\/\/api.w.org\/{rel}","templated":true}]}}