{"id":335407,"date":"2022-11-01T16:45:02","date_gmt":"2024-04-19T08:13:15","guid":{"rendered":"https:\/\/www.moskito.cz\/produkt\/noz-staly-cold-steel-counter-tac-ii\/"},"modified":"2025-05-07T11:12:27","modified_gmt":"2025-05-07T10:12:27","slug":"noz-staly-cold-steel-counter-tac-ii","status":"publish","type":"product","link":"https:\/\/www.moskito.cz\/pl\/produkt\/noz-staly-cold-steel-counter-tac-ii\/","title":{"rendered":"N\u00f3\u017c sta\u0142y Cold Steel COUNTER TAC II"},"content":{"rendered":"<p>N\u00f3\u017c sta\u0142y <strong>Cold Steel<\/strong> COUNTER TAC II.<\/p>\n<p>Nasze no\u017ce obuwnicze Counter TAC zosta\u0142y zaprojektowane z my\u015bl\u0105 o prostej filozofii. Funkcjonalno\u015b\u0107. To proste \u2013 dzia\u0142aj\u0105 i wyr\u00f3\u017cniaj\u0105 si\u0119 w tym, co robi\u0105! Ich ostre ostrza z pe\u0142n\u0105 ko\u0144c\u00f3wk\u0105 AUS 8A s\u0105 poddawane pr\u00f3\u017cniowej obr\u00f3bce cieplnej i utwardzaniu w temperaturze poni\u017cej zera, co zapewnia wytrzyma\u0142o\u015b\u0107 i trwa\u0142o\u015b\u0107. Ergonomiczna konstrukcja r\u0119koje\u015bci Kray-Ex\u2122 jest wygodna i dopasowuje si\u0119 do ka\u017cdego chwytu, a g\u0142\u0119boko teksturowana powierzchnia i podw\u00f3jna os\u0142ona sprawiaj\u0105, \u017ce n\u00f3\u017c w \u017cadnym wypadku nie wy\u015blizgnie si\u0119 z d\u0142oni. Wreszcie, ka\u017cdy Counter TAC jest wyposa\u017cony w najnowocze\u015bniejsz\u0105 kabur\u0119 Secure-Ex, w komplecie ze zdejmowanym klipsem na buty\/pasek i otworami do mocowania, dzi\u0119ki czemu mo\u017cna go nosi\u0107 praktycznie wsz\u0119dzie.<\/p>\n<p>PARAMETRY PRODUKTU<br \/>\nRozmiar ca\u0142kowity: 171,45 mm<br \/>\nMateria\u0142 r\u0119koje\u015bci: D\u0142ugi Kray-Ex\u2122<br \/>\nStal: japo\u0144ska stal nierdzewna AUS 8A z wyko\u0144czeniem Stone Wash<br \/>\nD\u0142ugo\u015b\u0107 r\u0119koje\u015bci: 114,3 mm<br \/>\nD\u0142ugo\u015b\u0107 ostrza: 85,7 mm<br \/>\nKolor: czarny\/srebrny<br \/>\nWaga: 59,5 g<br \/>\nGrubo\u015b\u0107 ostrza: 4 mm<br \/>\nMateria\u0142 os\u0142ony: os\u0142ona Secure-Ex\u2122<\/p>\n","protected":false},"excerpt":{"rendered":"<p>No\u017ce sta\u0142e Counter TAC firmy COLD STEEL przeznaczone s\u0105 przede wszystkim do ukrytego noszenia w bucie.<\/p>\n","protected":false},"featured_media":335408,"comment_status":"open","ping_status":"closed","template":"","meta":[],"pwb-brand":[3596],"product_brand":[],"product_cat":[3296,3297],"product_tag":[],"class_list":{"0":"post-335407","1":"product","2":"type-product","3":"status-publish","4":"has-post-thumbnail","6":"pwb-brand-zimna-stal","7":"product_cat-noze-pl","8":"product_cat-solidne-noze","10":"first","11":"outofstock","12":"taxable","13":"shipping-taxable","14":"purchasable","15":"product-type-simple"},"brands":[{"id":3596,"name":"Zimna stal","slug":"zimna-stal"}],"_links":{"self":[{"href":"https:\/\/www.moskito.cz\/pl\/wp-json\/wp\/v2\/product\/335407","targetHints":{"allow":["GET"]}}],"collection":[{"href":"https:\/\/www.moskito.cz\/pl\/wp-json\/wp\/v2\/product"}],"about":[{"href":"https:\/\/www.moskito.cz\/pl\/wp-json\/wp\/v2\/types\/product"}],"replies":[{"embeddable":true,"href":"https:\/\/www.moskito.cz\/pl\/wp-json\/wp\/v2\/comments?post=335407"}],"wp:featuredmedia":[{"embeddable":true,"href":"https:\/\/www.moskito.cz\/pl\/wp-json\/wp\/v2\/media\/335408"}],"wp:attachment":[{"href":"https:\/\/www.moskito.cz\/pl\/wp-json\/wp\/v2\/media?parent=335407"}],"wp:term":[{"taxonomy":"pwb-brand","embeddable":true,"href":"https:\/\/www.moskito.cz\/pl\/wp-json\/wp\/v2\/pwb-brand?post=335407"},{"taxonomy":"product_brand","embeddable":true,"href":"https:\/\/www.moskito.cz\/pl\/wp-json\/wp\/v2\/product_brand?post=335407"},{"taxonomy":"product_cat","embeddable":true,"href":"https:\/\/www.moskito.cz\/pl\/wp-json\/wp\/v2\/product_cat?post=335407"},{"taxonomy":"product_tag","embeddable":true,"href":"https:\/\/www.moskito.cz\/pl\/wp-json\/wp\/v2\/product_tag?post=335407"}],"curies":[{"name":"wp","href":"https:\/\/api.w.org\/{rel}","templated":true}]}}