{"id":335420,"date":"2023-03-31T20:13:13","date_gmt":"2023-03-31T19:13:13","guid":{"rendered":"https:\/\/www.moskito.cz\/produkt\/noz-staly-cold-steel-3v-srk-cpm-3v\/"},"modified":"2025-05-07T11:12:28","modified_gmt":"2025-05-07T10:12:28","slug":"noz-staly-cold-steel-3v-srk-cpm-3v","status":"publish","type":"product","link":"https:\/\/www.moskito.cz\/pl\/produkt\/noz-staly-cold-steel-3v-srk-cpm-3v\/","title":{"rendered":"N\u00f3\u017c sta\u0142y Cold Steel 3V SRK (CPM 3V)"},"content":{"rendered":"<p>N\u00f3\u017c sta\u0142y <strong>Cold Steel<\/strong> 3V SRK (CPM 3V)<\/p>\n<p>Operacje survivalowe i ratownicze wymagaj\u0105 wszechstronnego no\u017ca, kt\u00f3ry wytrzyma najbardziej ekstremalne warunki. Kr\u00f3tko m\u00f3wi\u0105c, n\u00f3\u017c Cold Steel SRK (Survival Rescue Knife) zosta\u0142 zaprojektowany specjalnie z my\u015bl\u0105 o tym. Popularny n\u00f3\u017c w\u015br\u00f3d wojskowych i taktycznych funkcjonariuszy organ\u00f3w \u015bcigania, SRK jest idealnym no\u017cem dla Navy SEALS podczas ich BUDS \u2013 czyli podstawowego szkolenia w zakresie rozbi\u00f3rki pod wod\u0105 \u2013 SRK wielokrotnie sprawdza\u0142 si\u0119 w najbardziej wymagaj\u0105cych \u015brodowiskach. Niezale\u017cnie od misji, jeste\u015bmy pewni, \u017ce SRK jest no\u017cem dla Ciebie!<\/p>\n<p>Opis:<\/p>\n<p>Materia\u0142 r\u0119koje\u015bci: D\u0142ugi Kray-Ex<br \/>\nStal: US CPM 3V High Carbon<br \/>\nWaga: 249,47 g<br \/>\nD\u0142ugo\u015b\u0107 r\u0105czki: 12 cm<br \/>\nD\u0142ugo\u015b\u0107 ostrza: 15,2 cm<br \/>\nGrubo\u015b\u0107 ostrza: 0,5 cm<br \/>\nRozmiar ca\u0142kowity: 27,3 cm<br \/>\nMateria\u0142 os\u0142ony: os\u0142ona Secure-Ex\u00ae<br \/>\nKolor: czarny\/srebrny<\/p>\n","protected":false},"excerpt":{"rendered":"<p><strong>3V SRK od COLD STEEL to solidny n\u00f3\u017c o g\u0142adkiej kraw\u0119dzi. Zosta\u0142 opracowany z my\u015bl\u0105 o akcjach survivalowych i ratowniczych wymagaj\u0105cych wszechstronnego no\u017ca, kt\u00f3ry wytrzyma ekstremalne warunki<\/strong><\/p>\n","protected":false},"featured_media":335421,"comment_status":"open","ping_status":"closed","template":"","meta":[],"pwb-brand":[3596],"product_brand":[],"product_cat":[3297,3296],"product_tag":[],"class_list":{"0":"post-335420","1":"product","2":"type-product","3":"status-publish","4":"has-post-thumbnail","6":"pwb-brand-zimna-stal","7":"product_cat-solidne-noze","8":"product_cat-noze-pl","10":"first","11":"instock","12":"taxable","13":"shipping-taxable","14":"purchasable","15":"product-type-simple"},"brands":[{"id":3596,"name":"Zimna stal","slug":"zimna-stal"}],"_links":{"self":[{"href":"https:\/\/www.moskito.cz\/pl\/wp-json\/wp\/v2\/product\/335420","targetHints":{"allow":["GET"]}}],"collection":[{"href":"https:\/\/www.moskito.cz\/pl\/wp-json\/wp\/v2\/product"}],"about":[{"href":"https:\/\/www.moskito.cz\/pl\/wp-json\/wp\/v2\/types\/product"}],"replies":[{"embeddable":true,"href":"https:\/\/www.moskito.cz\/pl\/wp-json\/wp\/v2\/comments?post=335420"}],"wp:featuredmedia":[{"embeddable":true,"href":"https:\/\/www.moskito.cz\/pl\/wp-json\/wp\/v2\/media\/335421"}],"wp:attachment":[{"href":"https:\/\/www.moskito.cz\/pl\/wp-json\/wp\/v2\/media?parent=335420"}],"wp:term":[{"taxonomy":"pwb-brand","embeddable":true,"href":"https:\/\/www.moskito.cz\/pl\/wp-json\/wp\/v2\/pwb-brand?post=335420"},{"taxonomy":"product_brand","embeddable":true,"href":"https:\/\/www.moskito.cz\/pl\/wp-json\/wp\/v2\/product_brand?post=335420"},{"taxonomy":"product_cat","embeddable":true,"href":"https:\/\/www.moskito.cz\/pl\/wp-json\/wp\/v2\/product_cat?post=335420"},{"taxonomy":"product_tag","embeddable":true,"href":"https:\/\/www.moskito.cz\/pl\/wp-json\/wp\/v2\/product_tag?post=335420"}],"curies":[{"name":"wp","href":"https:\/\/api.w.org\/{rel}","templated":true}]}}