{"id":335430,"date":"2022-11-06T22:00:01","date_gmt":"2024-04-19T08:22:11","guid":{"rendered":"https:\/\/www.moskito.cz\/produkt\/solidny-noz-cold-steel-podwojny-agent-i-zabkowany\/"},"modified":"2025-05-07T11:12:29","modified_gmt":"2025-05-07T10:12:29","slug":"solidny-noz-cold-steel-podwojny-agent-i-zabkowany","status":"publish","type":"product","link":"https:\/\/www.moskito.cz\/pl\/produkt\/solidny-noz-cold-steel-podwojny-agent-i-zabkowany\/","title":{"rendered":"Solidny n\u00f3\u017c Cold Steel PODW\u00d3JNY AGENT I Z\u0104BKOWANY"},"content":{"rendered":"<p>Solidny n\u00f3\u017c Cold Steel PODW\u00d3JNY AGENT I Z\u0104BKOWANY.<\/p>\n<p>Zaprojektowane przez tw\u00f3rc\u0119 no\u017cy Zacha Whitsona, no\u017ce Cold&#8217;s Double Agent s\u0105 dost\u0119pne z ostrzem Karambit lub Clip Point. Cienki, p\u0142aski i super lekki (nieco ponad 3 uncje \u0142\u0105cznie z bezpiecznym etui!), kt\u00f3ry mo\u017cna \u0142atwo ukry\u0107 i bardzo wygodnie nosi\u0107. Jednak ich najbardziej zauwa\u017caln\u0105 i przyci\u0105gaj\u0105c\u0105 wzrok cech\u0105 jest podw\u00f3jny uchwyt pier\u015bcieniowy. Prze\u0142\u00f3\u017c palec wskazuj\u0105cy i ma\u0142y przez zintegrowane stalowe pier\u015bcienie i zaci\u015bnij pi\u0119\u015b\u0107, aby zapewni\u0107 wygodny i pewny chwyt.<\/p>\n<p>PARAMETRY PRODUKTU<br \/>\nWaga: 70,87 g<br \/>\nMateria\u0142 r\u0119koje\u015bci: D\u0142ugi Kray-Ex<br \/>\nD\u0142ugo\u015b\u0107 ostrza: 152 mm<br \/>\nD\u0142ugo\u015b\u0107 r\u0105czki: 120 mm<br \/>\nKolor: czarny\/srebrny<br \/>\nStal: japo\u0144ska stal nierdzewna AUS 8A<br \/>\nMateria\u0142 os\u0142ony: os\u0142ona Secure-Ex\u00ae<br \/>\nRozmiar ca\u0142kowity: 193 mm<br \/>\nGrubo\u015b\u0107 ostrza: 2,3 mm<\/p>\n","protected":false},"excerpt":{"rendered":"<p>Double Agent I Serrated from COLD STEEL to n\u00f3\u017c ze sta\u0142ym ostrzem Hawkbill i z\u0105bkowan\u0105 kraw\u0119dzi\u0105.<\/p>\n","protected":false},"featured_media":335431,"comment_status":"open","ping_status":"closed","template":"","meta":[],"pwb-brand":[3596],"product_brand":[],"product_cat":[3296,3297],"product_tag":[],"class_list":{"0":"post-335430","1":"product","2":"type-product","3":"status-publish","4":"has-post-thumbnail","6":"pwb-brand-zimna-stal","7":"product_cat-noze-pl","8":"product_cat-solidne-noze","10":"first","11":"instock","12":"taxable","13":"shipping-taxable","14":"purchasable","15":"product-type-simple"},"brands":[{"id":3596,"name":"Zimna stal","slug":"zimna-stal"}],"_links":{"self":[{"href":"https:\/\/www.moskito.cz\/pl\/wp-json\/wp\/v2\/product\/335430","targetHints":{"allow":["GET"]}}],"collection":[{"href":"https:\/\/www.moskito.cz\/pl\/wp-json\/wp\/v2\/product"}],"about":[{"href":"https:\/\/www.moskito.cz\/pl\/wp-json\/wp\/v2\/types\/product"}],"replies":[{"embeddable":true,"href":"https:\/\/www.moskito.cz\/pl\/wp-json\/wp\/v2\/comments?post=335430"}],"wp:featuredmedia":[{"embeddable":true,"href":"https:\/\/www.moskito.cz\/pl\/wp-json\/wp\/v2\/media\/335431"}],"wp:attachment":[{"href":"https:\/\/www.moskito.cz\/pl\/wp-json\/wp\/v2\/media?parent=335430"}],"wp:term":[{"taxonomy":"pwb-brand","embeddable":true,"href":"https:\/\/www.moskito.cz\/pl\/wp-json\/wp\/v2\/pwb-brand?post=335430"},{"taxonomy":"product_brand","embeddable":true,"href":"https:\/\/www.moskito.cz\/pl\/wp-json\/wp\/v2\/product_brand?post=335430"},{"taxonomy":"product_cat","embeddable":true,"href":"https:\/\/www.moskito.cz\/pl\/wp-json\/wp\/v2\/product_cat?post=335430"},{"taxonomy":"product_tag","embeddable":true,"href":"https:\/\/www.moskito.cz\/pl\/wp-json\/wp\/v2\/product_tag?post=335430"}],"curies":[{"name":"wp","href":"https:\/\/api.w.org\/{rel}","templated":true}]}}