{"id":335446,"date":"2022-11-02T19:22:48","date_gmt":"2022-11-02T18:22:48","guid":{"rendered":"https:\/\/www.moskito.cz\/produkt\/noz-skladany-cold-steel-duzy-espada-s35vn\/"},"modified":"2025-05-07T11:12:30","modified_gmt":"2025-05-07T10:12:30","slug":"noz-skladany-cold-steel-duzy-espada-s35vn","status":"publish","type":"product","link":"https:\/\/www.moskito.cz\/pl\/produkt\/noz-skladany-cold-steel-duzy-espada-s35vn\/","title":{"rendered":"N\u00f3\u017c sk\u0142adany Cold Steel DU\u017bY ESPADA (S35VN)"},"content":{"rendered":"<p>N\u00f3\u017c sk\u0142adany <strong>Cold Steel<\/strong> DU\u017bY ESPADA (S35VN).<\/p>\n<p>Nigdy nie bali\u015bmy si\u0119 \u0142ama\u0107 konwencji. Dlatego te\u017c, kiedy wszyscy w naszej bran\u017cy produkowali najmniejsze, najsmuklejsze i najlepsze ma\u0142e no\u017ce, jakie tylko mogli, wypu\u015bcili\u015bmy seri\u0119 ostrzy, kt\u00f3re mo\u017cna opisa\u0107 tylko jednym \u2013 mieczami kieszonkowymi! Espada Cold Steel zosta\u0142a zainspirowana klasycznym modelem Navajo. no\u017ce z Hiszpanii, ale by\u0142y ca\u0142kowicie nowoczesne zar\u00f3wno pod wzgl\u0119dem wygl\u0105du, jak i materia\u0142\u00f3w. Te megafoldery podbi\u0142y rynek szturmem! Dzi\u0119ki wsp\u00f3\u0142pracy tw\u00f3rcy no\u017cy na zam\u00f3wienie Andrew Demka i prezesa Cold Steel Lynn C. Thompson nasze Espady s\u0105 dost\u0119pne w dw\u00f3ch rozmiarach, aby zadowoli\u0107 zar\u00f3wno \u015bmia\u0142e, jak i najbardziej odwa\u017cne osoby! Pomimo imponuj\u0105cych rozmiar\u00f3w, nasze Espady zosta\u0142y fachowo zaprojektowane tak, aby wygodnie i dyskretnie mie\u015bci\u0142y si\u0119 w kieszeni. Wkr\u00f3tce zapomnisz, \u017ce nosisz tak du\u017ce i imponuj\u0105ce ostrze. Wyposa\u017cone w opatentowan\u0105 p\u0142ytk\u0119 Demko Thumb Plate, du\u017ce i bardzo du\u017ce espady mo\u017cna schowa\u0107 do kieszeni, otworzy\u0107 po wyj\u0119ciu no\u017ca &#8211; i otworzy\u0107 w mgnieniu oka! Pi\u0119kne ostrza Espady wykonane s\u0105 z najwy\u017cszej jako\u015bci ameryka\u0144skiej stali stopowej S35VN \u2013 wybranej ze wzgl\u0119du na jej zdolno\u015b\u0107 nie tylko do utrzymywania bardzo cienkiej kraw\u0119dzi tn\u0105cej, ale tak\u017ce do utrzymywania jej przez wyj\u0105tkowo d\u0142ugi czas. Posiadaj\u0105 r\u00f3wnie\u017c fachowo wypolerowane skale G-10 i polerowane na lustro wsporniki i ram\u0119 z aluminium 7075. Ka\u017cda Espada jest wyposa\u017cona w nasz opatentowany mechanizm blokuj\u0105cy Tri-Ad, kt\u00f3ry ma niesamowit\u0105 odporno\u015b\u0107 na uderzenia i wytrzyma\u0142o\u015b\u0107. W naszych notorycznie brutalnych testach produktu XL Espada nie tylko by\u0142a w stanie utrzyma\u0107 600 funt\u00f3w swobodnie wisz\u0105cego ci\u0119\u017caru, ale u\u017cyli\u015bmy go nawet do podparcia zawieszonego bloku silnika! du\u017ce i bardzo du\u017ce espady mo\u017cna schowa\u0107 do kieszeni, n\u00f3\u017c otwiera si\u0119 po wyci\u0105gni\u0119ciu &#8211; i otwiera si\u0119 w mgnieniu oka! Pi\u0119kne ostrza Espady wykonane s\u0105 z najwy\u017cszej jako\u015bci ameryka\u0144skiej stali stopowej S35VN \u2013 wybranej ze wzgl\u0119du na jej zdolno\u015b\u0107 nie tylko do posiadania bardzo cienkiej kraw\u0119dzi tn\u0105cej, ale tak\u017ce do utrzymywania jej przez wyj\u0105tkowo d\u0142ugi czas. Posiadaj\u0105 r\u00f3wnie\u017c fachowo wypolerowane skale G-10 i polerowane na lustro wsporniki i ram\u0119 z aluminium 7075. Ka\u017cda Espada jest wyposa\u017cona w nasz opatentowany mechanizm blokuj\u0105cy Tri-Ad, kt\u00f3ry ma niesamowit\u0105 odporno\u015b\u0107 na uderzenia i wytrzyma\u0142o\u015b\u0107. W naszych notorycznie brutalnych testach produktu XL Espada nie tylko by\u0142a w stanie utrzyma\u0107 600 funt\u00f3w swobodnie wisz\u0105cego ci\u0119\u017caru, ale u\u017cyli\u015bmy go nawet do podparcia zawieszonego bloku silnika! du\u017ce i bardzo du\u017ce espady mo\u017cna schowa\u0107 do kieszeni, n\u00f3\u017c otwiera si\u0119 po wyci\u0105gni\u0119ciu &#8211; i otwiera si\u0119 w mgnieniu oka! Pi\u0119kne ostrza Espady wykonane s\u0105 z najwy\u017cszej jako\u015bci ameryka\u0144skiej stali stopowej S35VN \u2013 wybranej ze wzgl\u0119du na jej zdolno\u015b\u0107 nie tylko do posiadania bardzo cienkiej kraw\u0119dzi tn\u0105cej, ale tak\u017ce do utrzymywania jej przez wyj\u0105tkowo d\u0142ugi czas. Posiadaj\u0105 r\u00f3wnie\u017c fachowo wypolerowane skale G-10 i polerowane na lustro wsporniki i ram\u0119 z aluminium 7075. Ka\u017cda Espada jest wyposa\u017cona w nasz opatentowany mechanizm blokuj\u0105cy Tri-Ad, kt\u00f3ry ma niesamowit\u0105 odporno\u015b\u0107 na uderzenia i wytrzyma\u0142o\u015b\u0107. W naszych notorycznie brutalnych testach produktu XL Espada nie tylko by\u0142a w stanie utrzyma\u0107 600 funt\u00f3w swobodnie wisz\u0105cego ci\u0119\u017caru, ale u\u017cyli\u015bmy go nawet do podparcia zawieszonego bloku silnika! Pi\u0119kne ostrza wykonane s\u0105 z najwy\u017cszej jako\u015bci ameryka\u0144skiej stali stopowej S35VN \u2013 wybranej ze wzgl\u0119du na jej zdolno\u015b\u0107 nie tylko do chwytania bardzo cienkiej kraw\u0119dzi, ale tak\u017ce do utrzymywania jej przez wyj\u0105tkowo d\u0142ugi czas. Posiadaj\u0105 r\u00f3wnie\u017c fachowo wypolerowane skale G-10 i polerowane na lustro wsporniki i ram\u0119 z aluminium 7075. Ka\u017cda Espada jest wyposa\u017cona w nasz opatentowany mechanizm blokuj\u0105cy Tri-Ad, kt\u00f3ry ma niesamowit\u0105 odporno\u015b\u0107 na uderzenia i wytrzyma\u0142o\u015b\u0107. W naszych notorycznie brutalnych testach produktu XL Espada nie tylko by\u0142a w stanie utrzyma\u0107 600 funt\u00f3w swobodnie wisz\u0105cego ci\u0119\u017caru, ale u\u017cyli\u015bmy go nawet do podparcia zawieszonego bloku silnika! Pi\u0119kne ostrza wykonane s\u0105 z najwy\u017cszej jako\u015bci ameryka\u0144skiej stali stopowej S35VN \u2013 wybranej ze wzgl\u0119du na zdolno\u015b\u0107 nie tylko do chwytania bardzo cienkiej kraw\u0119dzi, ale tak\u017ce do utrzymywania jej przez wyj\u0105tkowo d\u0142ugi czas. Posiadaj\u0105 r\u00f3wnie\u017c fachowo wypolerowane skale G-10 oraz polerowane na lustro s\u0142upki i ram\u0119 z aluminium 7075. Ka\u017cda Espada jest wyposa\u017cona w nasz opatentowany mechanizm blokuj\u0105cy Tri-Ad, kt\u00f3ry ma niesamowit\u0105 odporno\u015b\u0107 na uderzenia i wytrzyma\u0142o\u015b\u0107. W naszych notorycznie brutalnych testach produktu XL Espada nie tylko by\u0142a w stanie utrzyma\u0107 600 funt\u00f3w swobodnie wisz\u0105cego ci\u0119\u017caru, ale u\u017cyli\u015bmy go nawet do podparcia zawieszonego bloku silnika! Ka\u017cda Espada jest wyposa\u017cona w nasz opatentowany mechanizm blokuj\u0105cy Tri-Ad, kt\u00f3ry ma niesamowit\u0105 odporno\u015b\u0107 na uderzenia i wytrzyma\u0142o\u015b\u0107. W naszych notorycznie brutalnych testach produktu XL Espada nie tylko by\u0142a w stanie utrzyma\u0107 600 funt\u00f3w swobodnie wisz\u0105cego ci\u0119\u017caru, ale u\u017cyli\u015bmy go nawet do podparcia zawieszonego bloku silnika! Ka\u017cda Espada jest wyposa\u017cona w nasz opatentowany mechanizm blokuj\u0105cy Tri-Ad, kt\u00f3ry ma niesamowit\u0105 odporno\u015b\u0107 na uderzenia i wytrzyma\u0142o\u015b\u0107. W naszych notorycznie brutalnych testach produktu XL Espada nie tylko by\u0142a w stanie utrzyma\u0107 600 funt\u00f3w swobodnie wisz\u0105cego ci\u0119\u017caru, ale u\u017cyli\u015bmy go nawet do podparcia zawieszonego bloku silnika!<br \/>\nWaga: 9 uncji Grubo\u015b\u0107 ostrza: 4 mm D\u0142ugo\u015b\u0107 ostrza: 5-1\/2&#8243; Stal ostrza: ameryka\u0144ska S35VN D\u0142ugo\u015b\u0107 r\u0119koje\u015bci\/materia\u0142: 6 3\/4&#8243; d\u0142ugo\u015bci Polerowane G-10 z polerowanym aluminium 7075 Wspornik i rama Ca\u0142kowita d\u0142ugo\u015b\u0107: 12-1 \/4&#8243; Dodatkowe funkcje: Dwustronny kieszonkowy \/ zaczep na pasek Typ no\u017ca: Sk\u0142adany Zakres d\u0142ugo\u015bci ostrza: ponad 5 cali Rodzina stali: CPM Kszta\u0142t ostrza: Klips Mechanizm blokuj\u0105cy: Blokada Tri-Ad Linia produkt\u00f3w: Espada<\/p>\n<p>Materia\u0142 ostrza: stal nierdzewna CPM S35VN<br \/>\nD\u0142ugo\u015b\u0107 ostrza: 140 mm<br \/>\nGrubo\u015b\u0107 ostrza: 4 mm<br \/>\nD\u0142ugo\u015b\u0107 ca\u0142kowita: 312 mm<br \/>\nMateria\u0142 r\u0119koje\u015bci: Superdural + G-10 i stop aluminium lotniczego<br \/>\nZamek: Cold Steel\u00ae Tri-Ad lock\u00ae<br \/>\nOtw\u00f3r no\u017ca: p\u0142ytka otwierana kciukiem<br \/>\nWaga: 255 g<br \/>\nNo\u017ce Cold Steel wyposa\u017cone s\u0105 w klips umo\u017cliwiaj\u0105cy noszenie za paskiem, kieszeni\u0105 itp.<\/p>\n","protected":false},"excerpt":{"rendered":"<p><strong>Kieszonkowy miecz!<\/strong><\/p>\n","protected":false},"featured_media":335447,"comment_status":"open","ping_status":"closed","template":"","meta":[],"pwb-brand":[3596],"product_brand":[],"product_cat":[3307,3296],"product_tag":[],"class_list":{"0":"post-335446","1":"product","2":"type-product","3":"status-publish","4":"has-post-thumbnail","6":"pwb-brand-zimna-stal","7":"product_cat-zamykanie-nozy","8":"product_cat-noze-pl","10":"first","11":"instock","12":"taxable","13":"shipping-taxable","14":"purchasable","15":"product-type-simple"},"brands":[{"id":3596,"name":"Zimna stal","slug":"zimna-stal"}],"_links":{"self":[{"href":"https:\/\/www.moskito.cz\/pl\/wp-json\/wp\/v2\/product\/335446","targetHints":{"allow":["GET"]}}],"collection":[{"href":"https:\/\/www.moskito.cz\/pl\/wp-json\/wp\/v2\/product"}],"about":[{"href":"https:\/\/www.moskito.cz\/pl\/wp-json\/wp\/v2\/types\/product"}],"replies":[{"embeddable":true,"href":"https:\/\/www.moskito.cz\/pl\/wp-json\/wp\/v2\/comments?post=335446"}],"wp:featuredmedia":[{"embeddable":true,"href":"https:\/\/www.moskito.cz\/pl\/wp-json\/wp\/v2\/media\/335447"}],"wp:attachment":[{"href":"https:\/\/www.moskito.cz\/pl\/wp-json\/wp\/v2\/media?parent=335446"}],"wp:term":[{"taxonomy":"pwb-brand","embeddable":true,"href":"https:\/\/www.moskito.cz\/pl\/wp-json\/wp\/v2\/pwb-brand?post=335446"},{"taxonomy":"product_brand","embeddable":true,"href":"https:\/\/www.moskito.cz\/pl\/wp-json\/wp\/v2\/product_brand?post=335446"},{"taxonomy":"product_cat","embeddable":true,"href":"https:\/\/www.moskito.cz\/pl\/wp-json\/wp\/v2\/product_cat?post=335446"},{"taxonomy":"product_tag","embeddable":true,"href":"https:\/\/www.moskito.cz\/pl\/wp-json\/wp\/v2\/product_tag?post=335446"}],"curies":[{"name":"wp","href":"https:\/\/api.w.org\/{rel}","templated":true}]}}