{"id":335466,"date":"2022-11-08T22:01:23","date_gmt":"2022-11-08T21:01:23","guid":{"rendered":"https:\/\/www.moskito.cz\/produkt\/solidny-noz-cold-steel-marauder-serrated\/"},"modified":"2025-05-07T11:12:32","modified_gmt":"2025-05-07T10:12:32","slug":"solidny-noz-cold-steel-marauder-serrated","status":"publish","type":"product","link":"https:\/\/www.moskito.cz\/pl\/produkt\/solidny-noz-cold-steel-marauder-serrated\/","title":{"rendered":"Solidny n\u00f3\u017c Cold Steel MARAUDER SERRATED"},"content":{"rendered":"<p>Solidny n\u00f3\u017c <strong>Cold Steel<\/strong> MARAUDER SERRATED.<\/p>\n<p>Honoruj\u0105c nazw\u0119 Merrill&#8217;s Marauders \u2013 znan\u0105 r\u00f3wnie\u017c pod kryptonimem \u201eGalahad\u201d w Stanach Zjednoczonych, nasz Marauder Bowie jest znany na polu bitwy w Azji Po\u0142udniowo-Wschodniej \u2013 jest wytrzyma\u0142y, niestrudzony i niezawodny. Posiada wyj\u0105tkowo szerokie, ostre jak brzytwa ostrze z g\u0142adko zakrzywion\u0105 kraw\u0119dzi\u0105, g\u0142\u0119bokim, szerokim skosem ostrza i imponuj\u0105cym szpicem. Podczas naszych intensywnych i wstrz\u0105saj\u0105cych test\u00f3w tego nowego Bowiego, prezes naszej firmy wypowiedzia\u0142 tylko jedno s\u0142owo: \u201eBestly\u201d w. Nadaje si\u0119 do wielu scenariuszy wojskowych, survivalowych i my\u015bliwskich, Marauder posiada wszechstronn\u0105 kabur\u0119 Secure-Ex, kt\u00f3ra umo\u017cliwia wygodne i bezpieczne przymocowanie no\u017ca do paska, plecaka lub LBV.<\/p>\n<p>PARAMETRY PRODUKTU<br \/>\nWaga: 351,53 g<br \/>\nStal: japo\u0144ska stal nierdzewna AUS 8A<br \/>\nRozmiar ca\u0142kowity: 358 mm<br \/>\nD\u0142ugo\u015b\u0107 r\u0105czki: 130 mm<br \/>\nKolor: czarny\/srebrny<br \/>\nGrubo\u015b\u0107 ostrza: 5 mm<br \/>\nD\u0142ugo\u015b\u0107 ostrza: 228 mm<br \/>\nMateria\u0142 r\u0119koje\u015bci: D\u0142ugi Kray-Ex\u2122<\/p>\n<p>&nbsp;<\/p>\n","protected":false},"excerpt":{"rendered":"<p>N\u00f3\u017c z\u0105bkowany Marauder firmy Cold Steel to absolutnie niezawodny, wytrzyma\u0142y n\u00f3\u017c bojowy dla entuzjast\u00f3w bushcraftu, survivalu i militari\u00f3w.<\/p>\n","protected":false},"featured_media":335467,"comment_status":"open","ping_status":"closed","template":"","meta":[],"pwb-brand":[3596],"product_brand":[],"product_cat":[3297,3296],"product_tag":[],"class_list":{"0":"post-335466","1":"product","2":"type-product","3":"status-publish","4":"has-post-thumbnail","6":"pwb-brand-zimna-stal","7":"product_cat-solidne-noze","8":"product_cat-noze-pl","10":"first","11":"instock","12":"taxable","13":"shipping-taxable","14":"purchasable","15":"product-type-simple"},"brands":[{"id":3596,"name":"Zimna stal","slug":"zimna-stal"}],"_links":{"self":[{"href":"https:\/\/www.moskito.cz\/pl\/wp-json\/wp\/v2\/product\/335466","targetHints":{"allow":["GET"]}}],"collection":[{"href":"https:\/\/www.moskito.cz\/pl\/wp-json\/wp\/v2\/product"}],"about":[{"href":"https:\/\/www.moskito.cz\/pl\/wp-json\/wp\/v2\/types\/product"}],"replies":[{"embeddable":true,"href":"https:\/\/www.moskito.cz\/pl\/wp-json\/wp\/v2\/comments?post=335466"}],"wp:featuredmedia":[{"embeddable":true,"href":"https:\/\/www.moskito.cz\/pl\/wp-json\/wp\/v2\/media\/335467"}],"wp:attachment":[{"href":"https:\/\/www.moskito.cz\/pl\/wp-json\/wp\/v2\/media?parent=335466"}],"wp:term":[{"taxonomy":"pwb-brand","embeddable":true,"href":"https:\/\/www.moskito.cz\/pl\/wp-json\/wp\/v2\/pwb-brand?post=335466"},{"taxonomy":"product_brand","embeddable":true,"href":"https:\/\/www.moskito.cz\/pl\/wp-json\/wp\/v2\/product_brand?post=335466"},{"taxonomy":"product_cat","embeddable":true,"href":"https:\/\/www.moskito.cz\/pl\/wp-json\/wp\/v2\/product_cat?post=335466"},{"taxonomy":"product_tag","embeddable":true,"href":"https:\/\/www.moskito.cz\/pl\/wp-json\/wp\/v2\/product_tag?post=335466"}],"curies":[{"name":"wp","href":"https:\/\/api.w.org\/{rel}","templated":true}]}}