{"id":335538,"date":"2022-04-16T14:44:59","date_gmt":"2022-04-16T13:44:59","guid":{"rendered":"https:\/\/www.moskito.cz\/produkt\/naprawiono-noz-cold-steel-tiger-karambit\/"},"modified":"2025-05-07T11:12:35","modified_gmt":"2025-05-07T10:12:35","slug":"naprawiono-noz-cold-steel-tiger-karambit","status":"publish","type":"product","link":"https:\/\/www.moskito.cz\/pl\/produkt\/naprawiono-noz-cold-steel-tiger-karambit\/","title":{"rendered":"Naprawiono n\u00f3\u017c Cold Steel Tiger Karambit"},"content":{"rendered":"<p>Naprawiono n\u00f3\u017c <strong>Cold Steel<\/strong> Tiger Karambit<\/p>\n<p>Stalowy Tygrys to na wskro\u015b nowoczesna interpretacja taktyczna indonezyjskiego karambitu. Steel Tiger, b\u0119d\u0105cy efektem wsp\u00f3\u0142pracy Lynn C. Thompson i nie\u017cyj\u0105cego ju\u017c tw\u00f3rcy no\u017cy na zam\u00f3wienie Stevena Likaricha, zosta\u0142 zaprojektowany tak, aby wykorzysta\u0107 wszystkie najlepsze cechy tego kultowego zakrzywionego ostrza i p\u0142ynnie po\u0142\u0105czy\u0107 je z nowoczesnymi materia\u0142ami i stylem. G\u0142\u0119boko zakrzywione i ostre jak ig\u0142a ostrze ze stali nierdzewnej AUS 8A Steel Tiger jest poddawane pr\u00f3\u017cniowej obr\u00f3bce cieplnej i utwardzaniu w temperaturze poni\u017cej zera, zw\u0119\u017cane i poddawane obr\u00f3bce metod\u0105 stonewash, aby zapewni\u0107 maksymaln\u0105 wytrzyma\u0142o\u015b\u0107, si\u0142\u0119 ci\u0119cia, zachowanie kraw\u0119dzi i wydajno\u015b\u0107. Wytrzyma\u0142y uchwyt z rdzeniem Griv-Ex w pe\u0142ni otacza chwyt, kt\u00f3ry wysuwa si\u0119, tworz\u0105c wsparcie, p\u00f3\u0142k\u0119 na kciuk i wydatny pier\u015bcie\u0144 na palec. Rdze\u0144 ten jest nast\u0119pnie wstrzykiwany najwy\u017cszej jako\u015bci Kray-Ex\u2122, tworz\u0105c doskona\u0142y, antypo\u015blizgowy chwyt, kt\u00f3ry nie zawiedzie Ci\u0119 nawet wtedy, gdy Twoje d\u0142onie b\u0119d\u0105 zimne lub mokre. Dla bezpiecze\u0144stwa i wygody Steel Tiger jest wyposa\u017cony w pochw\u0119 Secure-Ex w stylu wojskowym, kt\u00f3r\u0105 mo\u017cna przypi\u0105\u0107 do sprz\u0119tu lub nosi\u0107 za pomoc\u0105 zdejmowanego klipsa na buty\/pasek.<\/p>\n<p>Rozmiar ca\u0142kowity 222 mm<br \/>\nD\u0142ugo\u015b\u0107 ostrza 120 mm<br \/>\nStal japo\u0144ska AUS 8A nierdzewna z wyko\u0144czeniem Stone Wash<br \/>\nMateria\u0142 chwytu Griv-Ex\u2122 z Overmolded Kray-Ex\u2122<br \/>\nGrubo\u015b\u0107 ostrza 5 mm<br \/>\nWaga 141,47 g<br \/>\nD\u0142ugo\u015b\u0107 r\u0105czki 127 mm<br \/>\nRozmiar g\u0142owy 0<br \/>\nMateria\u0142 os\u0142ony Secure-Ex\u00ae<\/p>\n<p>&nbsp;<\/p>\n<p>Stalowy Tygrys to na wskro\u015b nowoczesna interpretacja taktyczna indonezyjskiego Karambitu. Steel Tiger, b\u0119d\u0105cy owocem wsp\u00f3\u0142pracy Lynn C. Thompsona i nie\u017cyj\u0105cego ju\u017c tw\u00f3rcy no\u017cy na zam\u00f3wienie, Stevena Likaricha, zosta\u0142 zaprojektowany tak, aby posiada\u0107 wszystkie najlepsze cechy tego kultowego haczykowatego ostrza i p\u0142ynnie integrowa\u0107 je z nowoczesnymi materia\u0142ami i stylizacj\u0105. G\u0142\u0119boko zakrzywione i ostre jak ig\u0142a ostrze ze stali nierdzewnej AUS 8A Steel Tiger jest poddawane pr\u00f3\u017cniowej obr\u00f3bce cieplnej i hartowaniu w temperaturze poni\u017cej zera, szlifowane sto\u017ckowo i wyko\u0144czone metod\u0105 stone wash dla maksymalnej wytrzyma\u0142o\u015bci, mocy ci\u0119cia, zachowania kraw\u0119dzi i wydajno\u015bci. Wytrzyma\u0142a r\u0119koje\u015b\u0107 z rdzeniem Griv-Ex w pe\u0142ni otacza trzpie\u0144, tworz\u0105c podp\u00f3rk\u0119, p\u00f3\u0142k\u0119 na kciuk i charakterystyczny pier\u015bcie\u0144 na palec. Rdze\u0144 ten jest nast\u0119pnie formowany wtryskowo z najwy\u017cszej jako\u015bci Kray-Ex\u2122, tworz\u0105c doskona\u0142y, antypo\u015blizgowy chwyt, kt\u00f3ry nie zawiedzie Ci\u0119 nawet wtedy, gdy Twoje d\u0142onie b\u0119d\u0105 zimne lub mokre. Dla bezpiecze\u0144stwa i wygody Steel Tiger jest wyposa\u017cony w os\u0142on\u0119 Secure-Ex w stylu wojskowym, kt\u00f3r\u0105 mo\u017cna przymocowa\u0107 do sprz\u0119tu lub nosi\u0107 przy sobie za pomoc\u0105 zdejmowanego zaczepu na buty\/pasek.<\/p>\n","protected":false},"excerpt":{"rendered":"<p>Steel Tiger od firmy COLD STEEL to solidny n\u00f3\u017c o g\u0142adkiej kraw\u0119dzi. Jest to nowa interpretacja kultowego indonezyjskiego no\u017ca karambit.<\/p>\n","protected":false},"featured_media":335539,"comment_status":"open","ping_status":"closed","template":"","meta":[],"pwb-brand":[3596],"product_brand":[],"product_cat":[3359,3296],"product_tag":[],"class_list":{"0":"post-335538","1":"product","2":"type-product","3":"status-publish","4":"has-post-thumbnail","6":"pwb-brand-zimna-stal","7":"product_cat-karambity-pl","8":"product_cat-noze-pl","10":"first","11":"instock","12":"taxable","13":"shipping-taxable","14":"purchasable","15":"product-type-simple"},"brands":[{"id":3596,"name":"Zimna stal","slug":"zimna-stal"}],"_links":{"self":[{"href":"https:\/\/www.moskito.cz\/pl\/wp-json\/wp\/v2\/product\/335538","targetHints":{"allow":["GET"]}}],"collection":[{"href":"https:\/\/www.moskito.cz\/pl\/wp-json\/wp\/v2\/product"}],"about":[{"href":"https:\/\/www.moskito.cz\/pl\/wp-json\/wp\/v2\/types\/product"}],"replies":[{"embeddable":true,"href":"https:\/\/www.moskito.cz\/pl\/wp-json\/wp\/v2\/comments?post=335538"}],"wp:featuredmedia":[{"embeddable":true,"href":"https:\/\/www.moskito.cz\/pl\/wp-json\/wp\/v2\/media\/335539"}],"wp:attachment":[{"href":"https:\/\/www.moskito.cz\/pl\/wp-json\/wp\/v2\/media?parent=335538"}],"wp:term":[{"taxonomy":"pwb-brand","embeddable":true,"href":"https:\/\/www.moskito.cz\/pl\/wp-json\/wp\/v2\/pwb-brand?post=335538"},{"taxonomy":"product_brand","embeddable":true,"href":"https:\/\/www.moskito.cz\/pl\/wp-json\/wp\/v2\/product_brand?post=335538"},{"taxonomy":"product_cat","embeddable":true,"href":"https:\/\/www.moskito.cz\/pl\/wp-json\/wp\/v2\/product_cat?post=335538"},{"taxonomy":"product_tag","embeddable":true,"href":"https:\/\/www.moskito.cz\/pl\/wp-json\/wp\/v2\/product_tag?post=335538"}],"curies":[{"name":"wp","href":"https:\/\/api.w.org\/{rel}","templated":true}]}}