{"id":335567,"date":"2022-04-20T20:31:55","date_gmt":"2022-04-20T19:31:55","guid":{"rendered":"https:\/\/www.moskito.cz\/produkt\/noz-skladany-cold-steel-kudu-lite\/"},"modified":"2025-05-07T11:12:38","modified_gmt":"2025-05-07T10:12:38","slug":"noz-skladany-cold-steel-kudu-lite","status":"publish","type":"product","link":"https:\/\/www.moskito.cz\/pl\/produkt\/noz-skladany-cold-steel-kudu-lite\/","title":{"rendered":"N\u00f3\u017c sk\u0142adany Cold Steel KUDU LITE"},"content":{"rendered":"<p>N\u00f3\u017c sk\u0142adany <strong>Cold Steel<\/strong> KUDU LITE<\/p>\n<p>Nowo\u015b\u0107 na rok 2020 \u2014 z rado\u015bci\u0105 og\u0142aszamy model Kudu Lite, zaprojektowany tak, aby by\u0142 jeszcze ta\u0144szy i podobny pod ka\u017cdym wzgl\u0119dem do naszego klasycznego no\u017ca pier\u015bcieniowego Kudu, z t\u0105 r\u00f3\u017cnic\u0105, \u017ce opiera si\u0119 na wytrzyma\u0142ej spr\u0119\u017cynie, kt\u00f3ra utrzymuje ostrze otwarte jak klasyczna kiesze\u0144 no\u017ce z przegubem przesuwnym.<\/p>\n<p>PARAMETRY PRODUKTU<br \/>\nRozmiar ca\u0142kowity: 254 mm<br \/>\nKolor: czarny\/srebrny<br \/>\nD\u0142ugo\u015b\u0107 r\u0105czki: 146 mm<br \/>\nGrubo\u015b\u0107 ostrza: 2 mm<br \/>\nMateria\u0142 r\u0119koje\u015bci: D\u0142ugi Zy-Ex\u2122<br \/>\nStal: 5Cr15MoV<br \/>\nTyp bezpiecznika: bezpiecznik pier\u015bcieniowy<br \/>\nD\u0142ugo\u015b\u0107 ostrza: 107 mm<br \/>\nWaga: 78 g<\/p>\n<p>&nbsp;<\/p>\n","protected":false},"excerpt":{"rendered":"<p><strong>Cold Steel Kudu Lite to lekki n\u00f3\u017c sk\u0142adany do codziennego u\u017cytku. Jest to replika starego afryka\u0144skiego no\u017ca Akapi.<\/strong><\/p>\n","protected":false},"featured_media":335568,"comment_status":"open","ping_status":"closed","template":"","meta":[],"pwb-brand":[3596],"product_brand":[],"product_cat":[3307,3296],"product_tag":[],"class_list":{"0":"post-335567","1":"product","2":"type-product","3":"status-publish","4":"has-post-thumbnail","6":"pwb-brand-zimna-stal","7":"product_cat-zamykanie-nozy","8":"product_cat-noze-pl","10":"first","11":"instock","12":"taxable","13":"shipping-taxable","14":"purchasable","15":"product-type-simple"},"brands":[{"id":3596,"name":"Zimna stal","slug":"zimna-stal"}],"_links":{"self":[{"href":"https:\/\/www.moskito.cz\/pl\/wp-json\/wp\/v2\/product\/335567","targetHints":{"allow":["GET"]}}],"collection":[{"href":"https:\/\/www.moskito.cz\/pl\/wp-json\/wp\/v2\/product"}],"about":[{"href":"https:\/\/www.moskito.cz\/pl\/wp-json\/wp\/v2\/types\/product"}],"replies":[{"embeddable":true,"href":"https:\/\/www.moskito.cz\/pl\/wp-json\/wp\/v2\/comments?post=335567"}],"wp:featuredmedia":[{"embeddable":true,"href":"https:\/\/www.moskito.cz\/pl\/wp-json\/wp\/v2\/media\/335568"}],"wp:attachment":[{"href":"https:\/\/www.moskito.cz\/pl\/wp-json\/wp\/v2\/media?parent=335567"}],"wp:term":[{"taxonomy":"pwb-brand","embeddable":true,"href":"https:\/\/www.moskito.cz\/pl\/wp-json\/wp\/v2\/pwb-brand?post=335567"},{"taxonomy":"product_brand","embeddable":true,"href":"https:\/\/www.moskito.cz\/pl\/wp-json\/wp\/v2\/product_brand?post=335567"},{"taxonomy":"product_cat","embeddable":true,"href":"https:\/\/www.moskito.cz\/pl\/wp-json\/wp\/v2\/product_cat?post=335567"},{"taxonomy":"product_tag","embeddable":true,"href":"https:\/\/www.moskito.cz\/pl\/wp-json\/wp\/v2\/product_tag?post=335567"}],"curies":[{"name":"wp","href":"https:\/\/api.w.org\/{rel}","templated":true}]}}