{"id":335570,"date":"2022-04-18T21:21:14","date_gmt":"2024-04-19T09:28:27","guid":{"rendered":"https:\/\/www.moskito.cz\/produkt\/noz-skladany-cold-steel-ultimate-hunter-orange-s35vn\/"},"modified":"2025-05-07T11:12:38","modified_gmt":"2025-05-07T10:12:38","slug":"noz-skladany-cold-steel-ultimate-hunter-orange-s35vn","status":"publish","type":"product","link":"https:\/\/www.moskito.cz\/pl\/produkt\/noz-skladany-cold-steel-ultimate-hunter-orange-s35vn\/","title":{"rendered":"N\u00f3\u017c sk\u0142adany Cold Steel ULTIMATE HUNTER ORANGE (S35VN)"},"content":{"rendered":"<p>N\u00f3\u017c sk\u0142adany <strong>Cold Steel<\/strong> ULTIMATE HUNTER ORANGE (S35VN)<\/p>\n<p>Dzi\u0119ki wsp\u00f3\u0142pracy projektowej pomi\u0119dzy tw\u00f3rc\u0105 no\u017cy niestandardowych Andrew Demke i Lynn C. Thompson, Ultimate Hunter stanowi kulminacj\u0119 prawie 3 lat rozwoju projektu. Wyczerpuj\u0105ce testy terenowe na 4 kontynentach \u2013 Ultimate Hunter wielokrotnie sprawdza\u0142 si\u0119! Wykonana z ameryka\u0144skiej stali S35VN, Ultimate Hunter jest r\u0119cznie szlifowana w celu uzyskania brzytwy, kt\u00f3ra wytrzymuje zadziwiaj\u0105co d\u0142ugo. Mocno piaskowane, obrabiane CNC uchwyty G-10 s\u0105 wygodnie g\u0142adkie, a jednocze\u015bnie zapewniaj\u0105 bardzo pewny i pewny chwyt. Wyposa\u017cony w super mocny mechanizm blokuj\u0105cy Tri-Ad dla dodatkowego bezpiecze\u0144stwa, Ultimate Hunter to rasowe ostrze my\u015bliwskie \/ do u\u017cytku w plenerze, kt\u00f3re jest r\u00f3wnie\u017c doskona\u0142ym no\u017cem do noszenia na co dzie\u0144 &#8211; praktycznym, funkcjonalnym i niewiarygodnie wydajnym!<\/p>\n<p>PARAMETRY PRODUKTU<br \/>\nKolor: Pomara\u0144czowy\/Srebrny<br \/>\nWaga: 139 g<br \/>\nD\u0142ugo\u015b\u0107 ostrza: 89 mm<br \/>\nD\u0142ugo\u015b\u0107 r\u0105czki: 126 mm<br \/>\nGrubo\u015b\u0107 ostrza: 3,5 mm<\/p>\n<p>Stal: CPM-S35VN<br \/>\nRozmiar ca\u0142kowity: 215 mm<br \/>\nRodzaj bezpiecznika: Blokada Tri-Ad<\/p>\n<p>Dzi\u0119ki wsp\u00f3\u0142pracy projektowej pomi\u0119dzy tw\u00f3rc\u0105 no\u017cy niestandardowych Andrew Demko i Lynn C. Thompson, Ultimate Hunter stanowi kulminacj\u0119 prawie 3 lat ewolucji projektu. Gruntownie przetestowany w terenie na 4 kontynentach &#8211; Ultimate Hunter wielokrotnie udowodni\u0142 swoj\u0105 warto\u015b\u0107! Wykonany z ameryka\u0144skiej stali S35VN, Ultimate Hunter jest r\u0119cznie szlifowany do kraw\u0119dzi brzytwy, kt\u00f3ra wytrzyma zadziwiaj\u0105co d\u0142ugo. Mocno piaskowane, obrabiane CNC r\u0119koje\u015bci G-10 s\u0105 wygodnie g\u0142adkie, a jednocze\u015bnie zapewniaj\u0105 bardzo pewny i pewny chwyt. Wyposa\u017cony w super mocny mechanizm blokuj\u0105cy Tri-Ad zapewniaj\u0105cy dodatkowe bezpiecze\u0144stwo, Ultimate Hunter to rasowe ostrze my\u015bliwskie \/ outdoorowe, kt\u00f3re jest r\u00f3wnie\u017c doskona\u0142ym no\u017cem do noszenia na co dzie\u0144 &#8211; praktycznym, funkcjonalnym i niewiarygodnie wydajnym!<\/p>\n<p>Waga: 4,9 uncji Grubo\u015b\u0107 ostrza: 3,5 mm D\u0142ugo\u015b\u0107 ostrza: 3-1\/2&#8243; Stal ostrza: ameryka\u0144ska S35VN D\u0142ugo\u015b\u0107 r\u0119koje\u015bci\/materia\u0142: 5&#8243; G-10 obrobiony maszynowo 3D D\u0142ugo\u015b\u0107 ca\u0142kowita: 8-1\/2&#8243; Dodatkowe funkcje: Obur\u0119czna kiesze\u0144 \/ Typ no\u017ca z zaczepem na pasek: Sk\u0142adany Zakres d\u0142ugo\u015bci ostrza: 3-5 cali Stal Rodzina: CPM Kszta\u0142t ostrza: Mechanizm blokuj\u0105cy punkt kroplenia: Blokada Tri-Ad<\/p>\n","protected":false},"excerpt":{"rendered":"<p>COLD STEEL Ultimate Hunter Blazem Orange to sk\u0142adany n\u00f3\u017c my\u015bliwski do codziennego u\u017cytku. Materia\u0142 i obr\u00f3bka ostrza sprawiaj\u0105, \u017ce n\u00f3\u017c jest wyj\u0105tkowy. Ta pomara\u0144czowa wersja to edycja limitowana z numerowanym ostrzem.<\/p>\n","protected":false},"featured_media":335571,"comment_status":"open","ping_status":"closed","template":"","meta":[],"pwb-brand":[3596],"product_brand":[],"product_cat":[3296,3307],"product_tag":[3671],"class_list":{"0":"post-335570","1":"product","2":"type-product","3":"status-publish","4":"has-post-thumbnail","6":"pwb-brand-zimna-stal","7":"product_cat-noze-pl","8":"product_cat-zamykanie-nozy","9":"product_tag-b2b-pl","11":"first","12":"instock","13":"taxable","14":"shipping-taxable","15":"purchasable","16":"product-type-simple"},"brands":[{"id":3596,"name":"Zimna stal","slug":"zimna-stal"}],"_links":{"self":[{"href":"https:\/\/www.moskito.cz\/pl\/wp-json\/wp\/v2\/product\/335570","targetHints":{"allow":["GET"]}}],"collection":[{"href":"https:\/\/www.moskito.cz\/pl\/wp-json\/wp\/v2\/product"}],"about":[{"href":"https:\/\/www.moskito.cz\/pl\/wp-json\/wp\/v2\/types\/product"}],"replies":[{"embeddable":true,"href":"https:\/\/www.moskito.cz\/pl\/wp-json\/wp\/v2\/comments?post=335570"}],"wp:featuredmedia":[{"embeddable":true,"href":"https:\/\/www.moskito.cz\/pl\/wp-json\/wp\/v2\/media\/335571"}],"wp:attachment":[{"href":"https:\/\/www.moskito.cz\/pl\/wp-json\/wp\/v2\/media?parent=335570"}],"wp:term":[{"taxonomy":"pwb-brand","embeddable":true,"href":"https:\/\/www.moskito.cz\/pl\/wp-json\/wp\/v2\/pwb-brand?post=335570"},{"taxonomy":"product_brand","embeddable":true,"href":"https:\/\/www.moskito.cz\/pl\/wp-json\/wp\/v2\/product_brand?post=335570"},{"taxonomy":"product_cat","embeddable":true,"href":"https:\/\/www.moskito.cz\/pl\/wp-json\/wp\/v2\/product_cat?post=335570"},{"taxonomy":"product_tag","embeddable":true,"href":"https:\/\/www.moskito.cz\/pl\/wp-json\/wp\/v2\/product_tag?post=335570"}],"curies":[{"name":"wp","href":"https:\/\/api.w.org\/{rel}","templated":true}]}}