{"id":335585,"date":"2021-07-23T11:42:43","date_gmt":"2024-04-19T09:32:04","guid":{"rendered":"https:\/\/www.moskito.cz\/produkt\/noz-skladany-cold-steel-code-4-spear-point\/"},"modified":"2025-05-07T11:12:40","modified_gmt":"2025-05-07T10:12:40","slug":"noz-skladany-cold-steel-code-4-spear-point","status":"publish","type":"product","link":"https:\/\/www.moskito.cz\/pl\/produkt\/noz-skladany-cold-steel-code-4-spear-point\/","title":{"rendered":"N\u00f3\u017c sk\u0142adany Cold Steel Code 4 Spear Point"},"content":{"rendered":"<p>N\u00f3\u017c sk\u0142adany <strong>Cold Steel<\/strong> Code 4 Spear Point.<\/p>\n<p>Podczas rozwoju <strong>Cold Steel<\/strong>  Naszym celem by\u0142o stworzenie ultracienkiego, ultralekkiego i wysoce funkcjonalnego no\u017ca u\u017cytkowego, kt\u00f3ry w dotyku przypomina zabawk\u0119. \u015awiadomo\u015b\u0107, \u017ce nosisz dobry n\u00f3\u017c, daje du\u017co komfortu, a wielu naszych przyjaci\u00f3\u0142 z organ\u00f3w \u015bcigania opowiada, \u017ce \u200b\u200bzawsze szukaj\u0105 niezawodnego, lekkiego no\u017ca, kt\u00f3ry mo\u017ce sta\u0107 si\u0119 na sta\u0142e cz\u0119\u015bci\u0105 ich codziennego \u017cycia. Wierzymy, \u017ce naszym przeznaczeniem jest Kodeks 4 sta\u0107 si\u0119 tym no\u017cem! Nie b\u0119dzie obci\u0105\u017ca\u0107 Twojego munduru ani nie zapewnia\u0107 niepotrzebnej obj\u0119to\u015bci. Noszenie go to przyjemno\u015b\u0107, wi\u0119c jest zawsze pod r\u0119k\u0105, kiedy go potrzebujesz! Ka\u017cdy Code 4 jest dost\u0119pny w r\u00f3\u017cnych konfiguracjach ostrzy, z dwustronnymi klipsami kieszeniowymi i ko\u0142kami na kciuki, a tak\u017ce posiada solidn\u0105 r\u0119koje\u015b\u0107, nasz znany na ca\u0142ym \u015bwiecie mechanizm blokuj\u0105cy Tri-Ad oraz wysoce satynowo polerowane ostrze S35VN.<\/p>\n<p>Materia\u0142 ostrza: CPM-S35VN<br \/>\nD\u0142ugo\u015b\u0107 ostrza: 89 mm<br \/>\nGrubo\u015b\u0107 ostrza: 3,5 mm<br \/>\nD\u0142ugo\u015b\u0107 ca\u0142kowita: 216 mm<br \/>\nWaga: 122 g<br \/>\nMateria\u0142 r\u0119koje\u015bci: dural 6061, kolor czarny<br \/>\nBezpiecze\u0144stwo: blokada tylna<\/p>\n<p><strong>Cold Steel<\/strong> to firma zajmuj\u0105ca si\u0119 produkcj\u0105 najmocniejszych i najostrzejszych no\u017cy na \u015bwiecie. W ci\u0105gu ostatnich trzydziestu lat firma Cold Steel sta\u0142a na czele wielu innowacji, kt\u00f3re pomog\u0142y zdefiniowa\u0107 bran\u017c\u0119 no\u017cy. Kolejne sukcesy, w tym wprowadzenie r\u0119koje\u015bci w kratk\u0119 Kraton\u00ae i ostrzy typu tanto, przekszta\u0142ci\u0142y si\u0119 z ciekawostek w przemys\u0142owe znaki rozpoznawcze jako\u015bci i wyrafinowania. Nowy kierunek zosta\u0142 r\u00f3wnie\u017c prze\u0142amany wraz z wprowadzeniem nowych, unikalnych ostrzy stalowych, takich jak San Mai III\u00ae oraz Tri-Ad\u2122 Lock &amp; Lock &amp; Lock do no\u017cy sk\u0142adanych. Na przyk\u0142ad zamek Tri-Ad \u2122 Lock nigdy nie by\u0142 por\u00f3wnywany przez \u017cadnego z konkurent\u00f3w Cold Steel i nie udowodniono, \u017ce przewy\u017csza wszystko, co do tej pory wyprodukowali. Oczywi\u015bcie Cold Steel zawsze b\u0119dzie patrze\u0107 w przysz\u0142o\u015b\u0107 i nieustannie d\u0105\u017cy\u0107 do produkcji najmocniejszych i najostrzejszych no\u017cy na \u015bwiecie. Cel ten, r\u00f3wnie nieuchwytny i trudny do osi\u0105gni\u0119cia, jest ten sam od czterdziestu lat. Firma Cold Steel Inc. to firma skupiaj\u0105ca si\u0119 na produkcji najmocniejszych i najostrzejszych no\u017cy, mieczy, tomahawk\u00f3w, maczet, sztu\u0107c\u00f3w oraz narz\u0119dzi codziennego u\u017cytku: EDC. Szybko przyj\u0119ty przez wojsko, si\u0142y specjalne organ\u00f3w \u015bcigania, osoby udzielaj\u0105ce pomocy w sytuacjach kryzysowych, specjalist\u00f3w samoobrony i cz\u0142onk\u00f3w spo\u0142eczno\u015bci sztuk walki, Cold Steel szybko zyska\u0142 s\u0142aw\u0119 dzi\u0119ki jako\u015bci, wytrzyma\u0142o\u015bci, niezawodno\u015bci i niezawodno\u015bci w codziennym noszeniu (EDC). . Nasza r\u00f3\u017cnorodna i zr\u00f3\u017cnicowana oferta szybko powi\u0119kszy\u0142a si\u0119 i obejmowa\u0142a nie tylko ogromny wyb\u00f3r no\u017cy sk\u0142adanych (od mniejszych ostrzy \u201eEDC\u201d po nasze kultowe, gigantyczne \u201emegafoldery\u201d), ale tak\u017ce sta\u0142e ostrza, miecze, szable, laski i halabardy, jak r\u00f3wnie\u017c a tak\u017ce artyku\u0142y my\u015bliwskie, w\u0142\u00f3cznie, karabiny, topory, maczety, tomahawki i narz\u0119dzia! Przez dziesi\u0119ciolecia firma Cold Steel wprowadza\u0142a nowe, pionierskie materia\u0142y i projekty, kt\u00f3re pomog\u0142y ukszta\u0142towa\u0107 \u015bwiat nowoczesnych no\u017cy, ostrej broni i narz\u0119dzi. Od wprowadzenia r\u0119koje\u015bci w kratk\u0119 Kraton\u00ae i \u201ezamerykanizowanego\u201d ostrza Tanto, po wprowadzenie nowych, innowacyjnych stali ostrzy, takich jak San Mai III\u00ae i prze\u0142omowych mechanizm\u00f3w blokuj\u0105cych (takich jak nasz zamek Tri-Ad \u2122). Patrz\u0105c w przysz\u0142o\u015b\u0107, Cold Steel w dalszym ci\u0105gu wprowadza na rynek nowy poziom wytrzyma\u0142o\u015bci, bezpiecze\u0144stwa i wydajno\u015bci, dostarczaj\u0105c sprawdzone produkty, na kt\u00f3rych mo\u017cna polega\u0107 \u2013 zawsze i wsz\u0119dzie!<\/p>\n<p>Opracowuj\u0105c Cold Steel Code 4, naszym celem by\u0142o stworzenie ultracienkiego, ultralekkiego i wysoce funkcjonalnego no\u017ca uniwersalnego, kt\u00f3ry b\u0119dzie \u0142atwy w noszeniu. \u015awiadomo\u015b\u0107, \u017ce nosisz dobry n\u00f3\u017c, daje ogromny komfort, a wielu naszych przyjaci\u00f3\u0142 z organ\u00f3w \u015bcigania opowiada o tym, jak zawsze szukaj\u0105 tego jednego, niezawodnego, lekkiego ostrza, kt\u00f3re mo\u017ce sta\u0107 si\u0119 sta\u0142ym elementem ich codziennego wyposa\u017cenia .Wierzymy, \u017ce naszym przeznaczeniem jest sta\u0107 si\u0119 takim no\u017cem! Nie b\u0119dzie obci\u0105\u017ca\u0107 Twojego munduru ani nie zapewnia\u0107 niepotrzebnej obj\u0119to\u015bci. Noszenie go to przyjemno\u015b\u0107, wi\u0119c jest zawsze pod r\u0119k\u0105, kiedy go potrzebujesz! Dost\u0119pny w r\u00f3\u017cnych konfiguracjach ostrzy, z obur\u0119cznymi klipsami kieszeniowymi i ko\u0142kami na kciuki, ka\u017cdy Code 4 jest wyposa\u017cony w solidne, anodyzowane na twardo r\u0119koje\u015bci z aluminium 6061 w kolorze br\u0105zowo-szarym, nasz \u015bwiatowej s\u0142awy mechanizm blokuj\u0105cy Tri-Ad oraz polerowany na wysoki po\u0142ysk, ostry jak brzytwa S35VN ostrza.<\/p>\n<p>Waga: 4,3 uncji Grubo\u015b\u0107 ostrza: 3,5 mm D\u0142ugo\u015b\u0107 ostrza: 3-1\/2&#8243; Stal ostrza: ameryka\u0144ska S35VN D\u0142ugo\u015b\u0107 r\u0119koje\u015bci\/materia\u0142: 5&#8243; Aluminium 6061 D\u0142ugo\u015b\u0107 ca\u0142kowita: 8-1\/2&#8243; Dodatkowe funkcje: Obur\u0119czny n\u00f3\u017c kieszonkowy \/ z zaczepem na pasek Typ: Folder Zakres d\u0142ugo\u015bci ostrza: 3-5 cali Stal Rodzina: CPM Kszta\u0142t ostrza: Klips Mechanizm blokuj\u0105cy: Blokada Tri-Ad Rodzina produkt\u00f3w: Kod 4<\/p>\n","protected":false},"excerpt":{"rendered":"<p>Kod 4 Klip cz. Plain Edge firmy COLD STEEL to bardzo lekki i bardzo mocny n\u00f3\u017c sk\u0142adany z g\u0142adk\u0105 kraw\u0119dzi\u0105. Code 4 to n\u00f3\u017c dla wszystkich, kt\u00f3rzy pracuj\u0105 w prywatnej ochronie lub w si\u0142ach zbrojnych.<\/p>\n","protected":false},"featured_media":335586,"comment_status":"open","ping_status":"closed","template":"","meta":[],"pwb-brand":[3596],"product_brand":[],"product_cat":[3296,3307],"product_tag":[],"class_list":{"0":"post-335585","1":"product","2":"type-product","3":"status-publish","4":"has-post-thumbnail","6":"pwb-brand-zimna-stal","7":"product_cat-noze-pl","8":"product_cat-zamykanie-nozy","10":"first","11":"instock","12":"taxable","13":"shipping-taxable","14":"purchasable","15":"product-type-simple"},"brands":[{"id":3596,"name":"Zimna stal","slug":"zimna-stal"}],"_links":{"self":[{"href":"https:\/\/www.moskito.cz\/pl\/wp-json\/wp\/v2\/product\/335585","targetHints":{"allow":["GET"]}}],"collection":[{"href":"https:\/\/www.moskito.cz\/pl\/wp-json\/wp\/v2\/product"}],"about":[{"href":"https:\/\/www.moskito.cz\/pl\/wp-json\/wp\/v2\/types\/product"}],"replies":[{"embeddable":true,"href":"https:\/\/www.moskito.cz\/pl\/wp-json\/wp\/v2\/comments?post=335585"}],"wp:featuredmedia":[{"embeddable":true,"href":"https:\/\/www.moskito.cz\/pl\/wp-json\/wp\/v2\/media\/335586"}],"wp:attachment":[{"href":"https:\/\/www.moskito.cz\/pl\/wp-json\/wp\/v2\/media?parent=335585"}],"wp:term":[{"taxonomy":"pwb-brand","embeddable":true,"href":"https:\/\/www.moskito.cz\/pl\/wp-json\/wp\/v2\/pwb-brand?post=335585"},{"taxonomy":"product_brand","embeddable":true,"href":"https:\/\/www.moskito.cz\/pl\/wp-json\/wp\/v2\/product_brand?post=335585"},{"taxonomy":"product_cat","embeddable":true,"href":"https:\/\/www.moskito.cz\/pl\/wp-json\/wp\/v2\/product_cat?post=335585"},{"taxonomy":"product_tag","embeddable":true,"href":"https:\/\/www.moskito.cz\/pl\/wp-json\/wp\/v2\/product_tag?post=335585"}],"curies":[{"name":"wp","href":"https:\/\/api.w.org\/{rel}","templated":true}]}}