{"id":335628,"date":"2022-11-02T19:58:41","date_gmt":"2022-11-02T18:58:41","guid":{"rendered":"https:\/\/www.moskito.cz\/produkt\/noz-skladany-cold-steel-black-talon-ii-s35vn\/"},"modified":"2025-05-07T11:12:43","modified_gmt":"2025-05-07T10:12:43","slug":"noz-skladany-cold-steel-black-talon-ii-s35vn","status":"publish","type":"product","link":"https:\/\/www.moskito.cz\/pl\/produkt\/noz-skladany-cold-steel-black-talon-ii-s35vn\/","title":{"rendered":"N\u00f3\u017c sk\u0142adany Cold Steel BLACK TALON II (S35VN)"},"content":{"rendered":"<p>N\u00f3\u017c sk\u0142adany <strong>Cold Steel<\/strong> BLACK TALON II (S35VN)<\/p>\n<p>Black Talon II, b\u0119d\u0105cy owocem wsp\u00f3\u0142pracy projektowej pomi\u0119dzy prezesem Cold Steel Lynnem C Thompsonem i tw\u00f3rc\u0105 no\u017cy na zam\u00f3wienie Andrew Demke, to nowoczesne arcydzie\u0142o! Jest to zygzakowate, ostre jak ig\u0142a ostrze, nadal z charakterystycznym dla orygina\u0142u zakrzywionym w d\u00f3\u0142 ostrzem i wydatnym brzuchem, ale z ca\u0142kowicie now\u0105, najwy\u017cszej klasy ameryka\u0144sk\u0105 super stal\u0105 S35VN i przeprojektowanym czubkiem zapewniaj\u0105cym wi\u0119ksz\u0105 wytrzyma\u0142o\u015b\u0107 i trwa\u0142o\u015b\u0107. Wysokiej jako\u015bci teksturowane \u0142uski G10 zapewniaj\u0105 maksymaln\u0105 przyczepno\u015b\u0107 nawet w zimnych lub mokrych warunkach, a jednocze\u015bnie s\u0105 delikatne dla odzie\u017cy po wyj\u0119ciu z kieszeni.<\/p>\n<p>Kontrast pomi\u0119dzy ciemnoczarnymi \u0142uskami a wspania\u0142ym, satynowo polerowanym ostrzem dodatkowo podkre\u015bla styl i styl tego dobrze wygl\u0105daj\u0105cego i eleganckiego komponentu. Wyposa\u017cony w nasz wysokowydajny mechanizm blokuj\u0105cy Tri-Ad zapewniaj\u0105cy wi\u0119ksze bezpiecze\u0144stwo i wytrzyma\u0142o\u015b\u0107, ten smuk\u0142y, lekki i przyci\u0105gaj\u0105cy wzrok n\u00f3\u017c z pewno\u015bci\u0105 b\u0119dzie podstaw\u0105 ka\u017cdej kolekcji!<\/p>\n<p>PARAMETRY PRODUKTU<br \/>\nD\u0142ugo\u015b\u0107 ostrza: 101 mm<br \/>\nKolor: czarny\/srebrny<br \/>\nD\u0142ugo\u015b\u0107 r\u0105czki: 139 mm<br \/>\nRozmiar ca\u0142kowity: 241 mm<br \/>\nMateria\u0142 r\u0119koje\u015bci: D\u0142ugi G-10<br \/>\nStal: S35VN<br \/>\nGrubo\u015b\u0107 ostrza: 3,5 mm<br \/>\nWaga: 136,07 g<\/p>\n","protected":false},"excerpt":{"rendered":"<p>Black Talon II Serrated Edge firmy Cold Steel to sk\u0142adany n\u00f3\u017c z gro\u017anie zakrzywionym ostrzem.<\/p>\n","protected":false},"featured_media":335629,"comment_status":"open","ping_status":"closed","template":"","meta":[],"pwb-brand":[3596],"product_brand":[],"product_cat":[3307,3296],"product_tag":[],"class_list":{"0":"post-335628","1":"product","2":"type-product","3":"status-publish","4":"has-post-thumbnail","6":"pwb-brand-zimna-stal","7":"product_cat-zamykanie-nozy","8":"product_cat-noze-pl","10":"first","11":"instock","12":"taxable","13":"shipping-taxable","14":"purchasable","15":"product-type-simple"},"brands":[{"id":3596,"name":"Zimna stal","slug":"zimna-stal"}],"_links":{"self":[{"href":"https:\/\/www.moskito.cz\/pl\/wp-json\/wp\/v2\/product\/335628","targetHints":{"allow":["GET"]}}],"collection":[{"href":"https:\/\/www.moskito.cz\/pl\/wp-json\/wp\/v2\/product"}],"about":[{"href":"https:\/\/www.moskito.cz\/pl\/wp-json\/wp\/v2\/types\/product"}],"replies":[{"embeddable":true,"href":"https:\/\/www.moskito.cz\/pl\/wp-json\/wp\/v2\/comments?post=335628"}],"wp:featuredmedia":[{"embeddable":true,"href":"https:\/\/www.moskito.cz\/pl\/wp-json\/wp\/v2\/media\/335629"}],"wp:attachment":[{"href":"https:\/\/www.moskito.cz\/pl\/wp-json\/wp\/v2\/media?parent=335628"}],"wp:term":[{"taxonomy":"pwb-brand","embeddable":true,"href":"https:\/\/www.moskito.cz\/pl\/wp-json\/wp\/v2\/pwb-brand?post=335628"},{"taxonomy":"product_brand","embeddable":true,"href":"https:\/\/www.moskito.cz\/pl\/wp-json\/wp\/v2\/product_brand?post=335628"},{"taxonomy":"product_cat","embeddable":true,"href":"https:\/\/www.moskito.cz\/pl\/wp-json\/wp\/v2\/product_cat?post=335628"},{"taxonomy":"product_tag","embeddable":true,"href":"https:\/\/www.moskito.cz\/pl\/wp-json\/wp\/v2\/product_tag?post=335628"}],"curies":[{"name":"wp","href":"https:\/\/api.w.org\/{rel}","templated":true}]}}