{"id":335640,"date":"2023-03-26T08:36:04","date_gmt":"2024-04-19T09:51:04","guid":{"rendered":"https:\/\/www.moskito.cz\/produkt\/noz-skladany-cold-steel-range-boss-od-zielonego\/"},"modified":"2025-05-07T11:12:43","modified_gmt":"2025-05-07T10:12:43","slug":"noz-skladany-cold-steel-range-boss-od-zielonego","status":"publish","type":"product","link":"https:\/\/www.moskito.cz\/pl\/produkt\/noz-skladany-cold-steel-range-boss-od-zielonego\/","title":{"rendered":"N\u00f3\u017c sk\u0142adany Cold Steel RANGE BOSS OD ZIELONEGO"},"content":{"rendered":"<p>N\u00f3\u017c sk\u0142adany <strong>Cold Steel<\/strong> RANGE BOSS OD ZIELONEGO<\/p>\n<p>Niezale\u017cnie od tego, czy je\u017adzisz taks\u00f3wk\u0105 na Manhattanie, czy je\u017adzisz konno w Montanie, jeste\u015bmy pewni, \u017ce docenisz naszego Range Bossa. Zaprojektowany z my\u015bl\u0105 o ca\u0142odziennym noszeniu w kieszeni lub w pasie, jest lekki i \u0142atwy do przenoszenia. Nie zajmuje du\u017co miejsca i mo\u017cna go nosi\u0107 praktycznie niezauwa\u017cenie, dop\u00f3ki go nie otworzysz. Ostrze Range Boss jest szlifowane p\u0142asko i ma cienk\u0105 kraw\u0119d\u017a, kt\u00f3ra jest tak ostra, \u017ce \u200b\u200bCi\u0119 zadziwi. Jest wykonany z kamienia, aby by\u0142 odporny na rdz\u0119, a jego wszechstronno\u015b\u0107 sprawia, \u017ce \u200b\u200bjest to cholernie dobry n\u00f3\u017c do sk\u00f3rowania, nie m\u00f3wi\u0105c ju\u017c o przygotowywaniu \u017cywno\u015bci. Nylonowa r\u0119koje\u015b\u0107 wzmocniona w\u0142\u00f3knem szklanym ma tekstur\u0119 z wzorem punktowym zapewniaj\u0105cym dobry chwyt i jest wyposa\u017cona w s\u0142ynny zamek Tri-Ad\u00ae zapewniaj\u0105cy doskona\u0142\u0105 wytrzyma\u0142o\u015b\u0107.<\/p>\n<p>Opis:<\/p>\n<p>Rozmiar ca\u0142kowity: 235 mm<br \/>\nD\u0142ugo\u015b\u0107 ostrza: 101 mm<br \/>\nGrubo\u015b\u0107 ostrza: 3,5 mm<br \/>\nD\u0142ugo\u015b\u0107 r\u0105czki: 134 mm<br \/>\nMateria\u0142 stali:<br \/>\nStal 4034SS<br \/>\nMateria\u0142 r\u0119koje\u015bci: D\u0142ugi Zy-Ex, zielony<br \/>\nBezpiecze\u0144stwo: blokada Tri-Ad<br \/>\nWaga: 96 g<\/p>\n","protected":false},"excerpt":{"rendered":"<p><strong>Range Boss to n\u00f3\u017c sk\u0142adany z g\u0142adkim ostrzem i p\u0142askim szlifem. Jest to klasyczny EDC, czyli n\u00f3\u017c do codziennego u\u017cytku. Stosunkowo du\u017ce, ale przyjemnie lekkie narz\u0119dzie robocze.<\/strong><\/p>\n","protected":false},"featured_media":335641,"comment_status":"open","ping_status":"closed","template":"","meta":[],"pwb-brand":[3596],"product_brand":[],"product_cat":[3296,3307],"product_tag":[],"class_list":{"0":"post-335640","1":"product","2":"type-product","3":"status-publish","4":"has-post-thumbnail","6":"pwb-brand-zimna-stal","7":"product_cat-noze-pl","8":"product_cat-zamykanie-nozy","10":"first","11":"instock","12":"taxable","13":"shipping-taxable","14":"purchasable","15":"product-type-simple"},"brands":[{"id":3596,"name":"Zimna stal","slug":"zimna-stal"}],"_links":{"self":[{"href":"https:\/\/www.moskito.cz\/pl\/wp-json\/wp\/v2\/product\/335640","targetHints":{"allow":["GET"]}}],"collection":[{"href":"https:\/\/www.moskito.cz\/pl\/wp-json\/wp\/v2\/product"}],"about":[{"href":"https:\/\/www.moskito.cz\/pl\/wp-json\/wp\/v2\/types\/product"}],"replies":[{"embeddable":true,"href":"https:\/\/www.moskito.cz\/pl\/wp-json\/wp\/v2\/comments?post=335640"}],"wp:featuredmedia":[{"embeddable":true,"href":"https:\/\/www.moskito.cz\/pl\/wp-json\/wp\/v2\/media\/335641"}],"wp:attachment":[{"href":"https:\/\/www.moskito.cz\/pl\/wp-json\/wp\/v2\/media?parent=335640"}],"wp:term":[{"taxonomy":"pwb-brand","embeddable":true,"href":"https:\/\/www.moskito.cz\/pl\/wp-json\/wp\/v2\/pwb-brand?post=335640"},{"taxonomy":"product_brand","embeddable":true,"href":"https:\/\/www.moskito.cz\/pl\/wp-json\/wp\/v2\/product_brand?post=335640"},{"taxonomy":"product_cat","embeddable":true,"href":"https:\/\/www.moskito.cz\/pl\/wp-json\/wp\/v2\/product_cat?post=335640"},{"taxonomy":"product_tag","embeddable":true,"href":"https:\/\/www.moskito.cz\/pl\/wp-json\/wp\/v2\/product_tag?post=335640"}],"curies":[{"name":"wp","href":"https:\/\/api.w.org\/{rel}","templated":true}]}}