{"id":335656,"date":"2023-06-28T19:22:09","date_gmt":"2024-04-19T09:57:04","guid":{"rendered":"https:\/\/www.moskito.cz\/produkt\/lekki-noz-skladany-spyderco-stretch-2xl-c258psbk\/"},"modified":"2025-05-07T11:12:45","modified_gmt":"2025-05-07T10:12:45","slug":"lekki-noz-skladany-spyderco-stretch-2xl-c258psbk","status":"publish","type":"product","link":"https:\/\/www.moskito.cz\/pl\/produkt\/lekki-noz-skladany-spyderco-stretch-2xl-c258psbk\/","title":{"rendered":"Lekki n\u00f3\u017c sk\u0142adany Spyderco Stretch 2XL C258PSBK"},"content":{"rendered":"<p>Lekki n\u00f3\u017c sk\u0142adany Spyderco Stretch 2XL C258PSBK<\/p>\n<p>Lekkie spodnie Spyderco Stretch 2 XL to kolejny rozdzia\u0142 w historii, kt\u00f3ra rozpocz\u0119\u0142a si\u0119 kilkadziesi\u0105t lat temu. Jej d\u0142uga i bogata historia rozpocz\u0119\u0142a si\u0119 od skupienia si\u0119 na potrzebach my\u015bliwych i mi\u0142o\u015bnik\u00f3w sp\u0119dzania czasu na \u015bwie\u017cym powietrzu; jednak jego konstrukcja ewoluowa\u0142a daleko poza ten zakres, staj\u0105c si\u0119 jednym z najwydajniejszych, uniwersalnych no\u017cy sk\u0142adanych w naszej ofercie.<\/p>\n<p>Korzenie tej historii si\u0119gaj\u0105 1983 roku, kiedy wsp\u00f3\u0142za\u0142o\u017cyciel Spyderco, Sal Glesser, stworzy\u0142 C03 Hunter. By\u0142 to pierwszy n\u00f3\u017c CLIPIT z zag\u0142\u0119bion\u0105 ko\u0144c\u00f3wk\u0105 ostrza \u2013 styl preferowany przez wielu mi\u0142o\u015bnik\u00f3w outdooru do obr\u00f3bki dziczyzny. Podobnie jak wszystkie wczesne modele Spyderco, Hunter posiada\u0142 ostrze ze stali nierdzewnej GIN-1, nitowany uchwyt ze stali nierdzewnej, solidny mechanizm blokuj\u0105cy i jednopozycyjny klips skonfigurowany do noszenia skierowan\u0105 w d\u00f3\u0142. Wyprodukowano zar\u00f3wno wersje prawo-, jak i lewor\u0119czne, i obie by\u0142y dost\u0119pne z \u0142opatkami PlainEdge i SpyderEdge.<\/p>\n<p>W 1991 roku projekt Huntera zosta\u0142 zaktualizowany, aby doda\u0107 nieco wi\u0119cej \u201ebrzucha\u201d do ostrza i zastosowa\u0107 wstawki z kratonu w r\u0119koje\u015bci i klipsie, aby zapewni\u0107 bezpieczniejszy chwyt w trudnych warunkach terenowych. Te zmiany pierwotnie stworzy\u0142y C13 Pro-Hunter, ale poniewa\u017c nazwa ta by\u0142a ju\u017c u\u017cywana przez inn\u0105 firm\u0119, p\u00f3\u017aniej zmieniono j\u0105 na ProVenator (venator oznacza po \u0142acinie \u201e\u0142owca\u201d). Aby zmniejszy\u0107 wag\u0119 no\u017ca i uczyni\u0107 go bardziej przyst\u0119pnym cenowo, w 1994 roku stworzono projekt ProVenator z lekk\u0105 r\u0119koje\u015bci\u0105 z nylonu wzmocnionego w\u0142\u00f3knem szklanym (FRN) z wk\u0142adk\u0105 Kraton i zintegrowanym klipsem przystosowanym do sk\u0142adania. Pocz\u0105tkowo model ten nosi\u0142 nazw\u0119 ProVenator Lightweight, ale poniewa\u017c termin \u201evenator\u201d nie by\u0142 dobrze znany na rynku g\u0142\u00f3wnego nurtu, p\u00f3\u017aniej zmieniono jego nazw\u0119 na C33 ProGrip.<\/p>\n<p>W 1999 r. modele C13 i C33 po\u0142\u0105czono, tworz\u0105c C13 ProGrip, kt\u00f3ry nadal by\u0142 dost\u0119pny z uchwytami ze stali nierdzewnej lub FRN do wyboru. Na pocz\u0105tku XXI wieku obie wersje by\u0142y wykonane z kilku r\u00f3\u017cnych stali ostrzy i oferowane zar\u00f3wno w konfiguracjach PlainEdge, jak i CombinationEdge.<\/p>\n<p>W 2004 roku wycofano ProGrip i wprowadzono pierwszy model Stretch. Jak sama nazwa wskazuje, by\u0142a to \u201erozszerzona\u201d wersja konstrukcji ProGrip. Og\u00f3lnie 17 procent wi\u0119kszy i z ostrzem o 24 procent d\u0142u\u017cszym ni\u017c ProGrip, Stretch zosta\u0142 pierwotnie zbudowany z r\u0119koje\u015bci\u0105 ze stali nierdzewnej, wstawkami z lustra Kraton po obu stronach, czteropozycyjnym klipsem kieszeniowym i stal\u0105 nierdzewn\u0105 VG-10. ostrze. W 2006 roku zaprzestano produkcji tej wersji, a rok p\u00f3\u017aniej zast\u0105piono j\u0105 Stretchem z w\u0119glowymi \u0142uskami i ostrzem ZDP-189 o ultrawysokiej zawarto\u015bci w\u0119gla. W przeciwie\u0144stwie do modeli Hunter, Pro-Hunter, ProVenator i ProGrip, kt\u00f3re mia\u0142y ostrza z wydr\u0105\u017conym szlifem, udoskonalona konstrukcja Stretch r\u00f3wnie\u017c oznacza\u0142a przej\u015bcie na pe\u0142ny szlif p\u0142aski.<\/p>\n<p>Pod\u0105\u017caj\u0105c \u015bladami swoich poprzednik\u00f3w, wz\u00f3r Stretch zosta\u0142 wyrenderowany w 2009 roku w ta\u0144szej, lekkiej wersji z formowanym wtryskowo uchwytem FRN, bardzo przyczepn\u0105 tekstur\u0105 dwukierunkow\u0105, szkieletowymi wstawkami ze stali nierdzewnej i czteropozycyjnym klipsem kieszeniowym. Stretch Lightweight by\u0142 pierwotnie oferowany z ostrzem ze stali nierdzewnej VG-10, ale wkr\u00f3tce zainspirowa\u0142 inne warianty, w tym jeden z ostrzem ZDP-189 o ultrawysokiej zawarto\u015bci w\u0119gla i r\u0119koje\u015bci\u0105 FRN British Racing Green.<\/p>\n<p>W 2015 roku Sal Glesser wr\u00f3ci\u0142 do deski kre\u015blarskiej i przeprojektowa\u0142 Stretch, aby nieco wyd\u0142u\u017cy\u0107 jego chwyt, poprawi\u0107 ergonomi\u0119 i pog\u0142\u0119bi\u0107 mo\u017cliwo\u015bci palca wskazuj\u0105cego. Razem te subtelne zmiany zwi\u0119kszaj\u0105 kontrol\u0119 u\u017cytkownika nad no\u017cem i czyni\u0105 go jeszcze bardziej przydatnym do og\u00f3lnego u\u017cytku. Projekt, nazwany Stretch 2, by\u0142 pierwotnie oferowany z ca\u0142kowicie szkieletowymi wk\u0142adkami ze stali nierdzewnej i odrywanymi \u0142uskami z G-10, a tak\u017ce by\u0142 inspirowany lekkimi wersjami z ostrzami wykonanymi zar\u00f3wno ze standardowej stali nierdzewnej, jak i wysokowydajnej stali narz\u0119dziowej. W niekt\u00f3rych wersjach Stretch 2 charakterystyczne ostrze typu drop-tip zosta\u0142o r\u00f3wnie\u017c zast\u0105pione profilem o \u201eprostej ko\u0144c\u00f3wce\u201d, kt\u00f3ry nawi\u0105zuje do klasycznego stylu Spyderco i obs\u0142uguje bardziej zaawansowane, wielofunkcyjne funkcje, zapewniaj\u0105c ostrzejsz\u0105 ko\u0144c\u00f3wk\u0119.<\/p>\n<p>W trakcie tego procesu ewolucyjnego, opr\u00f3cz wielu wersji g\u0142\u00f3wnej linii produkt\u00f3w opisanych powy\u017cej, wyprodukowali\u015bmy tak\u017ce szerok\u0105 gam\u0119 wariant\u00f3w, ekskluzywnych i wersji Sprint Run tych modeli z r\u00f3\u017cnymi stalowymi ostrzami, materia\u0142ami r\u0119koje\u015bci i innymi unikalnymi cechami. .<\/p>\n<p>\u015awiat\u0142o Stretch 2 XL<\/p>\n<p>Co si\u0119 stanie, gdy rozci\u0105gniesz co\u015b, co zosta\u0142o ju\u017c rozci\u0105gni\u0119te? W przypadku Stretch 2 otrzymujesz \u201ebardzo du\u017cy\u201d wyraz tej samej sprawdzonej konstrukcji \u2013 i wiele wi\u0119cej.<\/p>\n<p>Lekki Stretch 2 XL zwi\u0119ksza ca\u0142kowit\u0105 d\u0142ugo\u015b\u0107 Stretch 2 o osiem procent, jednocze\u015bnie mieszcz\u0105c o 13 procent wi\u0119ksz\u0105 d\u0142ugo\u015b\u0107 ostrza w ca\u0142kowicie szlifowanym ostrzu ze stali nierdzewnej VG-10. Prosty ty\u0142 ostrza zw\u0119\u017ca si\u0119 do ostrego, u\u017cytkowego zako\u0144czenia, nadaj\u0105c mu charakterystyczny profil \u201ezmodyfikowanego punktu zaciskowego\u201d niekt\u00f3rych z najbardziej kultowych modeli Spyderco. W pe\u0142ni dost\u0119pne, okr\u0105g\u0142e, firmowe otwarcie umo\u017cliwia szybkie i niezawodne otwieranie jedn\u0105 r\u0119k\u0105. Aby zapewni\u0107 lepsz\u0105 kontrol\u0119 podczas precyzyjnego ci\u0119cia, w konstrukcji zastosowano choil 50\/50 (rowek na palec), kt\u00f3ry pozwala u\u017cytkownikowi \u201ezad\u0142awi\u0107 si\u0119\u201d i chwyci\u0107 n\u00f3\u017c bli\u017cej ostrza. Zar\u00f3wno choil, jak i przeciwleg\u0142a rampa pod kciuk maj\u0105 strategicznie rozmieszczone jimpingi (teksturowane rowki), aby zapewni\u0107 bezpieczny zakup.<\/p>\n<p>Pomimo wi\u0119kszego rozmiaru, Stretch 2 XL jest w rzeczywisto\u015bci o 29 procent l\u017cejszy ni\u017c Stretch 2 Lightweight \u2013 wa\u017cy zaledwie 2,7 uncji (77 gram\u00f3w). Osi\u0105ga t\u0119 niesamowit\u0105 jako\u015b\u0107 poprzez porzucenie wk\u0142adek ze stali nierdzewnej swojego poprzednika i zastosowanie konstrukcji bez podk\u0142adki. Formowane wtryskowo r\u0105czki FRN posiadaj\u0105 sie\u0107 wzmocnionych \u017ceber na wewn\u0119trznych powierzchniach, co zapewnia im zwi\u0119kszon\u0105 wytrzyma\u0142o\u015b\u0107 konstrukcyjn\u0105. Zewn\u0119trzne powierzchnie maj\u0105 dwukierunkowy wz\u00f3r tekstury, kt\u00f3ry zapewnia pewny i antypo\u015blizgowy chwyt nawet w najbardziej wymagaj\u0105cych warunkach. Solidny mechanizm blokuj\u0105cy bezpiecznie blokuje ostrze podczas u\u017cycia, a w pe\u0142ni konfigurowalny klips kieszeniowy z czterema pozycjami umo\u017cliwia wyb\u00f3r w lewo lub w prawo, obr\u00f3cenie lub obr\u00f3cenie. Cechy te w po\u0142\u0105czeniu z ca\u0142kowicie symetryczn\u0105 konstrukcj\u0105 no\u017ca<\/p>\n<p>Oferuje wyj\u0105tkowo wysok\u0105 wydajno\u015b\u0107 ci\u0119cia w ultralekkiej obudowie. Ten niezwyk\u0142y n\u00f3\u017c sk\u0142adany, b\u0119d\u0105cy kulminacj\u0105 procesu ewolucyjnego trwaj\u0105cego prawie cztery dekady, jest klas\u0105 sam w sobie.<\/p>\n<p>Dane techniczne<br \/>\nD\u0142ugo\u015b\u0107 ostrza: 10 cm<br \/>\nD\u0142ugo\u015b\u0107 po zamkni\u0119ciu: 12,6 cm<br \/>\nD\u0142ugo\u015b\u0107 ca\u0142kowita: 22,5 cm<br \/>\nGrubo\u015b\u0107 ostrza: 0,3 cm<br \/>\nMateria\u0142 ostrza: stal nierdzewna VG10<br \/>\nStyl ostrza: kszta\u0142t li\u015bcia<br \/>\nSzlif ostrza: Ca\u0142kowicie p\u0142aski<br \/>\nObr\u00f3bka powierzchni ostrza: satyna<br \/>\nOstrze Ostrza: Kombinacja<br \/>\nMateria\u0142 r\u0119koje\u015bci: FRN<br \/>\nKolor uchwytu: czarny<br \/>\nMechanizm blokuj\u0105cy: Lockback<br \/>\nKieszonkowy klips: stal nierdzewna (przechylanie w g\u00f3r\u0119\/w d\u00f3\u0142, noszenie w prawo\/lewo)<br \/>\nNumer modelu: C258PBK<br \/>\nNazwa modelu: Stretch 2XL Lekki<br \/>\nWaga: 2,7 uncji (77g)<br \/>\nWykonane w Japonii<\/p>\n","protected":false},"excerpt":{"rendered":"<p><strong>Lekkie spodnie Spyderco Stretch 2 XL to kolejny rozdzia\u0142 w historii, kt\u00f3ra rozpocz\u0119\u0142a si\u0119 kilkadziesi\u0105t lat temu. Jej d\u0142uga i bogata historia rozpocz\u0119\u0142a si\u0119 od skupienia si\u0119 na potrzebach my\u015bliwych i mi\u0142o\u015bnik\u00f3w sp\u0119dzania czasu na \u015bwie\u017cym powietrzu; ale jego konstrukcja ewoluowa\u0142a znacznie poza ten zakres, staj\u0105c si\u0119 jednym z najwydajniejszych, uniwersalnych no\u017cy sk\u0142adanych w naszej ofercie.<\/strong><\/p>\n","protected":false},"featured_media":335657,"comment_status":"open","ping_status":"closed","template":"","meta":[],"pwb-brand":[3432],"product_brand":[],"product_cat":[3307,3296],"product_tag":[3671],"class_list":{"0":"post-335656","1":"product","2":"type-product","3":"status-publish","4":"has-post-thumbnail","6":"pwb-brand-spyderco-pl","7":"product_cat-zamykanie-nozy","8":"product_cat-noze-pl","9":"product_tag-b2b-pl","11":"first","12":"instock","13":"taxable","14":"shipping-taxable","15":"purchasable","16":"product-type-simple"},"brands":[{"id":3432,"name":"Spyderco","slug":"spyderco-pl"}],"_links":{"self":[{"href":"https:\/\/www.moskito.cz\/pl\/wp-json\/wp\/v2\/product\/335656","targetHints":{"allow":["GET"]}}],"collection":[{"href":"https:\/\/www.moskito.cz\/pl\/wp-json\/wp\/v2\/product"}],"about":[{"href":"https:\/\/www.moskito.cz\/pl\/wp-json\/wp\/v2\/types\/product"}],"replies":[{"embeddable":true,"href":"https:\/\/www.moskito.cz\/pl\/wp-json\/wp\/v2\/comments?post=335656"}],"wp:featuredmedia":[{"embeddable":true,"href":"https:\/\/www.moskito.cz\/pl\/wp-json\/wp\/v2\/media\/335657"}],"wp:attachment":[{"href":"https:\/\/www.moskito.cz\/pl\/wp-json\/wp\/v2\/media?parent=335656"}],"wp:term":[{"taxonomy":"pwb-brand","embeddable":true,"href":"https:\/\/www.moskito.cz\/pl\/wp-json\/wp\/v2\/pwb-brand?post=335656"},{"taxonomy":"product_brand","embeddable":true,"href":"https:\/\/www.moskito.cz\/pl\/wp-json\/wp\/v2\/product_brand?post=335656"},{"taxonomy":"product_cat","embeddable":true,"href":"https:\/\/www.moskito.cz\/pl\/wp-json\/wp\/v2\/product_cat?post=335656"},{"taxonomy":"product_tag","embeddable":true,"href":"https:\/\/www.moskito.cz\/pl\/wp-json\/wp\/v2\/product_tag?post=335656"}],"curies":[{"name":"wp","href":"https:\/\/api.w.org\/{rel}","templated":true}]}}