{"id":335695,"date":"2022-11-07T14:35:30","date_gmt":"2022-11-07T13:35:30","guid":{"rendered":"https:\/\/www.moskito.cz\/produkt\/solidny-noz-cold-steel-mini-tac-bowie\/"},"modified":"2025-05-07T11:12:47","modified_gmt":"2025-05-07T10:12:47","slug":"solidny-noz-cold-steel-mini-tac-bowie","status":"publish","type":"product","link":"https:\/\/www.moskito.cz\/pl\/produkt\/solidny-noz-cold-steel-mini-tac-bowie\/","title":{"rendered":"Solidny n\u00f3\u017c Cold Steel MINI TAC BOWIE"},"content":{"rendered":"<p>Solidny n\u00f3\u017c <strong>Cold Steel<\/strong> MINI TAC BOWIE.<\/p>\n<p>Mile widziany dodatek do naszej popularnej serii Mini Tac, zaprojektowany przez Andrew-Demko Mini Tac Bowie oferuje znan\u0105 wszechstronno\u015b\u0107 ostrego i wytrzyma\u0142ego klipsa, dzi\u0119ki czemu idealnie nadaje si\u0119 do u\u017cytku w terenie lub na co dzie\u0144. Jest wyposa\u017cony w obudow\u0119 Secure-Ex\u2122 i stalowy sznurek, dzi\u0119ki czemu z pewno\u015bci\u0105 pos\u0142u\u017cy lata.<\/p>\n<p>PARAMETRY PRODUKTU<br \/>\nGrubo\u015b\u0107 ostrza: 2,5 mm<br \/>\nCzarny kolor<br \/>\nD\u0142ugo\u015b\u0107 r\u0105czki: 83 mm<br \/>\nWaga: 74 g<br \/>\nRozmiar ca\u0142kowity: 175 mm<br \/>\nD\u0142ugo\u015b\u0107 ostrza: 92 mm<br \/>\nMateria\u0142 r\u0119koje\u015bci: D\u0142ugi Griv-Ex\u2122 w stylu G-10<br \/>\nMateria\u0142 os\u0142ony: os\u0142ona Secure-Ex\u00ae<br \/>\nStal: 8Cr13MoV<\/p>\n","protected":false},"excerpt":{"rendered":"<p>Mini Tac Bowie firmy COLD STEEL to solidny n\u00f3\u017c my\u015bliwski z g\u0142adk\u0105 kling\u0105 do polowa\u0144 na zwierzyn\u0119 lub do obcinania patyk\u00f3w. \u015awietnie nadaje si\u0119 do noszenia w ukryciu lub zawieszenia na szyi.<\/p>\n","protected":false},"featured_media":335696,"comment_status":"open","ping_status":"closed","template":"","meta":[],"pwb-brand":[3596],"product_brand":[],"product_cat":[3297,3296],"product_tag":[],"class_list":{"0":"post-335695","1":"product","2":"type-product","3":"status-publish","4":"has-post-thumbnail","6":"pwb-brand-zimna-stal","7":"product_cat-solidne-noze","8":"product_cat-noze-pl","10":"first","11":"instock","12":"taxable","13":"shipping-taxable","14":"purchasable","15":"product-type-simple"},"brands":[{"id":3596,"name":"Zimna stal","slug":"zimna-stal"}],"_links":{"self":[{"href":"https:\/\/www.moskito.cz\/pl\/wp-json\/wp\/v2\/product\/335695","targetHints":{"allow":["GET"]}}],"collection":[{"href":"https:\/\/www.moskito.cz\/pl\/wp-json\/wp\/v2\/product"}],"about":[{"href":"https:\/\/www.moskito.cz\/pl\/wp-json\/wp\/v2\/types\/product"}],"replies":[{"embeddable":true,"href":"https:\/\/www.moskito.cz\/pl\/wp-json\/wp\/v2\/comments?post=335695"}],"wp:featuredmedia":[{"embeddable":true,"href":"https:\/\/www.moskito.cz\/pl\/wp-json\/wp\/v2\/media\/335696"}],"wp:attachment":[{"href":"https:\/\/www.moskito.cz\/pl\/wp-json\/wp\/v2\/media?parent=335695"}],"wp:term":[{"taxonomy":"pwb-brand","embeddable":true,"href":"https:\/\/www.moskito.cz\/pl\/wp-json\/wp\/v2\/pwb-brand?post=335695"},{"taxonomy":"product_brand","embeddable":true,"href":"https:\/\/www.moskito.cz\/pl\/wp-json\/wp\/v2\/product_brand?post=335695"},{"taxonomy":"product_cat","embeddable":true,"href":"https:\/\/www.moskito.cz\/pl\/wp-json\/wp\/v2\/product_cat?post=335695"},{"taxonomy":"product_tag","embeddable":true,"href":"https:\/\/www.moskito.cz\/pl\/wp-json\/wp\/v2\/product_tag?post=335695"}],"curies":[{"name":"wp","href":"https:\/\/api.w.org\/{rel}","templated":true}]}}