{"id":335772,"date":"2022-11-07T21:01:36","date_gmt":"2024-04-19T12:02:55","guid":{"rendered":"https:\/\/www.moskito.cz\/produkt\/noz-skladany-cold-steel-range-boss-flat-dark-earth\/"},"modified":"2025-05-07T11:12:54","modified_gmt":"2025-05-07T10:12:54","slug":"noz-skladany-cold-steel-range-boss-flat-dark-earth","status":"publish","type":"product","link":"https:\/\/www.moskito.cz\/pl\/produkt\/noz-skladany-cold-steel-range-boss-flat-dark-earth\/","title":{"rendered":"N\u00f3\u017c sk\u0142adany Cold Steel RANGE BOSS FLAT DARK EARTH"},"content":{"rendered":"<p>N\u00f3\u017c sk\u0142adany <strong>Cold Steel<\/strong> RANGE BOSS FLAT DARK EARTH.<\/p>\n<p>Niezale\u017cnie od tego, czy je\u017adzisz taks\u00f3wk\u0105 na Manhattanie, czy je\u017adzisz konno w Montanie, jeste\u015bmy pewni, \u017ce docenisz naszego Range Bossa. Zaprojektowany z my\u015bl\u0105 o ca\u0142odziennym noszeniu w kieszeni lub w pasie, jest lekki i \u0142atwy do przenoszenia. Nie zajmuje du\u017co miejsca i mo\u017cna go nosi\u0107 praktycznie niezauwa\u017cenie, dop\u00f3ki go nie otworzysz. Ostrze Range Boss jest szlifowane p\u0142asko i ma cienk\u0105 kraw\u0119d\u017a, kt\u00f3ra jest tak ostra, \u017ce \u200b\u200bCi\u0119 zadziwi. Jest wykonany z kamienia, aby by\u0142 odporny na rdz\u0119, a jego wszechstronno\u015b\u0107 sprawia, \u017ce \u200b\u200bjest to cholernie dobry n\u00f3\u017c do sk\u00f3rowania, nie m\u00f3wi\u0105c ju\u017c o przygotowywaniu \u017cywno\u015bci. Nylonowa r\u0119koje\u015b\u0107 wzmocniona w\u0142\u00f3knem szklanym ma tekstur\u0119 z wzorem punktowym zapewniaj\u0105cym dobry chwyt i jest wyposa\u017cona w s\u0142ynny zamek Tri-Ad\u00ae zapewniaj\u0105cy doskona\u0142\u0105 wytrzyma\u0142o\u015b\u0107.<\/p>\n<p>\u201eZawsze b\u0119d\u0119 uwielbia\u0142 supercienki, ultralekki n\u00f3\u017c z d\u0142ugim ostrzem i u\u017cytecznym ko\u0144cem. Dlatego Range Boss b\u0119dzie jednym z moich codziennych przedmiot\u00f3w. Podobnie jak 3\u201d Hold Out, jest wystarczaj\u0105co lekki, aby nosi\u0107 go 24 godziny na dob\u0119, 7 dni w tygodniu w kieszeni koszuli i w przeciwie\u0144stwie do Hold Out ma bardziej uniwersalny klips, kt\u00f3ry osobi\u015bcie uwa\u017cam za bardzo odpowiedni do oprawiania i sk\u00f3rowania w terenie nawet du\u017cych knur\u00f3w o wadze do 250 funt\u00f3w. U\u017cywaj naturalnego na farmie lub w sklepie i pom\u00f3\u017c nowemu \u0142otrzykowi w miejskiej d\u017cungli. Jest w bardzo przyst\u0119pnej cenie i my\u015bl\u0119, \u017ce oferuje ogromn\u0105 warto\u015b\u0107, szczeg\u00f3lnie je\u015bli we\u017amie si\u0119 pod uwag\u0119, \u017ce jest wyposa\u017cony w s\u0142ynny zamek Tri-AD firmy Cold Steel!!!\u201d \u2013 Lynn Thompson<\/p>\n<p>PARAMETRY PRODUKTU<br \/>\nWaga: 96 g<br \/>\nRodzaj zamka: Blokada Tri-Ad<br \/>\nD\u0142ugo\u015b\u0107 ostrza: 101 mm<br \/>\nMateria\u0142 obudowy: stalowy klips<br \/>\nD\u0142ugo\u015b\u0107 r\u0105czki: 134 mm<br \/>\nRozmiar ca\u0142kowity: 235 mm<br \/>\nStal: stal 4034SS<br \/>\nGrubo\u015b\u0107 ostrza: 3,5 mm<br \/>\nMateria\u0142 r\u0119koje\u015bci: D\u0142ugi Zy-Ex\u2122<br \/>\nKolor br\u0105zowy<\/p>\n","protected":false},"excerpt":{"rendered":"<p>Range Boss to n\u00f3\u017c sk\u0142adany z g\u0142adkim ostrzem i p\u0142askim szlifem.<\/p>\n","protected":false},"featured_media":335773,"comment_status":"open","ping_status":"closed","template":"","meta":[],"pwb-brand":[3596],"product_brand":[],"product_cat":[3296,3307],"product_tag":[],"class_list":{"0":"post-335772","1":"product","2":"type-product","3":"status-publish","4":"has-post-thumbnail","6":"pwb-brand-zimna-stal","7":"product_cat-noze-pl","8":"product_cat-zamykanie-nozy","10":"first","11":"outofstock","12":"taxable","13":"shipping-taxable","14":"purchasable","15":"product-type-simple"},"brands":[{"id":3596,"name":"Zimna stal","slug":"zimna-stal"}],"_links":{"self":[{"href":"https:\/\/www.moskito.cz\/pl\/wp-json\/wp\/v2\/product\/335772","targetHints":{"allow":["GET"]}}],"collection":[{"href":"https:\/\/www.moskito.cz\/pl\/wp-json\/wp\/v2\/product"}],"about":[{"href":"https:\/\/www.moskito.cz\/pl\/wp-json\/wp\/v2\/types\/product"}],"replies":[{"embeddable":true,"href":"https:\/\/www.moskito.cz\/pl\/wp-json\/wp\/v2\/comments?post=335772"}],"wp:featuredmedia":[{"embeddable":true,"href":"https:\/\/www.moskito.cz\/pl\/wp-json\/wp\/v2\/media\/335773"}],"wp:attachment":[{"href":"https:\/\/www.moskito.cz\/pl\/wp-json\/wp\/v2\/media?parent=335772"}],"wp:term":[{"taxonomy":"pwb-brand","embeddable":true,"href":"https:\/\/www.moskito.cz\/pl\/wp-json\/wp\/v2\/pwb-brand?post=335772"},{"taxonomy":"product_brand","embeddable":true,"href":"https:\/\/www.moskito.cz\/pl\/wp-json\/wp\/v2\/product_brand?post=335772"},{"taxonomy":"product_cat","embeddable":true,"href":"https:\/\/www.moskito.cz\/pl\/wp-json\/wp\/v2\/product_cat?post=335772"},{"taxonomy":"product_tag","embeddable":true,"href":"https:\/\/www.moskito.cz\/pl\/wp-json\/wp\/v2\/product_tag?post=335772"}],"curies":[{"name":"wp","href":"https:\/\/api.w.org\/{rel}","templated":true}]}}