{"id":335786,"date":"2022-10-31T21:11:32","date_gmt":"2024-04-19T12:04:39","guid":{"rendered":"https:\/\/www.moskito.cz\/produkt\/noz-skladany-cold-steel-voyager-xl-tanto-point-serrated-edge-aus10a\/"},"modified":"2025-05-07T11:12:54","modified_gmt":"2025-05-07T10:12:54","slug":"noz-skladany-cold-steel-voyager-xl-tanto-point-serrated-edge-aus10a","status":"publish","type":"product","link":"https:\/\/www.moskito.cz\/pl\/produkt\/noz-skladany-cold-steel-voyager-xl-tanto-point-serrated-edge-aus10a\/","title":{"rendered":"N\u00f3\u017c sk\u0142adany Cold Steel VOYAGER XL TANTO POINT &#8211; SERRATED EDGE (AUS10A)"},"content":{"rendered":"<p>N\u00f3\u017c sk\u0142adany Cold Steel VOYAGER XL TANTO POINT &#8211; SERRATED EDGE (AUS10A)<\/p>\n<p>Seria Cold Steel Voyager zosta\u0142a zaprojektowana tak, aby by\u0107 prawdziwym no\u017cem dla ka\u017cdego. Lekkie, wygodne i super ostre, s\u0105 wytrzyma\u0142e, niezawodne i idealne do polowa\u0144 i biwakowania, a tak\u017ce do og\u00f3lnego u\u017cytku i codziennego siekania. Voyagery doskonale sprawdzaj\u0105 si\u0119 w wielu zastosowaniach ratowniczych i ratowniczych i ciesz\u0105 si\u0119 popularno\u015bci\u0105 w\u015br\u00f3d organ\u00f3w \u015bcigania i personelu wojskowego, kt\u00f3rzy ceni\u0105 sobie po\u0142\u0105czenie oferowanej przez nie wydajno\u015bci ci\u0119cia i bezpiecze\u0144stwa. Ka\u017cdy n\u00f3\u017c z naszej obszernej serii Voyager jest precyzyjnie zaprojektowany zgodnie z naszymi najwy\u017cszymi standardami. Gama Voyager obejmuje ostrza ze stopu japo\u0144skiego AUS10A i nasz mechanizm blokuj\u0105cy Tri-Ad &#8211; prawdopodobnie najbezpieczniejszy, najpewniejszy i najbardziej odporny na uderzenia zamek dost\u0119pny obecnie na rynku! Ergonomiczne chwyty Voyagera Griv-Ex (wzmocnione wstawkami z poddanego obr\u00f3bce cieplnej aluminium 6061) zapewniaj\u0105 doskona\u0142y komfort i pewny chwyt nawet podczas d\u0142ugotrwa\u0142ego u\u017cytkowania w wymagaj\u0105cych warunkach. Voyager jest dost\u0119pny w dw\u00f3ch rozmiarach oraz z wieloma konfiguracjami ostrzy i kraw\u0119dzi, wi\u0119c ka\u017cdy znajdzie co\u015b dla siebie.<\/p>\n<p>PARAMETRY PRODUKTU<\/p>\n<p>Stal: japo\u0144ska stal nierdzewna AUS 10A<br \/>\nRodzaj zamka: Blokada Tri-Ad<br \/>\nWaga: 219,29 g<br \/>\nMateria\u0142 r\u0119koje\u015bci: D\u0142ugi Griv-Ex<br \/>\nKolor: czarny\/srebrny<br \/>\nMateria\u0142 kabury: obur\u0119czna kiesze\u0144\/zaczep na pasek<br \/>\nGrubo\u015b\u0107 ostrza: 4 mm<br \/>\nD\u0142ugo\u015b\u0107 r\u0105czki: 169 mm<br \/>\nRozmiar ca\u0142kowity: 304 mm<br \/>\nD\u0142ugo\u015b\u0107 ostrza: 135 mm<\/p>\n<p>&nbsp;<\/p>\n","protected":false},"excerpt":{"rendered":"<p>Seria Cold Steel Voyager zosta\u0142a zaprojektowana tak, aby by\u0107 prawdziwym no\u017cem dla ka\u017cdego.<\/p>\n","protected":false},"featured_media":335787,"comment_status":"open","ping_status":"closed","template":"","meta":[],"pwb-brand":[3596],"product_brand":[],"product_cat":[3296,3307],"product_tag":[],"class_list":{"0":"post-335786","1":"product","2":"type-product","3":"status-publish","4":"has-post-thumbnail","6":"pwb-brand-zimna-stal","7":"product_cat-noze-pl","8":"product_cat-zamykanie-nozy","10":"first","11":"instock","12":"taxable","13":"shipping-taxable","14":"purchasable","15":"product-type-simple"},"brands":[{"id":3596,"name":"Zimna stal","slug":"zimna-stal"}],"_links":{"self":[{"href":"https:\/\/www.moskito.cz\/pl\/wp-json\/wp\/v2\/product\/335786","targetHints":{"allow":["GET"]}}],"collection":[{"href":"https:\/\/www.moskito.cz\/pl\/wp-json\/wp\/v2\/product"}],"about":[{"href":"https:\/\/www.moskito.cz\/pl\/wp-json\/wp\/v2\/types\/product"}],"replies":[{"embeddable":true,"href":"https:\/\/www.moskito.cz\/pl\/wp-json\/wp\/v2\/comments?post=335786"}],"wp:featuredmedia":[{"embeddable":true,"href":"https:\/\/www.moskito.cz\/pl\/wp-json\/wp\/v2\/media\/335787"}],"wp:attachment":[{"href":"https:\/\/www.moskito.cz\/pl\/wp-json\/wp\/v2\/media?parent=335786"}],"wp:term":[{"taxonomy":"pwb-brand","embeddable":true,"href":"https:\/\/www.moskito.cz\/pl\/wp-json\/wp\/v2\/pwb-brand?post=335786"},{"taxonomy":"product_brand","embeddable":true,"href":"https:\/\/www.moskito.cz\/pl\/wp-json\/wp\/v2\/product_brand?post=335786"},{"taxonomy":"product_cat","embeddable":true,"href":"https:\/\/www.moskito.cz\/pl\/wp-json\/wp\/v2\/product_cat?post=335786"},{"taxonomy":"product_tag","embeddable":true,"href":"https:\/\/www.moskito.cz\/pl\/wp-json\/wp\/v2\/product_tag?post=335786"}],"curies":[{"name":"wp","href":"https:\/\/api.w.org\/{rel}","templated":true}]}}