{"id":335798,"date":"2021-07-22T13:21:49","date_gmt":"2021-07-22T12:21:49","guid":{"rendered":"https:\/\/www.moskito.cz\/produkt\/noz-zamykajacy-cold-steel-4-ti-lite-aluminium\/"},"modified":"2025-05-07T11:12:55","modified_gmt":"2025-05-07T10:12:55","slug":"noz-zamykajacy-cold-steel-4-ti-lite-aluminium","status":"publish","type":"product","link":"https:\/\/www.moskito.cz\/pl\/produkt\/noz-zamykajacy-cold-steel-4-ti-lite-aluminium\/","title":{"rendered":"N\u00f3\u017c zamykaj\u0105cy Cold Steel 4&#8243; TI-LITE ALUMINIUM"},"content":{"rendered":"<p>N\u00f3\u017c zamykaj\u0105cy <strong>Cold Steel<\/strong> 4&#8243; TI-LITE ALUMINIUM.<\/p>\n<p>No\u017ce sk\u0142adane Cold-Steels Ti-Lite przywo\u0142uj\u0105 eleganck\u0105 pr\u0119dko\u015b\u0107 i buntownicz\u0105 lini\u0119 klasycznego no\u017ca sk\u0142adanego z lat 50-tych. lot. Posiadaj\u0105 ostre i mocne, szlifowane ostrza ze stopu CPM-S35VN oraz frezowane CNC uchwyty z aluminium 7075, kt\u00f3re s\u0105 wyko\u0144czone ochronn\u0105 pow\u0142ok\u0105 EDP (Electric Discharge Plating). Ti-Lites s\u0105 wyposa\u017cone w nasze opatentowane zamki pi\u00f3rowe ze stali nierdzewnej (w naszych testach udowodniono, \u017ce wytrzymuj\u0105 obci\u0105\u017cenie do 145 funt\u00f3w). Aby u\u0142atwi\u0107 przenoszenie, Ti-Lites s\u0105 wyposa\u017cone w ma\u0142y, ale dyskretny stalowy klips do kieszeni i mo\u017cna je szybko otworzy\u0107 za pomoc\u0105 ko\u0142k\u00f3w pod kciukiem lub chwytaj\u0105c za kolb\u0119 na kraw\u0119dzi kieszeni podczas wyci\u0105gania no\u017ca.<\/p>\n<p>Materia\u0142 ostrza: proszek pcel CPM S35VN<br \/>\nD\u0142ugo\u015b\u0107 ostrza: 101 mm<br \/>\nGrubo\u015b\u0107 ostrza: 3 mm<br \/>\nD\u0142ugo\u015b\u0107 ca\u0142kowita: 222 mm<br \/>\nWaga: 130 g<br \/>\nBezpiecze\u0144stwo: Blokada Liner Lock<br \/>\nOtw\u00f3r no\u017ca: ko\u0142ek na kciuk<br \/>\nMateria\u0142 r\u0119koje\u015bci: duraluminium 7075<\/p>\n<p><strong>Cold Steel<\/strong> to firma zajmuj\u0105ca si\u0119 produkcj\u0105 najmocniejszych i najostrzejszych no\u017cy na \u015bwiecie. W ci\u0105gu ostatnich trzydziestu lat firma Cold Steel sta\u0142a na czele wielu innowacji, kt\u00f3re pomog\u0142y zdefiniowa\u0107 bran\u017c\u0119 no\u017cy. Kolejne sukcesy, w tym wprowadzenie r\u0119koje\u015bci w kratk\u0119 Kraton\u00ae i ostrzy typu tanto, przekszta\u0142ci\u0142y si\u0119 z ciekawostek w przemys\u0142owe znaki rozpoznawcze jako\u015bci i wyrafinowania. Nowy kierunek zosta\u0142 r\u00f3wnie\u017c prze\u0142amany wraz z wprowadzeniem nowych, unikalnych ostrzy stalowych, takich jak San Mai III\u00ae oraz Tri-Ad\u2122 Lock &amp; Lock &amp; Lock do no\u017cy sk\u0142adanych. Na przyk\u0142ad zamek Tri-Ad \u2122 Lock nigdy nie by\u0142 por\u00f3wnywany przez \u017cadnego z konkurent\u00f3w Cold Steel i nie udowodniono, \u017ce przewy\u017csza wszystko, co do tej pory wyprodukowali. Oczywi\u015bcie Cold Steel zawsze b\u0119dzie patrze\u0107 w przysz\u0142o\u015b\u0107 i nieustannie d\u0105\u017cy\u0107 do produkcji najmocniejszych i najostrzejszych no\u017cy na \u015bwiecie. Cel ten, r\u00f3wnie nieuchwytny i trudny do osi\u0105gni\u0119cia, jest ten sam od czterdziestu lat. Firma Cold Steel Inc. to firma skupiaj\u0105ca si\u0119 na produkcji najmocniejszych i najostrzejszych no\u017cy, mieczy, tomahawk\u00f3w, maczet, sztu\u0107c\u00f3w oraz narz\u0119dzi codziennego u\u017cytku: EDC. Szybko przyj\u0119ty przez wojsko, si\u0142y specjalne organ\u00f3w \u015bcigania, osoby udzielaj\u0105ce pomocy w sytuacjach kryzysowych, specjalist\u00f3w samoobrony i cz\u0142onk\u00f3w spo\u0142eczno\u015bci sztuk walki, Cold Steel szybko zyska\u0142 s\u0142aw\u0119 dzi\u0119ki jako\u015bci, wytrzyma\u0142o\u015bci, niezawodno\u015bci i niezawodno\u015bci w codziennym noszeniu (EDC). . Nasza r\u00f3\u017cnorodna i zr\u00f3\u017cnicowana oferta szybko powi\u0119kszy\u0142a si\u0119 i obejmowa\u0142a nie tylko ogromny wyb\u00f3r no\u017cy sk\u0142adanych (od mniejszych ostrzy \u201eEDC\u201d po nasze kultowe, gigantyczne \u201emegafoldery\u201d), ale tak\u017ce sta\u0142e ostrza, miecze, szable, laski i halabardy, jak r\u00f3wnie\u017c a tak\u017ce artyku\u0142y my\u015bliwskie, w\u0142\u00f3cznie, karabiny, topory, maczety, tomahawki i narz\u0119dzia! Przez dziesi\u0119ciolecia firma Cold Steel wprowadza\u0142a nowe, pionierskie materia\u0142y i projekty, kt\u00f3re pomog\u0142y ukszta\u0142towa\u0107 \u015bwiat nowoczesnych no\u017cy, ostrej broni i narz\u0119dzi. Od wprowadzenia r\u0119koje\u015bci w kratk\u0119 Kraton\u00ae i \u201ezamerykanizowanego\u201d ostrza Tanto, po wprowadzenie nowych, innowacyjnych stali ostrzy, takich jak San Mai III\u00ae i prze\u0142omowych mechanizm\u00f3w blokuj\u0105cych (takich jak nasz zamek Tri-Ad \u2122). Patrz\u0105c w przysz\u0142o\u015b\u0107, Cold Steel w dalszym ci\u0105gu wprowadza na rynek nowy poziom wytrzyma\u0142o\u015bci, bezpiecze\u0144stwa i wydajno\u015bci, dostarczaj\u0105c sprawdzone produkty, na kt\u00f3rych mo\u017cna polega\u0107 \u2013 zawsze i wsz\u0119dzie!<\/p>\n","protected":false},"excerpt":{"rendered":"<p>N\u00f3\u017c sk\u0142adany <strong>Cold Steel<\/strong> z zabezpieczeniem i klipsem do przenoszenia.<\/p>\n<p><strong>Bezp\u0142atny transport.<\/strong><\/p>\n","protected":false},"featured_media":335799,"comment_status":"open","ping_status":"closed","template":"","meta":[],"pwb-brand":[3596],"product_brand":[],"product_cat":[3307,3296],"product_tag":[],"class_list":{"0":"post-335798","1":"product","2":"type-product","3":"status-publish","4":"has-post-thumbnail","6":"pwb-brand-zimna-stal","7":"product_cat-zamykanie-nozy","8":"product_cat-noze-pl","10":"first","11":"instock","12":"taxable","13":"shipping-taxable","14":"purchasable","15":"product-type-simple"},"brands":[{"id":3596,"name":"Zimna stal","slug":"zimna-stal"}],"_links":{"self":[{"href":"https:\/\/www.moskito.cz\/pl\/wp-json\/wp\/v2\/product\/335798","targetHints":{"allow":["GET"]}}],"collection":[{"href":"https:\/\/www.moskito.cz\/pl\/wp-json\/wp\/v2\/product"}],"about":[{"href":"https:\/\/www.moskito.cz\/pl\/wp-json\/wp\/v2\/types\/product"}],"replies":[{"embeddable":true,"href":"https:\/\/www.moskito.cz\/pl\/wp-json\/wp\/v2\/comments?post=335798"}],"wp:featuredmedia":[{"embeddable":true,"href":"https:\/\/www.moskito.cz\/pl\/wp-json\/wp\/v2\/media\/335799"}],"wp:attachment":[{"href":"https:\/\/www.moskito.cz\/pl\/wp-json\/wp\/v2\/media?parent=335798"}],"wp:term":[{"taxonomy":"pwb-brand","embeddable":true,"href":"https:\/\/www.moskito.cz\/pl\/wp-json\/wp\/v2\/pwb-brand?post=335798"},{"taxonomy":"product_brand","embeddable":true,"href":"https:\/\/www.moskito.cz\/pl\/wp-json\/wp\/v2\/product_brand?post=335798"},{"taxonomy":"product_cat","embeddable":true,"href":"https:\/\/www.moskito.cz\/pl\/wp-json\/wp\/v2\/product_cat?post=335798"},{"taxonomy":"product_tag","embeddable":true,"href":"https:\/\/www.moskito.cz\/pl\/wp-json\/wp\/v2\/product_tag?post=335798"}],"curies":[{"name":"wp","href":"https:\/\/api.w.org\/{rel}","templated":true}]}}