{"id":335824,"date":"2022-04-19T22:20:27","date_gmt":"2022-04-19T21:20:27","guid":{"rendered":"https:\/\/www.moskito.cz\/produkt\/solidny-noz-cold-steel-chaos-bowie\/"},"modified":"2025-05-07T11:12:57","modified_gmt":"2025-05-07T10:12:57","slug":"solidny-noz-cold-steel-chaos-bowie","status":"publish","type":"product","link":"https:\/\/www.moskito.cz\/pl\/produkt\/solidny-noz-cold-steel-chaos-bowie\/","title":{"rendered":"Solidny n\u00f3\u017c Cold Steel CHAOS BOWIE"},"content":{"rendered":"<p>Solidny n\u00f3\u017c <strong>Cold Steel<\/strong> CHAOS BOWIE.<\/p>\n<p>Czerpi\u0105c inspiracj\u0119 z klasycznych \u201eno\u017cy okopowych\u201d z obu wojen \u015bwiatowych ubieg\u0142ego wieku, opracowali\u015bmy gam\u0119 taktycznych sta\u0142ych ostrzy, kt\u00f3re s\u0105 dostosowane do wyzwa\u0144 stoj\u0105cych przed wsp\u00f3\u0142czesnymi wsp\u00f3\u0142czesnymi wojownikami. Nasze solidne ostrza Chaos posiadaj\u0105 unikalne os\u0142ony pier\u015bcieniowe w kszta\u0142cie litery \u201eD\u201d wykonane ze wzmocnionego aluminium 6061, kt\u00f3re pozwalaj\u0105 na niewiarygodnie bezpieczny i wygodny chwyt, jednocze\u015bnie chroni\u0105c d\u0142o\u0144 przed nadchodz\u0105cymi atakami i uszkodzeniami podczas uderzenia lub przeci\u0119cia przeciwnika okrytego kamizelk\u0105 kuloodporn\u0105 lub amunicj\u0105. , latarki, czasopisma i sprz\u0119t! Ich wyj\u0105tkowo mocne g\u0142owice ze stali w\u0119glowej 1055 s\u0105 zw\u0119\u017cane, aby skoncentrowa\u0107 si\u0142\u0119 udarow\u0105 uderzenia m\u0142otka, a ostrza ze stali wysokow\u0119glowej SK-5 zosta\u0142y fachowo poddane obr\u00f3bce cieplnej w celu uzyskania maksymalnej wydajno\u015bci. Wytrzyma\u0142e kabury Secure-Ex s\u0105 kompatybilne z systemami Molle-Lok i Tek-Lok, a trwa\u0142e, regulowane szlufki na pasek Cor-Ex i paski mocuj\u0105ce zapewniaj\u0105 bezpieczne zamkni\u0119cie, gdy nie s\u0105 u\u017cywane. Chaosseries \u0142\u0105czy maksymalne bezpiecze\u0144stwo i ochron\u0119 z ekstremaln\u0105 wydajno\u015bci\u0105 i potencja\u0142em bojowym.<\/p>\n<p>PARAMETRY PRODUKTU<br \/>\nD\u0142ugo\u015b\u0107 r\u0105czki: 152 mm<br \/>\nStal: SK-5 wysokow\u0119glowa<br \/>\nCzarny kolor<br \/>\nMateria\u0142 os\u0142ony: os\u0142ona Secure-Ex\u00ae<br \/>\nRozmiar ca\u0142kowity: 419 mm<br \/>\nWaga: 655 g<br \/>\nD\u0142ugo\u015b\u0107 ostrza: 267 mm<br \/>\nMateria\u0142 r\u0119koje\u015bci: aluminium 6061<br \/>\nGrubo\u015b\u0107 ostrza: 5 mm<\/p>\n<p>Czerpi\u0105c inspiracj\u0119 z klasycznych \u201eno\u017cy okopowych\u201d z obu wojen \u015bwiatowych ubieg\u0142ego wieku, opracowali\u015bmy seri\u0119 taktycznych sta\u0142ych ostrzy, kt\u00f3re s\u0105 odpowiednie do wyzwa\u0144 stoj\u0105cych przed wsp\u00f3\u0142czesnymi wojownikami. Nasze sta\u0142e ostrza Chaos s\u0105 wyposa\u017cone w unikalne os\u0142ony pier\u015bcieniowe \u201eD\u201d wykonane ze wzmocnionego aluminium 6061, co pozwala na niewiarygodnie bezpieczny i wygodny chwyt, jednocze\u015bnie chroni\u0105c d\u0142o\u0144 zar\u00f3wno przed nadchodz\u0105cym atakiem, jak i obra\u017ceniami podczas uderzania lub przecinania przeciwnika okrytego kamizelk\u0105 kuloodporn\u0105, amunicj\u0105 , latarki, czasopisma i sprz\u0119t! Ich wyj\u0105tkowo grube g\u0142owice ze stali w\u0119glowej 1055 s\u0105 zw\u0119\u017cane, aby skoncentrowa\u0107 si\u0142\u0119 udarow\u0105 uderzenia m\u0142otkiem, a ich ostrza ze stali wysokow\u0119glowej SK-5 o pe\u0142nym trzpieniu s\u0105 fachowo poddane obr\u00f3bce cieplnej w celu uzyskania maksymalnej wydajno\u015bci. Wytrzyma\u0142e os\u0142ony Secure-Ex s\u0105 kompatybilne z systemem Molle-Lok i Tek-Lok, a tak\u017ce wytrzyma\u0142e, regulowane szlufki na pasek Cor-Ex i paski podtrzymuj\u0105ce, zapewniaj\u0105ce bezpieczne i niezawodne zamkni\u0119cie, gdy nie s\u0105 u\u017cywane. Seria Chaos \u0142\u0105czy w sobie maksymalne bezpiecze\u0144stwo i ochron\u0119 z ekstremaln\u0105 wydajno\u015bci\u0105 i potencja\u0142em bojowym.<\/p>\n<p>Waga: 23,1 uncji Grubo\u015b\u0107 ostrza: 5 mm D\u0142ugo\u015b\u0107 ostrza: 10-1\/2&#8243; Stal ostrza: SK-5 High Carbon D\u0142ugo\u015b\u0107 r\u0119koje\u015bci\/materia\u0142: 6&#8243; Aluminium 6061 D\u0142ugo\u015b\u0107 ca\u0142kowita: 16-1\/2&#8243; Dodatkowe funkcje: Secure-Ex\u00ae Typ no\u017ca z os\u0142on\u0105: Sta\u0142e Zakres d\u0142ugo\u015bci ostrza: 5+ w stali Rodzina: Stal wysokow\u0119glowa Kszta\u0142t ostrza: Clip Point Rodzina produkt\u00f3w: Chaos<\/p>\n","protected":false},"excerpt":{"rendered":"<p>Chaos Bowie to solidny n\u00f3\u017c o g\u0142adkiej kraw\u0119dzi. W no\u017cu dominuje \u0142o\u017ce w kszta\u0142cie litery \u201eD\u201d wykonane z wysokowytrzyma\u0142ego aluminium 6061.<\/p>\n","protected":false},"featured_media":335825,"comment_status":"open","ping_status":"closed","template":"","meta":[],"pwb-brand":[3596],"product_brand":[],"product_cat":[3297,3296],"product_tag":[3671],"class_list":{"0":"post-335824","1":"product","2":"type-product","3":"status-publish","4":"has-post-thumbnail","6":"pwb-brand-zimna-stal","7":"product_cat-solidne-noze","8":"product_cat-noze-pl","9":"product_tag-b2b-pl","11":"first","12":"instock","13":"taxable","14":"shipping-taxable","15":"purchasable","16":"product-type-simple"},"brands":[{"id":3596,"name":"Zimna stal","slug":"zimna-stal"}],"_links":{"self":[{"href":"https:\/\/www.moskito.cz\/pl\/wp-json\/wp\/v2\/product\/335824","targetHints":{"allow":["GET"]}}],"collection":[{"href":"https:\/\/www.moskito.cz\/pl\/wp-json\/wp\/v2\/product"}],"about":[{"href":"https:\/\/www.moskito.cz\/pl\/wp-json\/wp\/v2\/types\/product"}],"replies":[{"embeddable":true,"href":"https:\/\/www.moskito.cz\/pl\/wp-json\/wp\/v2\/comments?post=335824"}],"wp:featuredmedia":[{"embeddable":true,"href":"https:\/\/www.moskito.cz\/pl\/wp-json\/wp\/v2\/media\/335825"}],"wp:attachment":[{"href":"https:\/\/www.moskito.cz\/pl\/wp-json\/wp\/v2\/media?parent=335824"}],"wp:term":[{"taxonomy":"pwb-brand","embeddable":true,"href":"https:\/\/www.moskito.cz\/pl\/wp-json\/wp\/v2\/pwb-brand?post=335824"},{"taxonomy":"product_brand","embeddable":true,"href":"https:\/\/www.moskito.cz\/pl\/wp-json\/wp\/v2\/product_brand?post=335824"},{"taxonomy":"product_cat","embeddable":true,"href":"https:\/\/www.moskito.cz\/pl\/wp-json\/wp\/v2\/product_cat?post=335824"},{"taxonomy":"product_tag","embeddable":true,"href":"https:\/\/www.moskito.cz\/pl\/wp-json\/wp\/v2\/product_tag?post=335824"}],"curies":[{"name":"wp","href":"https:\/\/api.w.org\/{rel}","templated":true}]}}