{"id":335829,"date":"2022-11-08T21:45:10","date_gmt":"2022-11-08T20:45:10","guid":{"rendered":"https:\/\/www.moskito.cz\/produkt\/solidny-noz-cold-steel-chaos-double-edge\/"},"modified":"2025-05-07T11:12:58","modified_gmt":"2025-05-07T10:12:58","slug":"solidny-noz-cold-steel-chaos-double-edge","status":"publish","type":"product","link":"https:\/\/www.moskito.cz\/pl\/produkt\/solidny-noz-cold-steel-chaos-double-edge\/","title":{"rendered":"Solidny n\u00f3\u017c Cold Steel CHAOS DOUBLE EDGE"},"content":{"rendered":"<p>Solidny n\u00f3\u017c <strong>Cold Steel<\/strong> CHAOS DOUBLE EDGE.<\/p>\n<p>Czerpi\u0105c inspiracj\u0119 z klasycznych \u201eno\u017cy okopowych\u201d z obu wojen \u015bwiatowych ubieg\u0142ego wieku, opracowali\u015bmy gam\u0119 nowych taktycznych sta\u0142ych ostrzy dostosowanych do wyzwa\u0144 stoj\u0105cych przed wsp\u00f3\u0142czesnymi wsp\u00f3\u0142czesnymi wojownikami. Nasze solidne ostrza z serii Chaos posiadaj\u0105 unikalne pier\u015bcienie ochronne w kszta\u0142cie litery \u201eD\u201d, wykonane ze wzmocnionego aluminium 6061, kt\u00f3re pozwalaj\u0105 na niewiarygodnie bezpieczny i wygodny chwyt, jednocze\u015bnie chroni\u0105c d\u0142o\u0144 przed nadchodz\u0105cym atakiem i uszkodzeniami podczas uderzenia lub przeci\u0119cia przeciwnika okrytego kamizelk\u0105 kuloodporn\u0105 lub amunicj\u0105 , latarki, czasopisma i sprz\u0119t! Ich wyj\u0105tkowo mocne g\u0142owice ze stali w\u0119glowej 1055 s\u0105 zw\u0119\u017cane, aby skoncentrowa\u0107 si\u0142\u0119 udarow\u0105 uderzenia m\u0142otka, a ostrza ze stali wysokow\u0119glowej SK-5 zosta\u0142y fachowo poddane obr\u00f3bce cieplnej w celu uzyskania maksymalnej wydajno\u015bci.<\/p>\n<p>PARAMETRY PRODUKTU<br \/>\nStal: SK-5 wysokow\u0119glowa<br \/>\nRozmiar ca\u0142kowity: 342 mm<br \/>\nD\u0142ugo\u015b\u0107 ostrza: 190 mm<br \/>\nMateria\u0142 r\u0119koje\u015bci: aluminium 6061<br \/>\nD\u0142ugo\u015b\u0107 r\u0105czki: 152 mm<br \/>\nCzarny kolor:<\/p>\n<p>Waga: 481,94 g<br \/>\nGrubo\u015b\u0107 ostrza: 4,5 mm<br \/>\nMateria\u0142 os\u0142ony: os\u0142ona Secure-Ex\u00ae<\/p>\n","protected":false},"excerpt":{"rendered":"<p>Przedstawiamy Chaos Double Edge od Cold Steel.<\/p>\n","protected":false},"featured_media":335830,"comment_status":"open","ping_status":"closed","template":"","meta":[],"pwb-brand":[3596],"product_brand":[],"product_cat":[3297,3296],"product_tag":[],"class_list":{"0":"post-335829","1":"product","2":"type-product","3":"status-publish","4":"has-post-thumbnail","6":"pwb-brand-zimna-stal","7":"product_cat-solidne-noze","8":"product_cat-noze-pl","10":"first","11":"instock","12":"taxable","13":"shipping-taxable","14":"purchasable","15":"product-type-simple"},"brands":[{"id":3596,"name":"Zimna stal","slug":"zimna-stal"}],"_links":{"self":[{"href":"https:\/\/www.moskito.cz\/pl\/wp-json\/wp\/v2\/product\/335829","targetHints":{"allow":["GET"]}}],"collection":[{"href":"https:\/\/www.moskito.cz\/pl\/wp-json\/wp\/v2\/product"}],"about":[{"href":"https:\/\/www.moskito.cz\/pl\/wp-json\/wp\/v2\/types\/product"}],"replies":[{"embeddable":true,"href":"https:\/\/www.moskito.cz\/pl\/wp-json\/wp\/v2\/comments?post=335829"}],"wp:featuredmedia":[{"embeddable":true,"href":"https:\/\/www.moskito.cz\/pl\/wp-json\/wp\/v2\/media\/335830"}],"wp:attachment":[{"href":"https:\/\/www.moskito.cz\/pl\/wp-json\/wp\/v2\/media?parent=335829"}],"wp:term":[{"taxonomy":"pwb-brand","embeddable":true,"href":"https:\/\/www.moskito.cz\/pl\/wp-json\/wp\/v2\/pwb-brand?post=335829"},{"taxonomy":"product_brand","embeddable":true,"href":"https:\/\/www.moskito.cz\/pl\/wp-json\/wp\/v2\/product_brand?post=335829"},{"taxonomy":"product_cat","embeddable":true,"href":"https:\/\/www.moskito.cz\/pl\/wp-json\/wp\/v2\/product_cat?post=335829"},{"taxonomy":"product_tag","embeddable":true,"href":"https:\/\/www.moskito.cz\/pl\/wp-json\/wp\/v2\/product_tag?post=335829"}],"curies":[{"name":"wp","href":"https:\/\/api.w.org\/{rel}","templated":true}]}}