{"id":335849,"date":"2022-04-19T22:10:21","date_gmt":"2022-04-19T21:10:21","guid":{"rendered":"https:\/\/www.moskito.cz\/produkt\/solidny-noz-osy-kuty-matrycowo-na-zimno\/"},"modified":"2025-05-07T11:12:59","modified_gmt":"2025-05-07T10:12:59","slug":"solidny-noz-osy-kuty-matrycowo-na-zimno","status":"publish","type":"product","link":"https:\/\/www.moskito.cz\/pl\/produkt\/solidny-noz-osy-kuty-matrycowo-na-zimno\/","title":{"rendered":"Solidny n\u00f3\u017c osy, kuty matrycowo na zimno"},"content":{"rendered":"<p>Solidny n\u00f3\u017c <strong>osy, kuty matrycowo na zimno<\/strong> .<\/p>\n<p>Stworzenie no\u017ca obosiecznego wystarczaj\u0105co mocnego i trwa\u0142ego, aby spe\u0142nia\u0142 nasze standardy, to prawdziwe wyzwanie, ale nasza nowa kuta matrycowo Wasp przekroczy\u0142a wszelkie nasze oczekiwania. Wida\u0107, \u017ce nic si\u0119 nie psuje, nie luzuje i nie zu\u017cywa! Jego monolityczna konstrukcja sprawia, \u017ce \u200b\u200bostrze, os\u0142ona i grot stanowi\u0105 nieroz\u0142\u0105czn\u0105 ca\u0142o\u015b\u0107! Tylko obci\u0105\u017cniki uchwyt\u00f3w s\u0105 \u201eakcesoriami\u201d i mo\u017cna je szybko i \u0142atwo wymieni\u0107 w bardzo ma\u0142o prawdopodobnym przypadku p\u0119kni\u0119cia lub zu\u017cycia. Idealnie wywa\u017cone, z mocn\u0105, ale ostr\u0105 ko\u0144c\u00f3wk\u0105 i tali\u0105 jak osa, dzi\u0119ki czemu tnie przy ka\u017cdym wej\u015bciu i wyj\u015bciu. Wasp to przera\u017caj\u0105co skuteczny n\u00f3\u017c, kt\u00f3ry jest praktycznie odporny na bomby! W zestawie z niesamowitym etui Secure-Ex. Jest na tyle lekki, \u017ce mo\u017cna go nosi\u0107 przez ca\u0142y dzie\u0144, a przy rozs\u0105dnej konserwacji z pewno\u015bci\u0105 pos\u0142u\u017cy przez ca\u0142e \u017cycie.<\/p>\n<p>PARAMETRY PRODUKTU<br \/>\nMateria\u0142 r\u0119koje\u015bci: d\u0142ugi<br \/>\nD\u0142ugo\u015b\u0107 ostrza: 171 mm<br \/>\nD\u0142ugo\u015b\u0107 r\u0105czki: 140 mm<br \/>\nRozmiar ca\u0142kowity: 311 mm<br \/>\nWaga: 238 g<br \/>\nStal: 52100 wysokow\u0119glowa<br \/>\nGrubo\u015b\u0107 ostrza: 7 mm<br \/>\nSzary kolor<\/p>\n<p>Stworzenie no\u017ca obosiecznego wystarczaj\u0105co mocnego i wytrzyma\u0142ego, aby spe\u0142nia\u0142 nasze standardy, to prawdziwe wyzwanie, ale nasza nowa kuta matrycowo Wasp przekroczy\u0142a wszelkie nasze oczekiwania. Widzisz, \u017ce nie ma nic, co mog\u0142oby si\u0119 zepsu\u0107, poluzowa\u0107 lub zu\u017cy\u0107! Jego monolityczna konstrukcja sprawia, \u017ce \u200b\u200bostrze, jelec i trzpie\u0144 stanowi\u0105 nieroz\u0142\u0105czn\u0105 ca\u0142o\u015b\u0107! Tylko skale uchwyt\u00f3w stanowi\u0105 \u201edodatek\u201d i mo\u017cna je szybko i \u0142atwo wymieni\u0107 w bardzo ma\u0142o prawdopodobnym przypadku p\u0119kni\u0119cia lub zu\u017cycia. Idealnie wywa\u017cone, z mocnym, ale ostrym jak ig\u0142a czubkiem i tali\u0105 jak osa, dzi\u0119ki czemu przecina przychodz\u0105ce i wychodz\u0105ce. Wasp to przera\u017caj\u0105co skuteczny n\u00f3\u017c, kt\u00f3ry jest praktycznie odporny na bomby! Dostarczany ze wspania\u0142\u0105 pochw\u0105 Secure-Ex. Jest na tyle lekki, \u017ce mo\u017cna go nosi\u0107 przez ca\u0142y dzie\u0144 i z pewno\u015bci\u0105 pos\u0142u\u017cy przez ca\u0142e \u017cycie, je\u015bli b\u0119dzie odpowiednio piel\u0119gnowany.<\/p>\n<p>Waga: 8,4 uncji Grubo\u015b\u0107 ostrza: 7 mm D\u0142ugo\u015b\u0107 ostrza: 6-3\/4&#8243; Stal ostrza: Kuta matrycowo 52100 High Carbon D\u0142ugo\u015b\u0107 r\u0119koje\u015bci\/materia\u0142: 5-1\/2&#8243; D\u0142ugo\u015b\u0107 ca\u0142kowita: 12-1\/4&#8243; Dodatkowe funkcje: Bezpieczne- N\u00f3\u017c z os\u0142on\u0105 Ex\u00ae Typ: Sta\u0142e ostrze Zakres d\u0142ugo\u015bci: 5+ w stali Rodzina: Stal wysokow\u0119glowa Kszta\u0142t ostrza: Grot w\u0142\u00f3czni Rodzina produkt\u00f3w: Kuty matrycowo<\/p>\n","protected":false},"excerpt":{"rendered":"<p>D\u0142ugi ofensywny sztylet z obosiecznym ostrzem. Sztylety z d\u0142ugim ostrzem sta\u0142y si\u0119 najbardziej znane w II wieku. II wojny \u015bwiatowej, kiedy s\u0142u\u017cyli w brytyjskich komandosach.<\/p>\n","protected":false},"featured_media":335850,"comment_status":"open","ping_status":"closed","template":"","meta":[],"pwb-brand":[3596],"product_brand":[],"product_cat":[3297,3296],"product_tag":[],"class_list":{"0":"post-335849","1":"product","2":"type-product","3":"status-publish","4":"has-post-thumbnail","6":"pwb-brand-zimna-stal","7":"product_cat-solidne-noze","8":"product_cat-noze-pl","10":"first","11":"outofstock","12":"taxable","13":"shipping-taxable","14":"purchasable","15":"product-type-simple"},"brands":[{"id":3596,"name":"Zimna stal","slug":"zimna-stal"}],"_links":{"self":[{"href":"https:\/\/www.moskito.cz\/pl\/wp-json\/wp\/v2\/product\/335849","targetHints":{"allow":["GET"]}}],"collection":[{"href":"https:\/\/www.moskito.cz\/pl\/wp-json\/wp\/v2\/product"}],"about":[{"href":"https:\/\/www.moskito.cz\/pl\/wp-json\/wp\/v2\/types\/product"}],"replies":[{"embeddable":true,"href":"https:\/\/www.moskito.cz\/pl\/wp-json\/wp\/v2\/comments?post=335849"}],"wp:featuredmedia":[{"embeddable":true,"href":"https:\/\/www.moskito.cz\/pl\/wp-json\/wp\/v2\/media\/335850"}],"wp:attachment":[{"href":"https:\/\/www.moskito.cz\/pl\/wp-json\/wp\/v2\/media?parent=335849"}],"wp:term":[{"taxonomy":"pwb-brand","embeddable":true,"href":"https:\/\/www.moskito.cz\/pl\/wp-json\/wp\/v2\/pwb-brand?post=335849"},{"taxonomy":"product_brand","embeddable":true,"href":"https:\/\/www.moskito.cz\/pl\/wp-json\/wp\/v2\/product_brand?post=335849"},{"taxonomy":"product_cat","embeddable":true,"href":"https:\/\/www.moskito.cz\/pl\/wp-json\/wp\/v2\/product_cat?post=335849"},{"taxonomy":"product_tag","embeddable":true,"href":"https:\/\/www.moskito.cz\/pl\/wp-json\/wp\/v2\/product_tag?post=335849"}],"curies":[{"name":"wp","href":"https:\/\/api.w.org\/{rel}","templated":true}]}}