{"id":335858,"date":"2022-11-04T20:09:14","date_gmt":"2024-04-19T12:22:53","guid":{"rendered":"https:\/\/www.moskito.cz\/produkt\/naprawiono-noz-cold-steel-magnum-warcraft-tanto-4034\/"},"modified":"2025-05-07T11:13:00","modified_gmt":"2025-05-07T10:13:00","slug":"naprawiono-noz-cold-steel-magnum-warcraft-tanto-4034","status":"publish","type":"product","link":"https:\/\/www.moskito.cz\/pl\/produkt\/naprawiono-noz-cold-steel-magnum-warcraft-tanto-4034\/","title":{"rendered":"Naprawiono n\u00f3\u017c Cold Steel MAGNUM WARCRAFT TANTO (4034)"},"content":{"rendered":"<p>N\u00f3\u017c sta\u0142y <strong>Cold Steel<\/strong> MAGNUM WARCRAFT TANTO (4034)<\/p>\n<p>Linia produkt\u00f3w Warcraft Tanto pomy\u015blana jest jako nowoczesna wersja no\u017ca wojskowego dla si\u0142 zbrojnych. Ostrze o grubo\u015bci 5 mm i solidna konstrukcja full tang przebiegaj\u0105ca przez ca\u0142\u0105 ukszta\u0142towan\u0105 r\u0119koje\u015b\u0107 nadaj\u0105 no\u017cowi wyj\u0105tkowe w\u0142a\u015bciwo\u015bci. N\u00f3\u017c doskonale le\u017cy w d\u0142oni, a jego wi\u0119ksza waga podkre\u015bla technik\u0119 wykonywania ci\u0119\u0107. Ka\u017cdy z naszych no\u017cy Warcraft Tanto jest wykonany z japo\u0144skiej stali nierdzewnej 4034. Ta stal nierdzewna ma w\u0142a\u015bciwo\u015bci por\u00f3wnywalne z AUS8A lub 440C. Materia\u0142 r\u0119koje\u015bci GNF to nylon laminowany w\u0142\u00f3knem szklanym. N\u00f3\u017c dost\u0119pny jest w trzech rozmiarach. Warcraft Tanto jest wyposa\u017cony w tward\u0105 obudow\u0119 wykonan\u0105 z materia\u0142u Secure-Ex\u00ae Sheath.<\/p>\n<p>PARAMETRY PRODUKTU<br \/>\nWaga: 510 g<br \/>\nD\u0142ugo\u015b\u0107 ostrza: 305 mm<br \/>\nMateria\u0142 os\u0142ony: os\u0142ona Secure-Ex\u00ae<br \/>\nStal: stal 4034SS<br \/>\nKolor: srebrny<br \/>\nGrubo\u015b\u0107 ostrza: 5 mm<br \/>\nD\u0142ugo\u015b\u0107 r\u0105czki: 127 mm<br \/>\nRozmiar ca\u0142kowity: 431,8 mm<br \/>\nMateria\u0142 r\u0119koje\u015bci: GFN<\/p>\n","protected":false},"excerpt":{"rendered":"<p>N\u00f3\u017c Magnum Warcraft Tanto ze sta\u0142ym ostrzem, dzi\u0119ki swojej d\u0142ugo\u015bci i kszta\u0142towi ostrza oraz ukszta\u0142towanej r\u0119koje\u015bci, jest predestynowany do technik tn\u0105cych.<\/p>\n","protected":false},"featured_media":335859,"comment_status":"open","ping_status":"closed","template":"","meta":[],"pwb-brand":[3596],"product_brand":[],"product_cat":[3296,3297],"product_tag":[],"class_list":{"0":"post-335858","1":"product","2":"type-product","3":"status-publish","4":"has-post-thumbnail","6":"pwb-brand-zimna-stal","7":"product_cat-noze-pl","8":"product_cat-solidne-noze","10":"first","11":"instock","12":"taxable","13":"shipping-taxable","14":"purchasable","15":"product-type-simple"},"brands":[{"id":3596,"name":"Zimna stal","slug":"zimna-stal"}],"_links":{"self":[{"href":"https:\/\/www.moskito.cz\/pl\/wp-json\/wp\/v2\/product\/335858","targetHints":{"allow":["GET"]}}],"collection":[{"href":"https:\/\/www.moskito.cz\/pl\/wp-json\/wp\/v2\/product"}],"about":[{"href":"https:\/\/www.moskito.cz\/pl\/wp-json\/wp\/v2\/types\/product"}],"replies":[{"embeddable":true,"href":"https:\/\/www.moskito.cz\/pl\/wp-json\/wp\/v2\/comments?post=335858"}],"wp:featuredmedia":[{"embeddable":true,"href":"https:\/\/www.moskito.cz\/pl\/wp-json\/wp\/v2\/media\/335859"}],"wp:attachment":[{"href":"https:\/\/www.moskito.cz\/pl\/wp-json\/wp\/v2\/media?parent=335858"}],"wp:term":[{"taxonomy":"pwb-brand","embeddable":true,"href":"https:\/\/www.moskito.cz\/pl\/wp-json\/wp\/v2\/pwb-brand?post=335858"},{"taxonomy":"product_brand","embeddable":true,"href":"https:\/\/www.moskito.cz\/pl\/wp-json\/wp\/v2\/product_brand?post=335858"},{"taxonomy":"product_cat","embeddable":true,"href":"https:\/\/www.moskito.cz\/pl\/wp-json\/wp\/v2\/product_cat?post=335858"},{"taxonomy":"product_tag","embeddable":true,"href":"https:\/\/www.moskito.cz\/pl\/wp-json\/wp\/v2\/product_tag?post=335858"}],"curies":[{"name":"wp","href":"https:\/\/api.w.org\/{rel}","templated":true}]}}