{"id":335900,"date":"2023-10-05T15:04:26","date_gmt":"2023-10-05T14:04:26","guid":{"rendered":"https:\/\/www.moskito.cz\/produkt\/solidny-noz-cold-steel-wild-west-bowie-81b\/"},"modified":"2025-05-07T11:13:02","modified_gmt":"2025-05-07T10:13:02","slug":"solidny-noz-cold-steel-wild-west-bowie-81b","status":"publish","type":"product","link":"https:\/\/www.moskito.cz\/pl\/produkt\/solidny-noz-cold-steel-wild-west-bowie-81b\/","title":{"rendered":"Solidny n\u00f3\u017c COLD STEEL WILD WEST BOWIE 81B"},"content":{"rendered":"<p>N\u00f3\u017c solidny <strong>COLD STEEL<\/strong> WILD WEST BOWIE 81B<\/p>\n<p>Stylizowany na kultowe wielkie ostrza z zachodnich program\u00f3w telewizyjnych i film\u00f3w, nasz Wild West Bowie to uderzaj\u0105cy ameryka\u0144ski klasyk. Ostrze wykonano ze stali w\u0119glowej 1090. Jest to d\u0142ugie, szerokie ostrze z wysuni\u0119tym do przodu ostrzem, szlifowane szabl\u0105 i wzmocnione fa\u0142szyw\u0105 kraw\u0119dzi\u0105, co zapewnia maksymaln\u0105 si\u0142\u0119 ci\u0119cia, ci\u0119cia i przek\u0142uwania. R\u0119koje\u015b\u0107 ma klasyczny profil z \u0142uskami z palisandru przymocowanymi do pe\u0142nej ko\u0144c\u00f3wki za pomoc\u0105 mosi\u0119\u017cnych \u015brub i posiada charakterystyczn\u0105 mosi\u0119\u017cn\u0105 os\u0142on\u0119 d\u0142oni w kszta\u0142cie litery S, kt\u00f3ra chroni palce i zwi\u0119ksza jej potencja\u0142 obronny. Wild West Bowie ma tradycyjn\u0105 czarn\u0105 sk\u00f3rzan\u0105 kabur\u0119 z mosi\u0119\u017cn\u0105 obrotow\u0105 szlufk\u0105 i sk\u00f3rzanym paskiem.<\/p>\n<p>Materia\u0142 ostrza: 1090<br \/>\nMateria\u0142 obudowy: Sk\u00f3ra<br \/>\nD\u0142ugo\u015b\u0107 ostrza: 27,3 cm<br \/>\nD\u0142ugo\u015b\u0107 ca\u0142kowita: 41 cm<br \/>\nD\u0142ugo\u015b\u0107 r\u0105czki: 13,3 cm<br \/>\nGrubo\u015b\u0107 ostrza: 0,47 cm<br \/>\nWaga: 655 g<br \/>\nTyp ostrza: Clip Point<\/p>\n<p>&nbsp;<\/p>\n","protected":false},"excerpt":{"rendered":"<p><strong>Wild West Bowie to replika no\u017ca typu bowie z Dzikiego Zachodu.<\/strong><\/p>\n","protected":false},"featured_media":335901,"comment_status":"open","ping_status":"closed","template":"","meta":[],"pwb-brand":[3596],"product_brand":[],"product_cat":[3297,3296],"product_tag":[],"class_list":{"0":"post-335900","1":"product","2":"type-product","3":"status-publish","4":"has-post-thumbnail","6":"pwb-brand-zimna-stal","7":"product_cat-solidne-noze","8":"product_cat-noze-pl","10":"first","11":"outofstock","12":"taxable","13":"shipping-taxable","14":"purchasable","15":"product-type-simple"},"brands":[{"id":3596,"name":"Zimna stal","slug":"zimna-stal"}],"_links":{"self":[{"href":"https:\/\/www.moskito.cz\/pl\/wp-json\/wp\/v2\/product\/335900","targetHints":{"allow":["GET"]}}],"collection":[{"href":"https:\/\/www.moskito.cz\/pl\/wp-json\/wp\/v2\/product"}],"about":[{"href":"https:\/\/www.moskito.cz\/pl\/wp-json\/wp\/v2\/types\/product"}],"replies":[{"embeddable":true,"href":"https:\/\/www.moskito.cz\/pl\/wp-json\/wp\/v2\/comments?post=335900"}],"wp:featuredmedia":[{"embeddable":true,"href":"https:\/\/www.moskito.cz\/pl\/wp-json\/wp\/v2\/media\/335901"}],"wp:attachment":[{"href":"https:\/\/www.moskito.cz\/pl\/wp-json\/wp\/v2\/media?parent=335900"}],"wp:term":[{"taxonomy":"pwb-brand","embeddable":true,"href":"https:\/\/www.moskito.cz\/pl\/wp-json\/wp\/v2\/pwb-brand?post=335900"},{"taxonomy":"product_brand","embeddable":true,"href":"https:\/\/www.moskito.cz\/pl\/wp-json\/wp\/v2\/product_brand?post=335900"},{"taxonomy":"product_cat","embeddable":true,"href":"https:\/\/www.moskito.cz\/pl\/wp-json\/wp\/v2\/product_cat?post=335900"},{"taxonomy":"product_tag","embeddable":true,"href":"https:\/\/www.moskito.cz\/pl\/wp-json\/wp\/v2\/product_tag?post=335900"}],"curies":[{"name":"wp","href":"https:\/\/api.w.org\/{rel}","templated":true}]}}