{"id":335909,"date":"2021-07-21T12:14:23","date_gmt":"2021-07-21T11:14:23","guid":{"rendered":"https:\/\/www.moskito.cz\/produkt\/solidny-noz-cold-steel-master-tanto-san-mai\/"},"modified":"2024-04-19T13:38:12","modified_gmt":"2024-04-19T12:38:12","slug":"solidny-noz-cold-steel-master-tanto-san-mai","status":"publish","type":"product","link":"https:\/\/www.moskito.cz\/pl\/produkt\/solidny-noz-cold-steel-master-tanto-san-mai\/","title":{"rendered":"Solidny n\u00f3\u017c Cold Steel Master Tanto San Mai"},"content":{"rendered":"<p>Solidny n\u00f3\u017c <strong>Cold Steel<\/strong> Master Tanto San Mai.<\/p>\n<p>Nie ma dzi\u015b nikogo w bran\u017cy no\u017cy, kto wie o Tanto wi\u0119cej ni\u017c Cold Steel. W ko\u0144cu firma Cold Steel wynalaz\u0142a i spopularyzowa\u0142a ten styl no\u017cy na pocz\u0105tku lat 80-tych. lot. Wydali\u015bmy miliony dolar\u00f3w, przekonuj\u0105c opini\u0119 publiczn\u0105 o Tantech poprzez liczne reklamy, demonstracje na \u017cywo i nagrania wideo. Produkujemy Tanto od ponad 30 lat i nadal nie ma fabryki ani producenta no\u017cy na zam\u00f3wienie, kt\u00f3ry wyprodukowa\u0142by Tanto o mocy ci\u0119cia, siekania i przek\u0142uwania zbli\u017conej do tej, jak\u0105 wytwarza Cold Steel. Wszystkie nasze Tanto maj\u0105 satynowe wyko\u0144czenie o g\u0142\u0119bokim po\u0142ysku na wydr\u0105\u017conych skosach ostrza i kontrastowe wyko\u0144czenie linii na p\u0142askich powierzchniach ostrza. Technika ta podkre\u015bla nasze najnowocze\u015bniejsze metody szlifowania i podkre\u015bla niepowtarzalny wygl\u0105d Cold Steel Tanto. Dodatkowo Tantos jest wyposa\u017cony w nasz s\u0142ynny sp\u0142aszczony owalny uchwyt z Kratonu. Owalny kszta\u0142t zapewnia pewny chwyt i jest odporny na przechylenie lub skr\u0119cenie w d\u0142oni podczas intensywnego u\u017cytkowania, co z czasem mog\u0142oby zniszczy\u0107 mniejszy n\u00f3\u017c. Zastosowanie Kratonu w r\u0119koje\u015bci no\u017ca to kolejna innowacja Cold Steel. Kraton to niezr\u00f3wnany materia\u0142 z epoki kosmicznej, kt\u00f3ry nie p\u0119ka i nie gnije oraz jest odporny na dzia\u0142anie z\u0142ej pogody. Zw\u0119\u017cana, stalowa g\u0142\u00f3wka to kolejna wa\u017cna cecha Tanto, kt\u00f3rej nie nale\u017cy ignorowa\u0107. Lynn Thompson zaprojektowa\u0142a go tak, aby skoncentrowa\u0142 ca\u0142\u0105 si\u0142\u0119 mia\u017cd\u017c\u0105cego ciosu na ma\u0142ym obszarze, dzi\u0119ki czemu nawet umiarkowany cios mo\u017ce by\u0107 niezwykle skuteczny w rozbrojeniu lub w inny spos\u00f3b obezw\u0142adnieniu atakuj\u0105cego. Wszystkie no\u017ce z serii San Mai Tanto s\u0105 wyposa\u017cone w grub\u0105, wysokiej jako\u015bci pochw\u0119 Secure-Ex, kt\u00f3ra z pewno\u015bci\u0105 pos\u0142u\u017cy Ci przez wiele lat i sprawi, \u017ce Tanto b\u0119dzie zawsze przy Tobie, gotowe do akcji.<\/p>\n<p>Ostrze typu Tanto wykonane ze stali VG-10 San Mai III.<\/p>\n<p>R\u0119koje\u015b\u0107: Kraton.<\/p>\n<p>Kabura: Kydex.<\/p>\n<p>D\u0142ugo\u015b\u0107 ostrza: 15,2 cm.<\/p>\n<p>D\u0142ugo\u015b\u0107 ca\u0142kowita: 29,2 cm.<\/p>\n<p><strong>Cold Steel<\/strong> to firma zajmuj\u0105ca si\u0119 produkcj\u0105 najmocniejszych i najostrzejszych no\u017cy na \u015bwiecie. W ci\u0105gu ostatnich trzydziestu lat firma Cold Steel sta\u0142a na czele wielu innowacji, kt\u00f3re pomog\u0142y zdefiniowa\u0107 bran\u017c\u0119 no\u017cy. Kolejne sukcesy, w tym wprowadzenie r\u0119koje\u015bci w kratk\u0119 Kraton\u00ae i ostrzy typu tanto, przekszta\u0142ci\u0142y si\u0119 z ciekawostek w przemys\u0142owe znaki rozpoznawcze jako\u015bci i wyrafinowania. Nowy kierunek zosta\u0142 r\u00f3wnie\u017c prze\u0142amany wraz z wprowadzeniem nowych, unikalnych ostrzy stalowych, takich jak San Mai III\u00ae oraz Tri-Ad\u2122 Lock &amp; Lock &amp; Lock do no\u017cy sk\u0142adanych. Na przyk\u0142ad zamek Tri-Ad \u2122 Lock nigdy nie by\u0142 por\u00f3wnywany przez \u017cadnego z konkurent\u00f3w Cold Steel i nie udowodniono, \u017ce przewy\u017csza wszystko, co do tej pory wyprodukowali. Oczywi\u015bcie Cold Steel zawsze b\u0119dzie patrze\u0107 w przysz\u0142o\u015b\u0107 i nieustannie d\u0105\u017cy\u0107 do produkcji najmocniejszych i najostrzejszych no\u017cy na \u015bwiecie. Cel ten, r\u00f3wnie nieuchwytny i trudny do osi\u0105gni\u0119cia, jest ten sam od czterdziestu lat. Firma Cold Steel Inc. to firma skupiaj\u0105ca si\u0119 na produkcji najmocniejszych i najostrzejszych no\u017cy, mieczy, tomahawk\u00f3w, maczet, sztu\u0107c\u00f3w oraz narz\u0119dzi codziennego u\u017cytku: EDC. Szybko przyj\u0119ty przez wojsko, si\u0142y specjalne organ\u00f3w \u015bcigania, osoby udzielaj\u0105ce pomocy w sytuacjach kryzysowych, specjalist\u00f3w samoobrony i cz\u0142onk\u00f3w spo\u0142eczno\u015bci sztuk walki, Cold Steel szybko zyska\u0142 s\u0142aw\u0119 dzi\u0119ki jako\u015bci, wytrzyma\u0142o\u015bci, niezawodno\u015bci i niezawodno\u015bci w codziennym noszeniu (EDC). . Nasza r\u00f3\u017cnorodna i zr\u00f3\u017cnicowana oferta szybko powi\u0119kszy\u0142a si\u0119 i obejmowa\u0142a nie tylko ogromny wyb\u00f3r no\u017cy sk\u0142adanych (od mniejszych ostrzy \u201eEDC\u201d po nasze kultowe, gigantyczne \u201emegafoldery\u201d), ale tak\u017ce sta\u0142e ostrza, miecze, szable, laski i halabardy, jak r\u00f3wnie\u017c a tak\u017ce artyku\u0142y my\u015bliwskie, w\u0142\u00f3cznie, karabiny, topory, maczety, tomahawki i narz\u0119dzia! Przez dziesi\u0119ciolecia firma Cold Steel wprowadza\u0142a nowe, pionierskie materia\u0142y i projekty, kt\u00f3re pomog\u0142y ukszta\u0142towa\u0107 \u015bwiat nowoczesnych no\u017cy, ostrej broni i narz\u0119dzi. Od wprowadzenia r\u0119koje\u015bci w kratk\u0119 Kraton\u00ae i \u201ezamerykanizowanego\u201d ostrza Tanto, po wprowadzenie nowych, innowacyjnych stali ostrzy, takich jak San Mai III\u00ae i prze\u0142omowych mechanizm\u00f3w blokuj\u0105cych (takich jak nasz zamek Tri-Ad \u2122). Patrz\u0105c w przysz\u0142o\u015b\u0107, Cold Steel w dalszym ci\u0105gu wprowadza na rynek nowy poziom wytrzyma\u0142o\u015bci, bezpiecze\u0144stwa i wydajno\u015bci, dostarczaj\u0105c sprawdzone produkty, na kt\u00f3rych mo\u017cna polega\u0107 \u2013 zawsze i wsz\u0119dzie!<\/p>\n","protected":false},"excerpt":{"rendered":"<p>Master Tanto in San Mai\u00ae firmy COLD STEEL to wyj\u0105tkowy n\u00f3\u017c ze sta\u0142ym ostrzem. Jego ostrze i ko\u0144c\u00f3wka, a tak\u017ce kszta\u0142t r\u0119koje\u015bci zosta\u0142y opracowane bezpo\u015brednio w celu koncentracji si\u0142y kruszenia w ci\u0119ciu.<\/p>\n","protected":false},"featured_media":335910,"comment_status":"open","ping_status":"closed","template":"","meta":[],"pwb-brand":[3596],"product_brand":[],"product_cat":[3297,3296],"product_tag":[],"class_list":{"0":"post-335909","1":"product","2":"type-product","3":"status-publish","4":"has-post-thumbnail","6":"pwb-brand-zimna-stal","7":"product_cat-solidne-noze","8":"product_cat-noze-pl","10":"first","11":"instock","12":"taxable","13":"shipping-taxable","14":"purchasable","15":"product-type-simple"},"brands":[{"id":3596,"name":"Zimna stal","slug":"zimna-stal"}],"_links":{"self":[{"href":"https:\/\/www.moskito.cz\/pl\/wp-json\/wp\/v2\/product\/335909","targetHints":{"allow":["GET"]}}],"collection":[{"href":"https:\/\/www.moskito.cz\/pl\/wp-json\/wp\/v2\/product"}],"about":[{"href":"https:\/\/www.moskito.cz\/pl\/wp-json\/wp\/v2\/types\/product"}],"replies":[{"embeddable":true,"href":"https:\/\/www.moskito.cz\/pl\/wp-json\/wp\/v2\/comments?post=335909"}],"wp:featuredmedia":[{"embeddable":true,"href":"https:\/\/www.moskito.cz\/pl\/wp-json\/wp\/v2\/media\/335910"}],"wp:attachment":[{"href":"https:\/\/www.moskito.cz\/pl\/wp-json\/wp\/v2\/media?parent=335909"}],"wp:term":[{"taxonomy":"pwb-brand","embeddable":true,"href":"https:\/\/www.moskito.cz\/pl\/wp-json\/wp\/v2\/pwb-brand?post=335909"},{"taxonomy":"product_brand","embeddable":true,"href":"https:\/\/www.moskito.cz\/pl\/wp-json\/wp\/v2\/product_brand?post=335909"},{"taxonomy":"product_cat","embeddable":true,"href":"https:\/\/www.moskito.cz\/pl\/wp-json\/wp\/v2\/product_cat?post=335909"},{"taxonomy":"product_tag","embeddable":true,"href":"https:\/\/www.moskito.cz\/pl\/wp-json\/wp\/v2\/product_tag?post=335909"}],"curies":[{"name":"wp","href":"https:\/\/api.w.org\/{rel}","templated":true}]}}