{"id":335932,"date":"2022-11-08T22:52:32","date_gmt":"2024-04-19T12:41:51","guid":{"rendered":"https:\/\/www.moskito.cz\/produkt\/tomahawk-cold-steel-trench-hawk-czarny\/"},"modified":"2025-05-07T11:13:03","modified_gmt":"2025-05-07T10:13:03","slug":"tomahawk-cold-steel-trench-hawk-czarny","status":"publish","type":"product","link":"https:\/\/www.moskito.cz\/pl\/produkt\/tomahawk-cold-steel-trench-hawk-czarny\/","title":{"rendered":"Tomahawk Cold Steel TRENCH HAWK CZARNY"},"content":{"rendered":"<p>Tomahawk Cold Steel TRENCH HAWK CZARNY.<\/p>\n<p>Cold Steel Trench Hawk ma ostr\u0105 kraw\u0119d\u017a i klin, kt\u00f3ry oferuje wiele opcji taktycznych wsp\u00f3\u0142czesnym wojownikom naszych narod\u00f3w. Kuta ze stali w\u0119glowej 5150 i utwardzana metod\u0105 r\u00f3\u017cnicow\u0105, g\u0142owica Trench Hawk jest w stanie wytrzyma\u0107 ogromne uderzenia, a tak\u017ce straszliwy stres zwi\u0105zany z d\u0142ugotrwa\u0142ym, ci\u0119\u017ckim u\u017cytkowaniem. R\u0119koje\u015b\u0107 naszego Trench Hawk jest bardzo odporna na uderzenia i wytrzyma nieostro\u017cne obchodzenie si\u0119 a\u017c do z\u0142amania. solidna r\u0119koje\u015b\u0107 z drewna hikorowego. Dodatkow\u0105 zalet\u0105 jest to, \u017ce mo\u017cna go \u0142atwo i tanio wymieni\u0107, gdy zu\u017cyje si\u0119 w wyniku wielokrotnego rzucania.* Trench Hawk jest wyposa\u017cony w opatentowan\u0105 tulej\u0119 przegubow\u0105 Secure-Ex.<\/p>\n<p>PARAMETRY PRODUKTU<br \/>\nCzarny kolor<br \/>\nWaga: 822,13 g<br \/>\nRozmiar ca\u0142kowity: 482 mm<br \/>\nStal: kuty matrycowo w\u0119glowy 1055<br \/>\nMateria\u0142 r\u0119koje\u015bci: polipropylen<\/p>\n","protected":false},"excerpt":{"rendered":"<p>COLD STEEL Trench Hawk to tomahawk wykonany z nowoczesnych i bardzo wytrzyma\u0142ych materia\u0142\u00f3w. Ze wzgl\u0119du na swoj\u0105 konstrukcj\u0119 uznawany jest za top\u00f3r bojowy i do rzucania.<\/p>\n","protected":false},"featured_media":335933,"comment_status":"open","ping_status":"closed","template":"","meta":[],"pwb-brand":[3596],"product_brand":[],"product_cat":[3284],"product_tag":[],"class_list":{"0":"post-335932","1":"product","2":"type-product","3":"status-publish","4":"has-post-thumbnail","6":"pwb-brand-zimna-stal","7":"product_cat-osie","9":"first","10":"outofstock","11":"taxable","12":"shipping-taxable","13":"purchasable","14":"product-type-simple"},"brands":[{"id":3596,"name":"Zimna stal","slug":"zimna-stal"}],"_links":{"self":[{"href":"https:\/\/www.moskito.cz\/pl\/wp-json\/wp\/v2\/product\/335932","targetHints":{"allow":["GET"]}}],"collection":[{"href":"https:\/\/www.moskito.cz\/pl\/wp-json\/wp\/v2\/product"}],"about":[{"href":"https:\/\/www.moskito.cz\/pl\/wp-json\/wp\/v2\/types\/product"}],"replies":[{"embeddable":true,"href":"https:\/\/www.moskito.cz\/pl\/wp-json\/wp\/v2\/comments?post=335932"}],"wp:featuredmedia":[{"embeddable":true,"href":"https:\/\/www.moskito.cz\/pl\/wp-json\/wp\/v2\/media\/335933"}],"wp:attachment":[{"href":"https:\/\/www.moskito.cz\/pl\/wp-json\/wp\/v2\/media?parent=335932"}],"wp:term":[{"taxonomy":"pwb-brand","embeddable":true,"href":"https:\/\/www.moskito.cz\/pl\/wp-json\/wp\/v2\/pwb-brand?post=335932"},{"taxonomy":"product_brand","embeddable":true,"href":"https:\/\/www.moskito.cz\/pl\/wp-json\/wp\/v2\/product_brand?post=335932"},{"taxonomy":"product_cat","embeddable":true,"href":"https:\/\/www.moskito.cz\/pl\/wp-json\/wp\/v2\/product_cat?post=335932"},{"taxonomy":"product_tag","embeddable":true,"href":"https:\/\/www.moskito.cz\/pl\/wp-json\/wp\/v2\/product_tag?post=335932"}],"curies":[{"name":"wp","href":"https:\/\/api.w.org\/{rel}","templated":true}]}}