{"id":335950,"date":"2022-11-08T22:13:14","date_gmt":"2024-04-19T12:45:00","guid":{"rendered":"https:\/\/www.moskito.cz\/produkt\/tomahawk-cold-steel-war-hawk\/"},"modified":"2025-05-07T11:13:04","modified_gmt":"2025-05-07T10:13:04","slug":"tomahawk-cold-steel-war-hawk","status":"publish","type":"product","link":"https:\/\/www.moskito.cz\/pl\/produkt\/tomahawk-cold-steel-war-hawk\/","title":{"rendered":"Tomahawk Cold Steel WAR HAWK"},"content":{"rendered":"<p>Tomahawk <strong>Cold Steel<\/strong> WAR HAWK.<\/p>\n<p>Nasz War Hawk \u0142\u0105czy styl taktyczny i materia\u0142y u\u017cyte w naszym popularnym Trench Hawk z inspirowanymi histori\u0105 elementami konstrukcyjnymi starych topor\u00f3w bojowych. Z szerokim, brodatym grotem topora i zakrzywionym, wzmocnionym odwrotnym kolcem w stylu Tanto, jest to ca\u0142kowicie nowoczesny tomahawk taktyczny i wy\u0142om. narz\u0119dzie! Ka\u017cdy War Hawk jest wyposa\u017cony w opatentowan\u0105 przegubow\u0105 kabur\u0119 Secure-Ex.<br \/>\nPARAMETRY PRODUKTU<br \/>\nCzarny kolor<br \/>\nStal: kuty matrycowo w\u0119glowy 1055<br \/>\nRozmiar g\u0142owy: 76<br \/>\nRozmiar ca\u0142kowity: 482 mm<br \/>\nWaga: 836,31 g<br \/>\nMateria\u0142 r\u0119koje\u015bci: polipropylen<\/p>\n","protected":false},"excerpt":{"rendered":"<p>Tomahawk Cold Steel WAR HAWK. Nasz War Hawk \u0142\u0105czy styl taktyczny i materia\u0142y u\u017cyte w naszym popularnym Trench Hawk z inspirowanymi histori\u0105 elementami konstrukcyjnymi starych topor\u00f3w bojowych. Z szerokim, brodatym grotem topora i zakrzywionym, wzmocnionym odwrotnym kolcem w stylu Tanto, jest to ca\u0142kowicie nowoczesny tomahawk taktyczny i wy\u0142om. narz\u0119dzie! Ka\u017cdy War Hawk jest wyposa\u017cony w [&hellip;]<\/p>\n","protected":false},"featured_media":335951,"comment_status":"open","ping_status":"closed","template":"","meta":[],"pwb-brand":[3596],"product_brand":[],"product_cat":[3284],"product_tag":[],"class_list":{"0":"post-335950","1":"product","2":"type-product","3":"status-publish","4":"has-post-thumbnail","6":"pwb-brand-zimna-stal","7":"product_cat-osie","9":"first","10":"instock","11":"sale","12":"taxable","13":"shipping-taxable","14":"purchasable","15":"product-type-simple"},"brands":[{"id":3596,"name":"Zimna stal","slug":"zimna-stal"}],"_links":{"self":[{"href":"https:\/\/www.moskito.cz\/pl\/wp-json\/wp\/v2\/product\/335950","targetHints":{"allow":["GET"]}}],"collection":[{"href":"https:\/\/www.moskito.cz\/pl\/wp-json\/wp\/v2\/product"}],"about":[{"href":"https:\/\/www.moskito.cz\/pl\/wp-json\/wp\/v2\/types\/product"}],"replies":[{"embeddable":true,"href":"https:\/\/www.moskito.cz\/pl\/wp-json\/wp\/v2\/comments?post=335950"}],"wp:featuredmedia":[{"embeddable":true,"href":"https:\/\/www.moskito.cz\/pl\/wp-json\/wp\/v2\/media\/335951"}],"wp:attachment":[{"href":"https:\/\/www.moskito.cz\/pl\/wp-json\/wp\/v2\/media?parent=335950"}],"wp:term":[{"taxonomy":"pwb-brand","embeddable":true,"href":"https:\/\/www.moskito.cz\/pl\/wp-json\/wp\/v2\/pwb-brand?post=335950"},{"taxonomy":"product_brand","embeddable":true,"href":"https:\/\/www.moskito.cz\/pl\/wp-json\/wp\/v2\/product_brand?post=335950"},{"taxonomy":"product_cat","embeddable":true,"href":"https:\/\/www.moskito.cz\/pl\/wp-json\/wp\/v2\/product_cat?post=335950"},{"taxonomy":"product_tag","embeddable":true,"href":"https:\/\/www.moskito.cz\/pl\/wp-json\/wp\/v2\/product_tag?post=335950"}],"curies":[{"name":"wp","href":"https:\/\/api.w.org\/{rel}","templated":true}]}}