{"id":335958,"date":"2023-04-05T15:11:21","date_gmt":"2024-04-19T12:45:19","guid":{"rendered":"https:\/\/www.moskito.cz\/produkt\/topor-cold-steel-trench-hawk-firmy-green\/"},"modified":"2025-05-07T11:13:05","modified_gmt":"2025-05-07T10:13:05","slug":"topor-cold-steel-trench-hawk-firmy-green","status":"publish","type":"product","link":"https:\/\/www.moskito.cz\/pl\/produkt\/topor-cold-steel-trench-hawk-firmy-green\/","title":{"rendered":"Top\u00f3r Cold Steel TRENCH HAWK firmy GREEN"},"content":{"rendered":"<p>Top\u00f3r <strong>Cold Steel<\/strong> TRENCH HAWK firmy GREEN<\/p>\n<p><strong>Jastrz\u0105b okopowy firmy Cold Steel<\/strong>  ma ostr\u0105 kraw\u0119d\u017a i klin, kt\u00f3ry oferuje wiele taktycznych \u201eopcji\u201d wsp\u00f3\u0142czesnym wojownikom naszego narodu. Odkuwana ci\u015bnieniowo ze stali w\u0119glowej 1055 i utwardzana metod\u0105 r\u00f3\u017cnicow\u0105, g\u0142owica Trench Hawk wytrzymuje ogromne uderzenia i straszliwy stres zwi\u0105zany z d\u0142ugotrwa\u0142ym, ci\u0119\u017ckim u\u017cytkowaniem. R\u0119koje\u015b\u0107 naszego Trench Hawk jest bardzo odporna na uderzenia i wytrzyma nadu\u017cycia, kt\u00f3re z\u0142ama\u0142yby nawet solidn\u0105 r\u0119koje\u015b\u0107 hikorow\u0105. A jako dodatkowy bonus, mo\u017cna go \u0142atwo i tanio wymieni\u0107, gdy w ko\u0144cu zu\u017cyje si\u0119 w wyniku wielokrotnego rzucania.* Trench Hawk jest wyposa\u017cony w opatentowany przegubowy r\u0119kaw Secure-Ex\u2122.<\/p>\n<p>Opis:<\/p>\n<p>Materia\u0142 obudowy: Secure-Ex<br \/>\nMateria\u0142 r\u0119koje\u015bci: polipropylen<br \/>\nMateria\u0142 ostrza: 1055<br \/>\nTyp topora: Tomahawk<br \/>\nWaga: 822 g<br \/>\nD\u0142ugo\u015b\u0107 ca\u0142kowita: 48,3 cm<br \/>\nD\u0142ugo\u015b\u0107 g\u0142\u00f3wki siekiery: 9 cm<\/p>\n<p>&nbsp;<\/p>\n","protected":false},"excerpt":{"rendered":"<p><strong>COLD STEEL Trench Hawk to tomahawk wykonany z nowoczesnych i bardzo wytrzyma\u0142ych materia\u0142\u00f3w.<\/strong><\/p>\n","protected":false},"featured_media":335959,"comment_status":"open","ping_status":"closed","template":"","meta":[],"pwb-brand":[3596],"product_brand":[],"product_cat":[3284],"product_tag":[],"class_list":{"0":"post-335958","1":"product","2":"type-product","3":"status-publish","4":"has-post-thumbnail","6":"pwb-brand-zimna-stal","7":"product_cat-osie","9":"first","10":"outofstock","11":"taxable","12":"shipping-taxable","13":"purchasable","14":"product-type-simple"},"brands":[{"id":3596,"name":"Zimna stal","slug":"zimna-stal"}],"_links":{"self":[{"href":"https:\/\/www.moskito.cz\/pl\/wp-json\/wp\/v2\/product\/335958","targetHints":{"allow":["GET"]}}],"collection":[{"href":"https:\/\/www.moskito.cz\/pl\/wp-json\/wp\/v2\/product"}],"about":[{"href":"https:\/\/www.moskito.cz\/pl\/wp-json\/wp\/v2\/types\/product"}],"replies":[{"embeddable":true,"href":"https:\/\/www.moskito.cz\/pl\/wp-json\/wp\/v2\/comments?post=335958"}],"wp:featuredmedia":[{"embeddable":true,"href":"https:\/\/www.moskito.cz\/pl\/wp-json\/wp\/v2\/media\/335959"}],"wp:attachment":[{"href":"https:\/\/www.moskito.cz\/pl\/wp-json\/wp\/v2\/media?parent=335958"}],"wp:term":[{"taxonomy":"pwb-brand","embeddable":true,"href":"https:\/\/www.moskito.cz\/pl\/wp-json\/wp\/v2\/pwb-brand?post=335958"},{"taxonomy":"product_brand","embeddable":true,"href":"https:\/\/www.moskito.cz\/pl\/wp-json\/wp\/v2\/product_brand?post=335958"},{"taxonomy":"product_cat","embeddable":true,"href":"https:\/\/www.moskito.cz\/pl\/wp-json\/wp\/v2\/product_cat?post=335958"},{"taxonomy":"product_tag","embeddable":true,"href":"https:\/\/www.moskito.cz\/pl\/wp-json\/wp\/v2\/product_tag?post=335958"}],"curies":[{"name":"wp","href":"https:\/\/api.w.org\/{rel}","templated":true}]}}