{"id":335970,"date":"2022-04-20T19:49:43","date_gmt":"2024-04-19T12:46:41","guid":{"rendered":"https:\/\/www.moskito.cz\/produkt\/solidny-noz-cold-steel-ze-skorzana-szyja-tanto\/"},"modified":"2025-05-07T11:13:05","modified_gmt":"2025-05-07T10:13:05","slug":"solidny-noz-cold-steel-ze-skorzana-szyja-tanto","status":"publish","type":"product","link":"https:\/\/www.moskito.cz\/pl\/produkt\/solidny-noz-cold-steel-ze-skorzana-szyja-tanto\/","title":{"rendered":"Solidny n\u00f3\u017c Cold Steel ze sk\u00f3rzan\u0105 szyj\u0105 TANTO"},"content":{"rendered":"<p>Solidny n\u00f3\u017c <strong>Cold Steel<\/strong> ze sk\u00f3rzan\u0105 szyj\u0105 TANTO.<\/p>\n<p>Gama Cold Steel Leatherneck sk\u0142ada si\u0119 z dw\u00f3ch r\u00f3\u017cnych i kultowych styl\u00f3w ostrzy, z kt\u00f3rych oba okaza\u0142y si\u0119 niezwykle popularne w\u015br\u00f3d naszych braci i si\u00f3str w si\u0142ach zbrojnych: Leatherneck-SF (dla Semper-Fi) charakteryzuje si\u0119 pi\u0119kn\u0105, r\u0119cznie szlifowan\u0105 szabl\u0105. Szlifowane ostrze Clip Point i Leatherneck Tanto jest wyposa\u017cone w nasze charakterystyczne ostrze Cold Steel \u201eAmerican Tanto\u201d z solidnie wzmocnion\u0105 ko\u0144c\u00f3wk\u0105 zapewniaj\u0105c\u0105 dodatkow\u0105 wytrzyma\u0142o\u015b\u0107. Obydwa s\u0105 wykonane z wytrzyma\u0142ej stali narz\u0119dziowej D2 z antyrefleksyjn\u0105 czarn\u0105 pow\u0142ok\u0105 proszkow\u0105. Aby zapobiec przesuwaniu si\u0119 palc\u00f3w u\u017cytkownika do przodu po ostrej kraw\u0119dzi, Leathernecks s\u0105 wyposa\u017cone w solidn\u0105 stalow\u0105 os\u0142on\u0119 z podw\u00f3jnym kolcem. Chwyty wykonane s\u0105 z Kray-Ex\u2122 w g\u0142\u0119bok\u0105 kratk\u0119, kt\u00f3ra ca\u0142kowicie zakrywa bardzo szerokie, w pe\u0142ni sk\u00f3rzane gryfy. R\u0119koje\u015b\u0107 Leatherneck jest wyko\u0144czona grub\u0105, obrobion\u0105 maszynowo stalow\u0105 nasadk\u0105 (nie jest to tani odlew lub plastik, jak niekt\u00f3re inne na rynku), dzi\u0119ki czemu w sytuacji awaryjnej mo\u017ce s\u0142u\u017cy\u0107 jako m\u0142otek! Aby zapewni\u0107 bezpieczne i wygodne noszenie no\u017cy Leatherneck, ka\u017cde ostrze jest wyposa\u017cone w wytrzyma\u0142\u0105 i wszechstronn\u0105 pochw\u0119 Secure-Ex w stylu wojskowym z ca\u0142kowicie zdejmowan\u0105 i odwracaln\u0105 szlufk\u0105.<\/p>\n<p>PARAMETRY PRODUKTU<br \/>\nMateria\u0142 r\u0119koje\u015bci: D\u0142ugi Griv-Ex\u2122<br \/>\nCzarny kolor<br \/>\nStal: niemiecka stal D2 z czarn\u0105 pow\u0142ok\u0105 proszkow\u0105<br \/>\nWaga: 345,86 g<br \/>\nGrubo\u015b\u0107 ostrza: 5 mm<br \/>\nD\u0142ugo\u015b\u0107 r\u0105czki: 123 mm<br \/>\nD\u0142ugo\u015b\u0107 ostrza: 180 mm<br \/>\nRozmiar ca\u0142kowity: 303 mm<br \/>\nMateria\u0142 os\u0142ony: os\u0142ona Secure-Ex\u00ae<\/p>\n<p>Seria Cold Steel Leatherneck sk\u0142ada si\u0119 z dw\u00f3ch r\u00f3\u017cnych i kultowych styl\u00f3w ostrzy, z kt\u00f3rych oba okaza\u0142y si\u0119 wyj\u0105tkowo popularne w\u015br\u00f3d naszych braci i si\u00f3str w si\u0142ach zbrojnych: Leatherneck-SF (dla Semper-Fi) ma pi\u0119kn\u0105, r\u0119cznie ostrzon\u0105 szabl\u0119 szlifowane ostrze typu Clip Point, a Leatherneck Tanto jest wyposa\u017cone w nasze charakterystyczne ostrze Cold Steel \u201eAmerican Tanto\u201d z mocnym, wzmocnionym czubkiem zapewniaj\u0105cym dodatkow\u0105 wytrzyma\u0142o\u015b\u0107. Obydwa s\u0105 wykonane z wytrzyma\u0142ej stali narz\u0119dziowej D2 z nieodblaskowym czarnym wyko\u0144czeniem proszkowym. Aby palce u\u017cytkownika nie ze\u015blizgiwa\u0142y si\u0119 do przodu na ich ostr\u0105 kraw\u0119d\u017a, Leathernecks s\u0105 wyposa\u017cone w solidn\u0105 stalow\u0105 os\u0142on\u0119 z podw\u00f3jnym kolcem. R\u0119koje\u015bci wykonane s\u0105 z Kray-Ex\u2122 w g\u0142\u0119bok\u0105 kratk\u0119, kt\u00f3ra ca\u0142kowicie obejmuje bardzo szerokie, pe\u0142ne trzpienie Leathernecks. R\u0119koje\u015b\u0107 Leathernecka jest zamkni\u0119ta grub\u0105, obrobion\u0105 maszynowo stalow\u0105 nasadk\u0105 (nie jest to tani odlew lub plastik, jak niekt\u00f3re inne na rynku), dzi\u0119ki czemu w sytuacji awaryjnej mog\u0105 nawet s\u0142u\u017cy\u0107 jako m\u0142otek! Aby bezpiecznie i wygodnie nosi\u0107 no\u017ce Leatherneck, ka\u017cde ostrze jest wyposa\u017cone w solidn\u0105 i wszechstronn\u0105 pochw\u0119 Secure-Ex w stylu wojskowym z ca\u0142kowicie odpinan\u0105, obur\u0119czn\u0105 szlufk\u0105.<\/p>\n<p>Waga: 12,2 uncji Grubo\u015b\u0107 ostrza: 5 mm D\u0142ugo\u015b\u0107 ostrza: 7 cali Stal: niemiecka stal D2 z czarn\u0105 pow\u0142ok\u0105 proszkow\u0105 D\u0142ugo\u015b\u0107 r\u0119koje\u015bci\/materia\u0142: 5 cali Ca\u0142kowita d\u0142ugo\u015b\u0107 Griv-Ex\u2122: 12 cali Dodatkowe funkcje: Pochwa Secure-Ex\u00ae<\/p>\n","protected":false},"excerpt":{"rendered":"<p>Leatherneck Tanto firmy COLD STEEL to n\u00f3\u017c polowy ze sta\u0142\u0105 kling\u0105. Ten scyzoryk powsta\u0142 jako ho\u0142d dla Korpusu Piechoty Morskiej Stan\u00f3w Zjednoczonych.<\/p>\n","protected":false},"featured_media":335971,"comment_status":"open","ping_status":"closed","template":"","meta":[],"pwb-brand":[3596],"product_brand":[],"product_cat":[3296,3297],"product_tag":[],"class_list":{"0":"post-335970","1":"product","2":"type-product","3":"status-publish","4":"has-post-thumbnail","6":"pwb-brand-zimna-stal","7":"product_cat-noze-pl","8":"product_cat-solidne-noze","10":"first","11":"outofstock","12":"taxable","13":"shipping-taxable","14":"purchasable","15":"product-type-simple"},"brands":[{"id":3596,"name":"Zimna stal","slug":"zimna-stal"}],"_links":{"self":[{"href":"https:\/\/www.moskito.cz\/pl\/wp-json\/wp\/v2\/product\/335970","targetHints":{"allow":["GET"]}}],"collection":[{"href":"https:\/\/www.moskito.cz\/pl\/wp-json\/wp\/v2\/product"}],"about":[{"href":"https:\/\/www.moskito.cz\/pl\/wp-json\/wp\/v2\/types\/product"}],"replies":[{"embeddable":true,"href":"https:\/\/www.moskito.cz\/pl\/wp-json\/wp\/v2\/comments?post=335970"}],"wp:featuredmedia":[{"embeddable":true,"href":"https:\/\/www.moskito.cz\/pl\/wp-json\/wp\/v2\/media\/335971"}],"wp:attachment":[{"href":"https:\/\/www.moskito.cz\/pl\/wp-json\/wp\/v2\/media?parent=335970"}],"wp:term":[{"taxonomy":"pwb-brand","embeddable":true,"href":"https:\/\/www.moskito.cz\/pl\/wp-json\/wp\/v2\/pwb-brand?post=335970"},{"taxonomy":"product_brand","embeddable":true,"href":"https:\/\/www.moskito.cz\/pl\/wp-json\/wp\/v2\/product_brand?post=335970"},{"taxonomy":"product_cat","embeddable":true,"href":"https:\/\/www.moskito.cz\/pl\/wp-json\/wp\/v2\/product_cat?post=335970"},{"taxonomy":"product_tag","embeddable":true,"href":"https:\/\/www.moskito.cz\/pl\/wp-json\/wp\/v2\/product_tag?post=335970"}],"curies":[{"name":"wp","href":"https:\/\/api.w.org\/{rel}","templated":true}]}}