{"id":335994,"date":"2022-11-24T22:24:53","date_gmt":"2024-04-19T13:07:17","guid":{"rendered":"https:\/\/www.moskito.cz\/produkt\/noz-zamykany-extrema-ratio-mf1-black-ruvido\/"},"modified":"2025-05-07T11:13:06","modified_gmt":"2025-05-07T10:13:06","slug":"noz-zamykany-extrema-ratio-mf1-black-ruvido","status":"publish","type":"product","link":"https:\/\/www.moskito.cz\/pl\/produkt\/noz-zamykany-extrema-ratio-mf1-black-ruvido\/","title":{"rendered":"N\u00f3\u017c zamykany Extrema Ratio MF1 BLACK RUVIDO"},"content":{"rendered":"<p>N\u00f3\u017c zamykany <strong>Extrema Ratio<\/strong> MF1 BLACK RUVIDO.<\/p>\n<p>Wszystko, co zosta\u0142o powiedziane o serii MF, dotyczy modelu MF1. Jego wariant, MF1 BC (\u201ePrzecinak do pas\u00f3w\u201d) ma wbudowany przecinak do pas\u00f3w w r\u0119koje\u015bci, zaprojektowany tak, aby pomie\u015bci\u0107 standardowe ostrze tn\u0105ce klasy przemys\u0142owej, kt\u00f3re mo\u017cna \u0142atwo wymieni\u0107. Posiada r\u00f3wnie\u017c wbudowany \u015brubokr\u0119t umo\u017cliwiaj\u0105cy regulacj\u0119 optyki broni. Ta wersja ma szorstk\u0105 r\u0119koje\u015b\u0107 zapewniaj\u0105c\u0105 lepszy chwyt.<\/p>\n<p>WAGA G: 166<br \/>\nWAGA UNCJI: 5,9<br \/>\nD\u0141UGO\u015a\u0106 OSTRZA (MM): 92<br \/>\nD\u0141UGO\u015a\u0106 OSTRZA (CALE): 3,6<br \/>\nD\u0141UGO\u015a\u0106 CA\u0141KOWITA (MM): 227<br \/>\nD\u0141UGO\u015a\u0106 CA\u0141KOWITA (CALE): 8,9<br \/>\nGRUBO\u015a\u0106 OSTRZA (MM): 4<br \/>\nGRUBO\u015a\u0106 OSTRZY (CALE): 0,16<br \/>\nMATERIA\u0141 OSTRZA: STAL B\u00d6HLER N690 (58HRC)<br \/>\nOBR\u00d3BKA POWIERZCHNI OSTRZY: POGULOWANIE MIL-C-13924<br \/>\nSIATKA G\u0141\u00d3WNA: P\u0141ASKA<br \/>\nMATERIA\u0141 UCHWYTU: ALUMINIUM ANODOWANE PRZECIWKOROZYJNIE<\/p>\n","protected":false},"excerpt":{"rendered":"<p><strong>Firma Extrema Ratio<\/strong> z siedzib\u0105 w Prato we W\u0142oszech projektuje i produkuje wysokiej jako\u015bci no\u017ce bojowe, wojskowe, kuchenne, my\u015bliwskie i taktyczne od 1997 roku i cieszy si\u0119 reputacj\u0105 dzi\u0119ki najwy\u017cszej jako\u015bci, kt\u00f3ra nie ma sobie r\u00f3wnych w bran\u017cy no\u017cy wojskowych i taktycznych. <strong>Bezp\u0142atny transport.<\/strong><\/p>\n","protected":false},"featured_media":335995,"comment_status":"open","ping_status":"closed","template":"","meta":[],"pwb-brand":[3666],"product_brand":[],"product_cat":[3296,3307],"product_tag":[3671],"class_list":{"0":"post-335994","1":"product","2":"type-product","3":"status-publish","4":"has-post-thumbnail","6":"pwb-brand-stosunek-ekstremow","7":"product_cat-noze-pl","8":"product_cat-zamykanie-nozy","9":"product_tag-b2b-pl","11":"first","12":"instock","13":"taxable","14":"shipping-taxable","15":"purchasable","16":"product-type-simple"},"brands":[{"id":3666,"name":"Stosunek ekstrem\u00f3w","slug":"stosunek-ekstremow"}],"_links":{"self":[{"href":"https:\/\/www.moskito.cz\/pl\/wp-json\/wp\/v2\/product\/335994","targetHints":{"allow":["GET"]}}],"collection":[{"href":"https:\/\/www.moskito.cz\/pl\/wp-json\/wp\/v2\/product"}],"about":[{"href":"https:\/\/www.moskito.cz\/pl\/wp-json\/wp\/v2\/types\/product"}],"replies":[{"embeddable":true,"href":"https:\/\/www.moskito.cz\/pl\/wp-json\/wp\/v2\/comments?post=335994"}],"wp:featuredmedia":[{"embeddable":true,"href":"https:\/\/www.moskito.cz\/pl\/wp-json\/wp\/v2\/media\/335995"}],"wp:attachment":[{"href":"https:\/\/www.moskito.cz\/pl\/wp-json\/wp\/v2\/media?parent=335994"}],"wp:term":[{"taxonomy":"pwb-brand","embeddable":true,"href":"https:\/\/www.moskito.cz\/pl\/wp-json\/wp\/v2\/pwb-brand?post=335994"},{"taxonomy":"product_brand","embeddable":true,"href":"https:\/\/www.moskito.cz\/pl\/wp-json\/wp\/v2\/product_brand?post=335994"},{"taxonomy":"product_cat","embeddable":true,"href":"https:\/\/www.moskito.cz\/pl\/wp-json\/wp\/v2\/product_cat?post=335994"},{"taxonomy":"product_tag","embeddable":true,"href":"https:\/\/www.moskito.cz\/pl\/wp-json\/wp\/v2\/product_tag?post=335994"}],"curies":[{"name":"wp","href":"https:\/\/api.w.org\/{rel}","templated":true}]}}